{"id":111,"date":"2024-09-02T15:17:55","date_gmt":"2024-09-02T18:17:55","guid":{"rendered":"https:\/\/pos.uel.br\/ciencia-da-computacao\/?page_id=111"},"modified":"2025-05-28T16:02:39","modified_gmt":"2025-05-28T19:02:39","slug":"proeficiencia","status":"publish","type":"page","link":"https:\/\/pos.uel.br\/ciencia-da-computacao\/proeficiencia\/","title":{"rendered":"Profici\u00eancia em L\u00edngua Estrangeira"},"content":{"rendered":"\n<p>As regras para profici\u00eancia em l\u00edngua estrangeira no Programa de Mestrado em Ci\u00eancia da Computa\u00e7\u00e3o s\u00e3o definidas na <a href=\"http:\/\/www.uel.br\/cce\/dc\/wp-content\/uploads\/Regimento-PPG-Ci%C3%AAncia-Computa%C3%A7%C3%A3o-Resolu%C3%A7%C3%A3o-CEPE-94-2018.pdf\" data-type=\"link\" data-id=\"http:\/\/www.uel.br\/cce\/dc\/wp-content\/uploads\/Regimento-PPG-Ci%C3%AAncia-Computa%C3%A7%C3%A3o-Resolu%C3%A7%C3%A3o-CEPE-94-2018.pdf\">Resolu\u00e7\u00e3o CEPE 94\/2018<\/a> e na <a href=\"https:\/\/pos.uel.br\/ciencia-da-computacao\/wp-content\/uploads\/2025\/02\/2023_29.pdf\">Resolu\u00e7\u00e3o CEPE 029\/2023<\/a>. \u00c9 importante refor\u00e7ar que o certificado de profici\u00eancia em ingl\u00eas deve ser entregue pelo estudante at\u00e9 a data do seu exame de qualifica\u00e7\u00e3o.<\/p>\n\n\n\n<h3 class=\"wp-block-heading\"><strong>Exames de profici\u00eancia em ingl\u00eas aceitos<\/strong><\/h3>\n\n\n\n<figure class=\"wp-block-table\"><table class=\"has-fixed-layout\"><tbody><tr><td><strong>Exame de profici\u00eancia<\/strong><\/td><td><strong>Nota m\u00ednima<\/strong><\/td><\/tr><tr><td>TOEFL &#8211; Test of English as a Foreign Language (PAPER)<\/td><td>437 pontos<\/td><\/tr><tr><td>TOEFL &#8211; Test of English as a Foreign Language (CBT)<\/td><td>123 pontos<\/td><\/tr><tr><td>TOEFL &#8211; Test of English as a Foreign Language (IBT)<\/td><td>41 pontos<\/td><\/tr><tr><td>TOEFL &#8211; Test of English as a Foreign Language (ITP)<\/td><td>460 pontos<\/td><\/tr><tr><td>Cambridge CAE (Certificate in Advanced English da ESOL da Universidade de Cambridge)<\/td><td>aprova\u00e7\u00e3o<\/td><\/tr><tr><td>Cambridge CPE (Certificate of Proficiency in English da ESOL da Universidade de Cambridge)<\/td><td>aprova\u00e7\u00e3o<\/td><\/tr><tr><td>Cambridge FCE (First Certificate in English)<\/td><td>B2<\/td><\/tr><tr><td>IELTS &#8211; International English Language Test System<\/td><td>4,0<\/td><\/tr><tr><td>TOEIC &#8211; Test of English for International Communication<\/td><td>405 pontos<\/td><\/tr><tr><td><a href=\"https:\/\/uniaocultural.org.br\/exame-de-proficiencia\/\" data-type=\"link\" data-id=\"https:\/\/uniaocultural.org.br\/exame-de-proficiencia\/\">Uni\u00e3o Cultural <\/a><\/td><td>60% &#8211; n\u00edvel B1<\/td><\/tr><tr><td><a href=\"https:\/\/www.teseprime.com.br\/produto\/leitura-de-textos-academicos-em-ingles\/\" data-type=\"link\" data-id=\"https:\/\/www.teseprime.com.br\/produto\/leitura-de-textos-academicos-em-ingles\/\">TEAP (Test of English for Academic Purposes) &#8211; Exatas\/Tecnol\u00f3gicas<\/a><\/td><td>60<\/td><\/tr><tr><td><a href=\"https:\/\/www.proficienciadlle.com\/novo\/home\/index\">EPLE (DLLE\/UFSC)<\/a><\/td><td>70%<\/td><\/tr><\/tbody><\/table><\/figure>\n\n\n\n<p><strong>Importante:<\/strong>&nbsp;Quando o estudante tiver realizado o teste e obtido a pontua\u00e7\u00e3o m\u00ednima exigida, deve enviar um e-mail \u00e0 coordena\u00e7\u00e3o (mcc@uel.br) requisitando o deferimento do teste realizado. Neste e-mail, o estudante deve encaminhar uma c\u00f3pia do certificado oficial que demonstre o teste realizado, a data de realiza\u00e7\u00e3o e a pontua\u00e7\u00e3o atingida. O deferimento do teste de profici\u00eancia em ingl\u00eas \u00e9 necess\u00e1rio para que o estudante possa realizar o exame de qualifica\u00e7\u00e3o.&nbsp;<\/p>\n","protected":false},"excerpt":{"rendered":"<p>As regras para profici\u00eancia em l\u00edngua estrangeira no Programa de Mestrado em Ci\u00eancia da Computa\u00e7\u00e3o s\u00e3o definidas na Resolu\u00e7\u00e3o CEPE 94\/2018 e na Resolu\u00e7\u00e3o CEPE 029\/2023. \u00c9 importante refor\u00e7ar que o certificado de profici\u00eancia em ingl\u00eas deve ser entregue pelo estudante at\u00e9 a data do seu exame de qualifica\u00e7\u00e3o. Exames de profici\u00eancia em ingl\u00eas aceitos [&hellip;]<\/p>\n","protected":false},"author":7,"featured_media":0,"parent":0,"menu_order":0,"comment_status":"closed","ping_status":"closed","template":"","meta":{"_acf_changed":false,"footnotes":""},"class_list":["post-111","page","type-page","status-publish","hentry"],"acf":[],"_links":{"self":[{"href":"https:\/\/pos.uel.br\/ciencia-da-computacao\/wp-json\/wp\/v2\/pages\/111","targetHints":{"allow":["GET"]}}],"collection":[{"href":"https:\/\/pos.uel.br\/ciencia-da-computacao\/wp-json\/wp\/v2\/pages"}],"about":[{"href":"https:\/\/pos.uel.br\/ciencia-da-computacao\/wp-json\/wp\/v2\/types\/page"}],"author":[{"embeddable":true,"href":"https:\/\/pos.uel.br\/ciencia-da-computacao\/wp-json\/wp\/v2\/users\/7"}],"replies":[{"embeddable":true,"href":"https:\/\/pos.uel.br\/ciencia-da-computacao\/wp-json\/wp\/v2\/comments?post=111"}],"version-history":[{"count":8,"href":"https:\/\/pos.uel.br\/ciencia-da-computacao\/wp-json\/wp\/v2\/pages\/111\/revisions"}],"predecessor-version":[{"id":344,"href":"https:\/\/pos.uel.br\/ciencia-da-computacao\/wp-json\/wp\/v2\/pages\/111\/revisions\/344"}],"wp:attachment":[{"href":"https:\/\/pos.uel.br\/ciencia-da-computacao\/wp-json\/wp\/v2\/media?parent=111"}],"curies":[{"name":"wp","href":"https:\/\/api.w.org\/{rel}","templated":true}]}}