{"id":105,"date":"2024-09-02T15:14:11","date_gmt":"2024-09-02T18:14:11","guid":{"rendered":"https:\/\/pos.uel.br\/ciencia-da-computacao\/?page_id=105"},"modified":"2026-04-16T16:12:29","modified_gmt":"2026-04-16T19:12:29","slug":"defesas","status":"publish","type":"page","link":"https:\/\/pos.uel.br\/ciencia-da-computacao\/defesas\/","title":{"rendered":"Defesas Realizadas"},"content":{"rendered":"\n<p>Defesas em ordem cronol\u00f3gica.<\/p>\n\n\n\n<figure class=\"wp-block-table\"><table class=\"has-fixed-layout\"><tbody><tr><td><strong>&nbsp;#<\/strong><\/td><td><strong>Aluno<\/strong><\/td><td><strong>Orientador<\/strong><\/td><td><strong>Data<\/strong><\/td><\/tr><tr><td>150<\/td><td>Luiz Fernando Pereira Nunes<\/td><td>Dr. Andr\u00e9 Luis Andrade Menolli<\/td><td>13\/04\/2026<\/td><\/tr><tr><td>149<\/td><td>Vagner Mantovani<\/td><td>Dr. Rodolfo Miranda de Barros<\/td><td>06\/04\/2026<\/td><\/tr><tr><td>148<\/td><td>Luiz Carlos Garanhani Junior<\/td><td>Dr. Rodolfo Miranda de Barros<\/td><td>06\/04\/2026<\/td><\/tr><tr><td>147<\/td><td>Fabio Aparecido Gaspar<\/td><td>Dr. Rodolfo Miranda de Barros<\/td><td>29\/08\/2025<\/td><\/tr><tr><td>146<\/td><td>Mois\u00e9s de Sousa Galian<\/td><td>Dr. Rodolfo Miranda de Barros<\/td><td>27\/08\/2025<\/td><\/tr><tr><td>145<\/td><td>Laura Tejada Vergara<\/td><td>Dra. Vanessa Tavares de Oliveira Barros<\/td><td>25\/08\/2025<\/td><\/tr><tr><td>144<\/td><td>Luca Biagini<\/td><td>Dr. Rodolfo Miranda de Barros<\/td><td>25\/08\/2025<\/td><\/tr><tr><td>143<\/td><td>Rafael Furlanetto Casamaximo<\/td><td>Dr. Alan Salvany Felinto<\/td><td>18\/07\/2025<\/td><\/tr><tr><td>142<\/td><td>Pedro Zaffalon da Silva<\/td><td>Dr. Wesley Attrot\/Dra. Helen Cristina de M. Senefonte<\/td><td>10\/07\/2025<\/td><\/tr><tr><td>141<\/td><td>Blenda Oliveira Mazetto<\/td><td>Dr. Bruno Bogaz Zarpel\u00e3o<\/td><td>01\/07\/2025<\/td><\/tr><tr><td>140<\/td><td>Jo\u00e3o Felipe Pavret Michels<\/td><td>Dra. Cinthyan Renata S.C. Barbosa<\/td><td>30\/06\/2025<\/td><\/tr><tr><td>139<\/td><td>Vitor Gabriel da Silva Ruffo<\/td><td>Dr. Mario Lemes Proen\u00e7a Jr.<\/td><td>14\/04\/2025<\/td><\/tr><tr><td>138<\/td><td>Luana Pereira dos Reis<\/td><td>Dr. Daniel dos Santos Kaster<\/td><td>28\/03\/2025<\/td><\/tr><tr><td>137<\/td><td>Bruno Henrique Strik<\/td><td>Dr. Andr\u00e9 Luis Andrade Menolli<\/td><td>26\/03\/2025<\/td><\/tr><tr><td>136<\/td><td>Guilherme Yukio Sakurai<\/td><td>Dr. Bruno Bogaz Zarpel\u00e3o\/Dr . Sylvio Barbon Junior<\/td><td>04\/02\/2025<\/td><\/tr><tr><td>135<\/td><td>Gabriel Esteves Messas<\/td><td>Dr. Bruno Bogaz Zarpel\u00e3o<\/td><td>13\/12\/2024<\/td><\/tr><tr><td>134<\/td><td>Rildo Antonio de Souza<\/td><td>Dr. Bruno Bogaz Zarpel\u00e3o<\/td><td>09\/12\/2024<\/td><\/tr><tr><td>133<\/td><td>Deniz Faccin<\/td><td>Dr. Rodolfo Miranda de Barros<\/td><td>30\/09\/2024<\/td><\/tr><tr><td>132<\/td><td>Jos\u00e9 Eduardo Santana<\/td><td>Dr. Rodolfo Miranda de Barros<\/td><td>30\/09\/2024<\/td><\/tr><tr><td>131<\/td><td>Vitor de Castro Silva<\/td><td>Dr. Bruno B. Zarpel\u00e3o\/Dr. Sylvio Barbon Jr.<\/td><td>26\/04\/2024<\/td><\/tr><tr><td>130<\/td><td>Gustavo Marcelino Dionisio<\/td><td>Dr. Andr\u00e9 Luis Andrade Menolli<\/td><td>04\/04\/2024<\/td><\/tr><tr><td>129<\/td><td>Gabriel Vazarin Peres<\/td><td>Dra. Vanessa Tavares de Oliveira Barros<\/td><td>28\/02\/2024<\/td><\/tr><tr><td>128<\/td><td>Marcus Vinicius Alencar Terra<\/td><td>Dr. Rodolfo Miranda de Barros<\/td><td>28\/02\/2024<\/td><\/tr><tr><td>127<\/td><td>Gabriel Keith Tazima<\/td><td>Dr. Bruno Bogaz Zarpel\u00e3o<\/td><td>25\/01\/2024<\/td><\/tr><tr><td>126<\/td><td>Edson Luiz Pilati Filho<\/td><td>Dr. Jacques Du\u00edlio Brancher<\/td><td>29\/09\/2023<\/td><\/tr><tr><td>125<\/td><td>Henrique Cristov\u00e3o de Souza<\/td><td>Dr. Alan Salvany Felinto<\/td><td>31\/08\/2023<\/td><\/tr><tr><td>124<\/td><td>Rafael Figueira Gon\u00e7alves<\/td><td>Dr. ANDRE LUIS ANDRADE MENOLLI<\/td><td>15\/03\/2023<\/td><\/tr><tr><td>123<\/td><td>Jos\u00e9 Luiz Vilela Marcondes Mioni<\/td><td>Dra. Cinthyan Renata S.C. Barbosa<\/td><td>27\/02\/2023<\/td><\/tr><tr><td>122<\/td><td>Daniel Matheus Brand\u00e3o Lent<\/td><td>Dr. Mario Lemes Proen\u00e7a Jr.<\/td><td>31\/01\/2023<\/td><\/tr><tr><td>121<\/td><td>Thiago Magalh\u00e3es Zampieri<\/td><td>Dr. Rodolfo Miranda de Barros<\/td><td>16\/12\/2022<\/td><\/tr><tr><td>120<\/td><td>Fernando Henrique Yoshiaki Nakagawa<\/td><td>Dr. Bruno Bogaz Zarpel\u00e3o<\/td><td>12\/12\/2022<\/td><\/tr><tr><td>119<\/td><td>Francyelcyo Pussi Farias<\/td><td>Dr. Rodolfo Miranda de Barros<\/td><td>11\/11\/2022<\/td><\/tr><tr><td>118<\/td><td>Vin\u00edcius Eiji Marins&nbsp;<\/td><td>Dr. Sylvio Barbon Jr.<\/td><td>11\/03\/2022<\/td><\/tr><tr><td>117<\/td><td>Miguel Henrique Senegalha de Souza<\/td><td>Dr. Rodolfo Miranda de Barros<\/td><td>15\/12\/2021<\/td><\/tr><tr><td>116<\/td><td>Gustavo Frigo Scaranti<\/td><td>Dr. Mario Lemes Proen\u00e7a Jr.<\/td><td>08\/06\/2021<\/td><\/tr><tr><td>115<\/td><td>Murilo Caminotto Barbosa<\/td><td>Dr. Alan Salvany Felinto<\/td><td>16\/04\/2021<\/td><\/tr><tr><td>114<\/td><td>Rafael Seidi Oyamada<\/td><td>Dr. Daniel dos Santos Kaster<\/td><td>16\/04\/2021<\/td><\/tr><tr><td>113<\/td><td>Mariani Margarita Bento<\/td><td>Dr. Jacques Du\u00edlio Brancher<\/td><td>09\/04\/2021<\/td><\/tr><tr><td>112<\/td><td>Maur\u00edlio Martins Campano Junior<\/td><td>Dr. Alan Salvany Felinto<\/td><td>07\/04\/2021<\/td><\/tr><tr><td>111<\/td><td>Hugo Queiroz Abonizio<\/td><td>Dr. Sylvio Barbon Jr.<\/td><td>26\/02\/2021<\/td><\/tr><tr><td>110<\/td><td>Carolinne Roque E Faria<\/td><td>Dra. Cinthyan Renata S.C. Barbosa<\/td><td>25\/02\/2021<\/td><\/tr><tr><td>109<\/td><td>Everton Jos\u00e9 Santana<\/td><td>Dr. Sylvio Barbon Jr.<\/td><td>18\/02\/2021<\/td><\/tr><tr><td>108<\/td><td>Bruno Carazato de Oliveira&nbsp;<\/td><td>Dr. Rodolfo Miranda de Barros<\/td><td>02\/10\/2020<\/td><\/tr><tr><td>107<\/td><td>Janaina Ign\u00e1cio de Morais<\/td><td>Dr. Sylvio Barbon Jr.<\/td><td>14\/08\/2020<\/td><\/tr><tr><td>106<\/td><td>Yago Henrique Pereira<\/td><td>Dr. Jacques Du\u00edlio Brancher<\/td><td>05\/08\/2020<\/td><\/tr><tr><td>105<\/td><td>Renato Toshio Kuroe<\/td><td>Dr. Jacques Du\u00edlio Brancher<\/td><td>23\/07\/2020<\/td><\/tr><tr><td>105<\/td><td>Camila Sonoda Gomes<\/td><td>Dr. Adilson Luiz Bonif\u00e1cio<\/td><td>16\/04\/2020<\/td><\/tr><tr><td>104<\/td><td>Gabriel Jonas Aguiar<\/td><td>Dr. Sylvio Barbon Jr.<\/td><td>19\/03\/2020<\/td><\/tr><tr><td>103<\/td><td>Arthur Alexandre Artoni<\/td><td>Dra. Cinthyan Renata S.C. Barbosa<\/td><td>27\/02\/2020<\/td><\/tr><tr><td>102<\/td><td>Leonardo Santiago Sidon da Rocha<\/td><td>Dr. Rodolfo Miranda de Barros<\/td><td>30\/08\/2019<\/td><\/tr><tr><td>101<\/td><td>Wesley Viana Pereira<\/td><td>Dr. Rodolfo Miranda de Barros<\/td><td>30\/08\/2019<\/td><\/tr><tr><td>100<\/td><td>J\u00e9ssica Fernanda Lopes<\/td><td>Dr. Sylvio Barbon Jr.<\/td><td>26\/08\/2019<\/td><\/tr><tr><td>99<\/td><td>Matheus Santana da Silva<\/td><td>Dr. Rodolfo Miranda de Barros<\/td><td>23\/08\/2019<\/td><\/tr><tr><td>98<\/td><td>Larissa Capobianco Shimomura<\/td><td>Dr. Daniel S. Kaster<\/td><td>16\/04\/2019<\/td><\/tr><tr><td>97<\/td><td>Lucas Busatta Galhardi<\/td><td>Dr. Jacques Du\u00edlio Brancher<\/td><td>29\/03\/2019<\/td><\/tr><tr><td>96<\/td><td>Vitor Hugo Bezerra<\/td><td>Dr. Bruno Bogaz Zarpel\u00e3o<\/td><td>28\/03\/2019<\/td><\/tr><tr><td>95<\/td><td>Gabriel Marques Tavares<\/td><td>Dr. Sylvio Barbon Jr.<\/td><td>27\/03\/2019<\/td><\/tr><tr><td>94<\/td><td>Vitor Guilherme Turrisi da Costa<\/td><td>Dr. Sylvio Barbon Jr.<\/td><td>27\/03\/2019<\/td><\/tr><tr><td>93<\/td><td>Rafael Lucien Bhr Arias<\/td><td>Dr. Alan Salvany Felinto<\/td><td>21\/03\/2019<\/td><\/tr><tr><td>92<\/td><td>Maria Renata de Mira Gobbo<\/td><td>Dra. Cinthyan Renata S.C. Barbosa<\/td><td>18\/03\/2019<\/td><\/tr><tr><td>91<\/td><td>Mateus Pereira de Novaes<\/td><td>Dr. Mario Lemes Proen\u00e7a Jr.<\/td><td>13\/03\/2019<\/td><\/tr><tr><td>90<\/td><td>Cinara Brenda Zerbini<\/td><td>Dr. Mario Lemes Proen\u00e7a Jr.<\/td><td>28\/02\/2019<\/td><\/tr><tr><td>89<\/td><td>Luis Fernando Kawabata<\/td><td>Dr. Alan Salvany Felinto<\/td><td>26\/02\/2019<\/td><\/tr><tr><td>88<\/td><td>Murilo Crivellari Camargo<\/td><td>Dr. Rodolfo Miranda de Barros<\/td><td>15\/02\/2019<\/td><\/tr><tr><td>87<\/td><td>Wagner Hiroshi Ueno<\/td><td>Dr. Rodolfo Miranda de Barros<\/td><td>08\/02\/2019<\/td><\/tr><tr><td>86<\/td><td>Luiz Antonio Lima Rodrigues<\/td><td>Dr. Jacques Du\u00edlio Brancher<\/td><td>17\/12\/2018<\/td><\/tr><tr><td>85<\/td><td>Pedro Henrique Braga Siqueira<\/td><td>Dr. Daniel S. Kaster<\/td><td>14\/09\/2018<\/td><\/tr><tr><td>84<\/td><td>Eduardo Alves Moraes<\/td><td>Dr. Bruno Bogaz Zarpel\u00e3o<\/td><td>11\/09\/2018<\/td><\/tr><tr><td>83<\/td><td>Gabriel Jesus Vasquez Altamirano<\/td><td>Dr. Bruno Bogaz Zarpel\u00e3o<\/td><td>11\/09\/2018<\/td><\/tr><tr><td>82<\/td><td>Denis Evangelista Sanches<\/td><td>Dr. Daniel S. Kaster<\/td><td>29\/08\/2018<\/td><\/tr><tr><td>81<\/td><td>Luis Fernando Milano Oliveira<\/td><td>Dr. Daniel S. Kaster<\/td><td>27\/04\/2018<\/td><\/tr><tr><td>80<\/td><td>Andr\u00e9 Felipe Bergamim<\/td><td>Dr. Rodolfo Miranda de Barros<\/td><td>26\/04\/2018<\/td><\/tr><tr><td>79<\/td><td>Darlan Dalsasso<\/td><td>Dr. Rodolfo Miranda de Barros<\/td><td>25\/04\/2018<\/td><\/tr><tr><td>78<\/td><td>Ricardo Petri Silva<\/td><td>Dr. Alan Salvany Felinto<\/td><td>06\/04\/2018<\/td><\/tr><tr><td>77<\/td><td>Saulo Martiello Mastelini<\/td><td>Dr. Sylvio Barbon Jr.<\/td><td>27\/02\/2018<\/td><\/tr><tr><td>76<\/td><td>Gustavo Taiji Naozuka<\/td><td>Dr. Alan Salvany Felinto<\/td><td>22\/02\/2018<\/td><\/tr><tr><td>75<\/td><td>Felipe Oliveira Sim\u00f5es<\/td><td>Dr. Jacques Du\u00edlio Brancher<\/td><td>13\/12\/2017<\/td><\/tr><tr><td>74<\/td><td>Jo\u00e3o Maur\u00edcio Hyp\u00f3lito<\/td><td>Dr. Rodolfo Miranda de Barros<\/td><td>06\/09\/2017<\/td><\/tr><tr><td>73<\/td><td>Ronan Anacleto Lopes<\/td><td>Dr. Jacques Du\u00edlio Brancher<\/td><td>28\/07\/2017<\/td><\/tr><tr><td>72<\/td><td>F\u00e1bio Carlos Moreno<\/td><td>Dra. Cinthyan Renata S.C. Barbosa<\/td><td>28\/06\/2017<\/td><\/tr><tr><td>71<\/td><td>Anderson Paulo \u00c1vila Santos<\/td><td>Dr. Evandro Bacarin<\/td><td>26\/05\/2017<\/td><\/tr><tr><td>70<\/td><td>Fadir Salmen<\/td><td>Dr. Mario Lemes Proen\u00e7a Jr.<\/td><td>03\/04\/2017<\/td><\/tr><tr><td>69<\/td><td>\u00c9der Diego de Oliveira<\/td><td>Dr. Rodolfo Miranda de Barros<\/td><td>29\/03\/2017<\/td><\/tr><tr><td>68<\/td><td>Cl\u00e1udio Toshio Kawakani<\/td><td>Dr. Bruno Bogaz Zarpel\u00e3o<\/td><td>27\/03\/2017<\/td><\/tr><tr><td>67<\/td><td>Vanessa Matias Leite<\/td><td>Dra. Jandira Guenka Palma<\/td><td>22\/03\/2017<\/td><\/tr><tr><td>66<\/td><td>Anderson Hiroshi Hamamoto<\/td><td>Dr. M\u00e1rio Lemes Proen\u00e7a Jr.<\/td><td>14\/03\/2017<\/td><\/tr><tr><td>65<\/td><td>Marcelo Pereira da Silva<\/td><td>Dr. Jacques Du\u00edlio Brancher<\/td><td>17\/02\/2017<\/td><\/tr><tr><td>64<\/td><td>Estef\u00e2nia Mayumi Fuzyi<\/td><td>Dr. Sylvio Barbon Jr.<\/td><td>14\/02\/2017<\/td><\/tr><tr><td>63<\/td><td>Alex Marino Gon\u00e7alves de Almeida<\/td><td>Dr. Sylvio Barbon Jr.<\/td><td>22\/12\/2016<\/td><\/tr><tr><td>62<\/td><td>Gabriel Fillipe Centini Campos<\/td><td>Dr. Sylvio Barbon Jr.<\/td><td>25\/11\/2016<\/td><\/tr><tr><td>61<\/td><td>Wellington Della Mura<\/td><td>Dr. Adilson Bonif\u00e1cio<\/td><td>21\/09\/2016<\/td><\/tr><tr><td>60<\/td><td>Jos\u00e9 Luiz Villas Boas<\/td><td>Dr. Jacques Du\u00edlio Brancher<\/td><td>06\/09\/2016<\/td><\/tr><tr><td>59<\/td><td>Frederico Oldenburg Peres<\/td><td>Dr. Alan Salvany Felinto<\/td><td>27\/08\/2016<\/td><\/tr><tr><td>58<\/td><td>Roger William Co\u00ealho<\/td><td>Dr. Mario Lemes Proen\u00e7a Jr.<\/td><td>27\/06\/2016<\/td><\/tr><tr><td>57<\/td><td>Edison Ant\u00f4nio Sahd Filho<\/td><td>Dr. Rodolfo Miranda de Barros<\/td><td>25\/05\/2016<\/td><\/tr><tr><td>56<\/td><td>Mariana Monteiro Nunes<\/td><td>Dr. Jacques Duilio Brancher<\/td><td>13\/05\/2016<\/td><\/tr><tr><td>55<\/td><td>Pedro Sena Tanaka<\/td><td>Dr. Daniel S. Kaster<\/td><td>11\/05\/2016<\/td><\/tr><tr><td>54<\/td><td>Paulo Roberto galego Hernandes Jr.<\/td><td>Dr. Mario Lemes Proen\u00e7a Jr.<\/td><td>05\/05\/2016<\/td><\/tr><tr><td>53<\/td><td>Marco Ikuro Hisatomi<\/td><td>Dr. Rodolfo Miranda de Barros<\/td><td>05\/05\/2016<\/td><\/tr><tr><td>52<\/td><td>Rafael Thiago da Silva<\/td><td>Dr. Rodolfo Miranda de Barros<\/td><td>13\/04\/2016<\/td><\/tr><tr><td>51<\/td><td>Rodrigo augusto Igawa<\/td><td>Dr. Sylvio Barbon Jr.<\/td><td>07\/04\/2016<\/td><\/tr><tr><td>50<\/td><td>Sean Carlisto de Alvarenga<\/td><td>Dr. Bruno Bogaz Zarpel\u00e3o<\/td><td>06\/04\/2016<\/td><\/tr><tr><td>49<\/td><td>Vin\u00edcius Carvalho Oliveira<\/td><td>Dr. Rodolfo Miranda de Barros<\/td><td>05\/04\/2016<\/td><\/tr><tr><td>48<\/td><td>Wilson Hissamu Shirado<\/td><td>Dra. Jandira G. Palma<\/td><td>02\/03\/2016<\/td><\/tr><tr><td>47<\/td><td>Edson Pacheco<\/td><td>Dr. Rodolfo Miranda de Barros<\/td><td>29\/03\/2016<\/td><\/tr><tr><td>46<\/td><td>Marcelo Fernandes de Luna<\/td><td>Dr. Wesley Attrot<\/td><td>10\/11\/2015<\/td><\/tr><tr><td>45<\/td><td>Felipe Lopes da Silva<\/td><td>Dr. Wesley Attrot<\/td><td>29\/09\/2015<\/td><\/tr><tr><td>44<\/td><td>F\u00e1bio de Sordi Junior<\/td><td>Dr. Jacques Duilio Brancher<\/td><td>11\/08\/2015<\/td><\/tr><tr><td>43<\/td><td>Paulo Henrique de Oliveira<\/td><td>Dr. Daniel S. Kaster<\/td><td>28\/07\/2015<\/td><\/tr><tr><td>42<\/td><td>Marcio de Abreu Moreira<\/td><td>Dra. Jandira G. Palma<\/td><td>09\/06\/2015<\/td><\/tr><tr><td>41<\/td><td>Jos\u00e9 Luis Seixas Junior<\/td><td>Dr. Alan Salvany Felinto<\/td><td>23\/03\/2015<\/td><\/tr><tr><td>40<\/td><td>Andr\u00e9 Giovanni Castaldin<\/td><td>Dr. Alan Salvany Felinto<\/td><td>11\/03\/2015<\/td><\/tr><tr><td>39<\/td><td>Armando Maciel Toda<\/td><td>Dr. Jacques Duilio Brancher<\/td><td>27\/02\/2015<\/td><\/tr><tr><td>38<\/td><td>Luiz Henrique Taconi<\/td><td>Dr. Bruno Bogaz Zarpel\u00e3o<\/td><td>18\/12\/2014<\/td><\/tr><tr><td>37<\/td><td>Everton Gomede<\/td><td>Dr. Rodolfo Miranda de Barros<\/td><td>24\/09\/2014<\/td><\/tr><tr><td>36<\/td><td>Eduardo Henrique Pena Monteiro<\/td><td>Dr. Mario Lemes Proen\u00e7a Jr.<\/td><td>13\/08\/2014<\/td><\/tr><tr><td>35<\/td><td>Estevan Braz Brandt Costa<\/td><td>Dr. Jacques Duilio Brancher<\/td><td>13\/08\/2014<\/td><\/tr><tr><td>34<\/td><td>Rafael de Paula Herrera<\/td><td>Dr. Alan Salvany Felinto<\/td><td>01\/08\/2014<\/td><\/tr><tr><td>33<\/td><td>Leandro Cavalari Soares<\/td><td>Dr. Daniel S. Kaster<\/td><td>30\/04\/2014<\/td><\/tr><tr><td>32<\/td><td>Bruno Omena Mesquita<\/td><td>Dr. Rodolfo Miranda de Barros<\/td><td>27\/02\/2014<\/td><\/tr><tr><td>31<\/td><td>Anderson de Souza Goes<\/td><td>Dr. Rodolfo Miranda de Barros<\/td><td>26\/02\/2014<\/td><\/tr><tr><td>30<\/td><td>Luiz Fernando Carvalho<\/td><td>Dr. Mario Lemes Proen\u00e7a Jr.<\/td><td>26\/02\/2014<\/td><\/tr><tr><td>29<\/td><td>Gilberto Fernandes Junior<\/td><td>Dr. Mario Lemes Proen\u00e7a Jr.<\/td><td>24\/02\/2014<\/td><\/tr><tr><td>28<\/td><td>Marcos Vinicius Oliveira&nbsp;de Assis<\/td><td>Dr. Mario Lemes Proen\u00e7a Jr.<\/td><td>24\/02\/2014<\/td><\/tr><tr><td>27<\/td><td>Fabio Takeshi Matsunaga<\/td><td>Dr. Jacques Duilio Brancher<\/td><td>12\/02\/2014<\/td><\/tr><tr><td>26<\/td><td>Fernando Henrique Gaffo<\/td><td>Dr. Rodolfo Miranda de Barros<\/td><td>16\/09\/2013<\/td><\/tr><tr><td>25<\/td><td>Humberto F. da Luz Jr.<\/td><td>Dr. Rodolfo Miranda de Barros<\/td><td>22\/04\/2013<\/td><\/tr><tr><td>24<\/td><td>Fabio Engel de Camargo<\/td><td>Dr. Taufik Abr\u00e3o<\/td><td>22\/04\/2013<\/td><\/tr><tr><td>23<\/td><td>Gilson Doi Junior<\/td><td>Dr. Adilson Luiz Bonif\u00e1cio<\/td><td>10\/04\/2013<\/td><\/tr><tr><td>22<\/td><td>Alexandro Marcelo Zacaron<\/td><td>Dr. Mario Lemes Proen\u00e7a Jr.<\/td><td>18\/03\/2013<\/td><\/tr><tr><td>21<\/td><td>Marcel Toshio Omori<\/td><td>Dr. Alan Salvany Felinto<\/td><td>22\/02\/2013<\/td><\/tr><tr><td>20<\/td><td>Ricardo In\u00e1cio \u00c1lvares e Silva<\/td><td>Dr. Jacques Duilio Brancher<\/td><td>21\/02\/2013<\/td><\/tr><tr><td>19<\/td><td>Fl\u00e1vio Eduardo Aoki &nbsp;Horita<\/td><td>Dr. Rodolfo Miranda de Barros<\/td><td>20\/02\/2013<\/td><\/tr><tr><td>18<\/td><td>Jos\u00e9 Andre Dorigan<\/td><td>Dr. Rodolfo Miranda de Barros<\/td><td>19\/02\/2013<\/td><\/tr><tr><td>17<\/td><td>Tiago de Souza Sotana<\/td><td>Dr. Jacques Duilio Brancher<\/td><td>30\/01\/2013<\/td><\/tr><tr><td>16<\/td><td>Alvaro Ricieri Castro e Souza<\/td><td>Dr. Taufik Abr\u00e3o<\/td><td>09\/01\/2013<\/td><\/tr><tr><td>15<\/td><td>Gabriel Uliam&nbsp;Brigan\u00f3<\/td><td>Dr. Rodolfo Miranda de Barros<\/td><td>31\/05\/2012<\/td><\/tr><tr><td>14<\/td><td>Marc Antonio V.&nbsp;de Queiroz<\/td><td>Dr. Jacques Duilio Brancher<\/td><td>11\/04\/2012<\/td><\/tr><tr><td>13<\/td><td>Mario Henrique A. C. Adaniya<\/td><td>Dr. Mario Lemes Proen\u00e7a Jr.<\/td><td>15\/02\/2012<\/td><\/tr><tr><td>12<\/td><td>Marcio Rodrigo Santos<\/td><td>Dr. Wesley Attrot<\/td><td>18\/11\/2011<\/td><\/tr><tr><td>11<\/td><td>Simone Tanaka<\/td><td>Dr. Rodolfo M. Barros<\/td><td>19\/10\/2011<\/td><\/tr><tr><td>10<\/td><td>Helder C. Belan<\/td><td>Dra. Jandira G. Palma<\/td><td>29\/09\/2011<\/td><\/tr><tr><td>&nbsp;9<\/td><td>Fabricio Ferracioli<\/td><td>Dra. Maria Ang\u00e9lica O. C. Brunetto<\/td><td>09\/09\/2011<\/td><\/tr><tr><td>&nbsp;8<\/td><td>Fernando M Luiz\u00e3o<\/td><td>Dra. Jandira G. Palma<\/td><td>17\/08\/2011<\/td><\/tr><tr><td>&nbsp;7<\/td><td>Paulo Roberto Silla<\/td><td>Dra. Maria Ang\u00e9lica O. C. Brunetto<\/td><td>20\/06\/2011<\/td><\/tr><tr><td>&nbsp;6<\/td><td>Felipe Haddad Manfio<\/td><td>Dr. Alan Salvany Felinto<\/td><td>21\/03\/2011<\/td><\/tr><tr><td>&nbsp;5<\/td><td>Rafael Mantovani<\/td><td>Dr. Pedro Paulo S. Ayrosa<\/td><td>17\/03\/2011<\/td><\/tr><tr><td>&nbsp;4<\/td><td>Moises Fernando Lima<\/td><td>Dr. Mario Lemes Proen\u00e7a Jr.&nbsp;<\/td><td>08\/02\/2011<\/td><\/tr><tr><td>&nbsp;3<\/td><td>Lucas Sampaio&nbsp;&nbsp;<\/td><td>Dr. Taufik Abr\u00e3o&nbsp;<\/td><td>24\/11\/2010<\/td><\/tr><tr><td>&nbsp;2<\/td><td>Cristina Yassue Morimoto<\/td><td>Dra. Jandira G. Palma<\/td><td>08\/11\/2010<\/td><\/tr><tr><td>&nbsp;1<\/td><td>Felippe Alex Scheidt<\/td><td>Dra. Maria Ang\u00e9lica O. C. Brunetto<\/td><td>27\/08\/2010<\/td><\/tr><\/tbody><\/table><\/figure>\n","protected":false},"excerpt":{"rendered":"<p>Defesas em ordem cronol\u00f3gica. &nbsp;# Aluno Orientador Data 150 Luiz Fernando Pereira Nunes Dr. Andr\u00e9 Luis Andrade Menolli 13\/04\/2026 149 Vagner Mantovani Dr. Rodolfo Miranda de Barros 06\/04\/2026 148 Luiz Carlos Garanhani Junior Dr. Rodolfo Miranda de Barros 06\/04\/2026 147 Fabio Aparecido Gaspar Dr. Rodolfo Miranda de Barros 29\/08\/2025 146 Mois\u00e9s de Sousa Galian Dr. [&hellip;]<\/p>\n","protected":false},"author":7,"featured_media":0,"parent":0,"menu_order":0,"comment_status":"closed","ping_status":"closed","template":"","meta":{"_acf_changed":false,"footnotes":""},"class_list":["post-105","page","type-page","status-publish","hentry"],"acf":[],"_links":{"self":[{"href":"https:\/\/pos.uel.br\/ciencia-da-computacao\/wp-json\/wp\/v2\/pages\/105","targetHints":{"allow":["GET"]}}],"collection":[{"href":"https:\/\/pos.uel.br\/ciencia-da-computacao\/wp-json\/wp\/v2\/pages"}],"about":[{"href":"https:\/\/pos.uel.br\/ciencia-da-computacao\/wp-json\/wp\/v2\/types\/page"}],"author":[{"embeddable":true,"href":"https:\/\/pos.uel.br\/ciencia-da-computacao\/wp-json\/wp\/v2\/users\/7"}],"replies":[{"embeddable":true,"href":"https:\/\/pos.uel.br\/ciencia-da-computacao\/wp-json\/wp\/v2\/comments?post=105"}],"version-history":[{"count":20,"href":"https:\/\/pos.uel.br\/ciencia-da-computacao\/wp-json\/wp\/v2\/pages\/105\/revisions"}],"predecessor-version":[{"id":539,"href":"https:\/\/pos.uel.br\/ciencia-da-computacao\/wp-json\/wp\/v2\/pages\/105\/revisions\/539"}],"wp:attachment":[{"href":"https:\/\/pos.uel.br\/ciencia-da-computacao\/wp-json\/wp\/v2\/media?parent=105"}],"curies":[{"name":"wp","href":"https:\/\/api.w.org\/{rel}","templated":true}]}}