{"id":60,"date":"2021-05-07T09:09:27","date_gmt":"2021-05-07T12:09:27","guid":{"rendered":"https:\/\/pos.uel.br\/biotecnologia\/?page_id=60"},"modified":"2021-09-30T12:02:00","modified_gmt":"2021-09-30T15:02:00","slug":"grupos-de-pesquisa","status":"publish","type":"page","link":"https:\/\/pos.uel.br\/biotecnologia\/grupos-de-pesquisa\/","title":{"rendered":"Linhas de pesquisa e orientadores"},"content":{"rendered":"\n<p><strong><a href=\"https:\/\/pos.uel.br\/biotecnologia\/biomoleculas-e-biopolimeros-de-interesse-industrial\/\">Biomol\u00e9culas e biopol\u00edmeros de interesse industrial<\/a><\/strong><\/p>\n\n\n\n<p><strong><a href=\"https:\/\/pos.uel.br\/biotecnologia\/?page_id=250\">Bioqu\u00edmica de microrganismos<\/a><\/strong><\/p>\n\n\n\n<p><strong><a href=\"https:\/\/pos.uel.br\/biotecnologia\/biotecnologia-de-microrganismos-e-plantas\/\">Biotecnologia de microrganismos e plantas<\/a><\/strong><\/p>\n","protected":false},"excerpt":{"rendered":"<p>Biomol\u00e9culas e biopol\u00edmeros de interesse industrial Bioqu\u00edmica de microrganismos Biotecnologia de microrganismos e plantas<\/p>\n","protected":false},"author":7,"featured_media":0,"parent":0,"menu_order":0,"comment_status":"closed","ping_status":"closed","template":"","meta":{"_acf_changed":false,"footnotes":""},"class_list":["post-60","page","type-page","status-publish","hentry"],"acf":[],"_links":{"self":[{"href":"https:\/\/pos.uel.br\/biotecnologia\/wp-json\/wp\/v2\/pages\/60","targetHints":{"allow":["GET"]}}],"collection":[{"href":"https:\/\/pos.uel.br\/biotecnologia\/wp-json\/wp\/v2\/pages"}],"about":[{"href":"https:\/\/pos.uel.br\/biotecnologia\/wp-json\/wp\/v2\/types\/page"}],"author":[{"embeddable":true,"href":"https:\/\/pos.uel.br\/biotecnologia\/wp-json\/wp\/v2\/users\/7"}],"replies":[{"embeddable":true,"href":"https:\/\/pos.uel.br\/biotecnologia\/wp-json\/wp\/v2\/comments?post=60"}],"version-history":[{"count":9,"href":"https:\/\/pos.uel.br\/biotecnologia\/wp-json\/wp\/v2\/pages\/60\/revisions"}],"predecessor-version":[{"id":920,"href":"https:\/\/pos.uel.br\/biotecnologia\/wp-json\/wp\/v2\/pages\/60\/revisions\/920"}],"wp:attachment":[{"href":"https:\/\/pos.uel.br\/biotecnologia\/wp-json\/wp\/v2\/media?parent=60"}],"curies":[{"name":"wp","href":"https:\/\/api.w.org\/{rel}","templated":true}]}}