{"id":381,"date":"2022-04-04T19:48:53","date_gmt":"2022-04-04T22:48:53","guid":{"rendered":"https:\/\/pos.uel.br\/biotecnologia\/?page_id=381"},"modified":"2022-04-04T19:48:54","modified_gmt":"2022-04-04T22:48:54","slug":"biotechnology-of-microorganisms-and-plants","status":"publish","type":"page","link":"https:\/\/pos.uel.br\/biotecnologia\/en\/biotechnology-of-microorganisms-and-plants\/","title":{"rendered":"Biotechnology of microorganisms and plants"},"content":{"rendered":"\n<p>Dr. Andr\u00e9 Luiz Martinez de Oliveira<\/p>\n\n\n\n<p>Dra. Elisete Pains Rodrigues<\/p>\n\n\n\n<p>Dra. Francismar Corr\u00eaa Marcelino Guimar\u00e3es<\/p>\n\n\n\n<p>Dra. Liliane Marcia Mertz Henning<\/p>\n\n\n\n<p>Dra. Mari\u00e2ngela Hungria da Cunha<\/p>\n\n\n\n<p><\/p>\n","protected":false},"excerpt":{"rendered":"<p>Dr. Andr\u00e9 Luiz Martinez de Oliveira Dra. Elisete Pains Rodrigues Dra. Francismar Corr\u00eaa Marcelino Guimar\u00e3es Dra. Liliane Marcia Mertz Henning Dra. Mari\u00e2ngela Hungria da Cunha<\/p>\n","protected":false},"author":9,"featured_media":0,"parent":0,"menu_order":0,"comment_status":"closed","ping_status":"closed","template":"","meta":{"_acf_changed":false,"footnotes":""},"class_list":["post-381","page","type-page","status-publish","hentry"],"acf":[],"_links":{"self":[{"href":"https:\/\/pos.uel.br\/biotecnologia\/wp-json\/wp\/v2\/pages\/381","targetHints":{"allow":["GET"]}}],"collection":[{"href":"https:\/\/pos.uel.br\/biotecnologia\/wp-json\/wp\/v2\/pages"}],"about":[{"href":"https:\/\/pos.uel.br\/biotecnologia\/wp-json\/wp\/v2\/types\/page"}],"author":[{"embeddable":true,"href":"https:\/\/pos.uel.br\/biotecnologia\/wp-json\/wp\/v2\/users\/9"}],"replies":[{"embeddable":true,"href":"https:\/\/pos.uel.br\/biotecnologia\/wp-json\/wp\/v2\/comments?post=381"}],"version-history":[{"count":1,"href":"https:\/\/pos.uel.br\/biotecnologia\/wp-json\/wp\/v2\/pages\/381\/revisions"}],"predecessor-version":[{"id":382,"href":"https:\/\/pos.uel.br\/biotecnologia\/wp-json\/wp\/v2\/pages\/381\/revisions\/382"}],"wp:attachment":[{"href":"https:\/\/pos.uel.br\/biotecnologia\/wp-json\/wp\/v2\/media?parent=381"}],"curies":[{"name":"wp","href":"https:\/\/api.w.org\/{rel}","templated":true}]}}