{"id":244,"date":"2021-09-30T11:50:42","date_gmt":"2021-09-30T14:50:42","guid":{"rendered":"https:\/\/pos.uel.br\/biotecnologia\/?page_id=244"},"modified":"2022-04-04T19:47:49","modified_gmt":"2022-04-04T22:47:49","slug":"biotecnologia-de-microrganismos-e-plantas","status":"publish","type":"page","link":"https:\/\/pos.uel.br\/biotecnologia\/biotecnologia-de-microrganismos-e-plantas\/","title":{"rendered":"Biotecnologia de microrganismos e plantas"},"content":{"rendered":"\n<p><strong><a rel=\"noreferrer noopener\" href=\"http:\/\/lattes.cnpq.br\/1885766127325722\" target=\"_blank\">Dr. Andr\u00e9 Luiz Martinez de Oliveira<\/a><\/strong><\/p>\n\n\n\n<p><strong><a href=\"http:\/\/lattes.cnpq.br\/4724587084058185\" target=\"_blank\" rel=\"noreferrer noopener\">Dra. Elisete Pains Rodrigues<\/a><\/strong><\/p>\n\n\n\n<p><strong><a href=\"http:\/\/lattes.cnpq.br\/4585015105548818\" target=\"_blank\" rel=\"noreferrer noopener\">Dra. Francismar Corr\u00eaa Marcelino Guimar\u00e3es<\/a><\/strong><\/p>\n\n\n\n<p><strong><a href=\"http:\/\/lattes.cnpq.br\/2295885344548513\" target=\"_blank\" rel=\"noreferrer noopener\">Dra. Liliane Marcia Mertz Henning<\/a><\/strong><\/p>\n\n\n\n<p><strong><a href=\"http:\/\/lattes.cnpq.br\/7355162785040506\" target=\"_blank\" rel=\"noreferrer noopener\">Dra. Mari\u00e2ngela Hungria da Cunha<\/a><\/strong><\/p>\n\n\n\n<p><\/p>\n","protected":false},"excerpt":{"rendered":"<p>Dr. Andr\u00e9 Luiz Martinez de Oliveira Dra. Elisete Pains Rodrigues Dra. Francismar Corr\u00eaa Marcelino Guimar\u00e3es Dra. Liliane Marcia Mertz Henning Dra. Mari\u00e2ngela Hungria da Cunha<\/p>\n","protected":false},"author":9,"featured_media":0,"parent":0,"menu_order":0,"comment_status":"closed","ping_status":"closed","template":"","meta":{"_acf_changed":false,"footnotes":""},"class_list":["post-244","page","type-page","status-publish","hentry"],"acf":[],"_links":{"self":[{"href":"https:\/\/pos.uel.br\/biotecnologia\/wp-json\/wp\/v2\/pages\/244","targetHints":{"allow":["GET"]}}],"collection":[{"href":"https:\/\/pos.uel.br\/biotecnologia\/wp-json\/wp\/v2\/pages"}],"about":[{"href":"https:\/\/pos.uel.br\/biotecnologia\/wp-json\/wp\/v2\/types\/page"}],"author":[{"embeddable":true,"href":"https:\/\/pos.uel.br\/biotecnologia\/wp-json\/wp\/v2\/users\/9"}],"replies":[{"embeddable":true,"href":"https:\/\/pos.uel.br\/biotecnologia\/wp-json\/wp\/v2\/comments?post=244"}],"version-history":[{"count":6,"href":"https:\/\/pos.uel.br\/biotecnologia\/wp-json\/wp\/v2\/pages\/244\/revisions"}],"predecessor-version":[{"id":380,"href":"https:\/\/pos.uel.br\/biotecnologia\/wp-json\/wp\/v2\/pages\/244\/revisions\/380"}],"wp:attachment":[{"href":"https:\/\/pos.uel.br\/biotecnologia\/wp-json\/wp\/v2\/media?parent=244"}],"curies":[{"name":"wp","href":"https:\/\/api.w.org\/{rel}","templated":true}]}}