{"id":23,"date":"2021-04-27T22:23:47","date_gmt":"2021-04-28T01:23:47","guid":{"rendered":"https:\/\/pos.uel.br\/biotecnologia\/?page_id=23"},"modified":"2023-11-16T11:18:37","modified_gmt":"2023-11-16T14:18:37","slug":"formularios-2","status":"publish","type":"page","link":"https:\/\/pos.uel.br\/biotecnologia\/formularios-2\/","title":{"rendered":"Orienta\u00e7\u00f5es Gerais"},"content":{"rendered":"\n<p><strong>Inclus\u00e3o e exclus\u00e3o de matr\u00edcula em disciplinas; Solicita\u00e7\u00e3o de matr\u00edcula e rematr\u00edcula; Pedidos de equival\u00eancia e convalida\u00e7\u00e3o de cr\u00e9ditos em disciplinas; Solicita\u00e7\u00e3o de prorroga\u00e7\u00e3o de prazos; Justificativa de faltas; Licen\u00e7a maternidade; Pedidos fora de prazo; Trancamento de matr\u00edcula; Recursos.<\/strong> Estas solicita\u00e7\u00f5es e requerimentos devem ser encaminhadas por meio do <a href=\"https:\/\/sistemas.uel.br\/portaldepos\/index\" data-type=\"link\" data-id=\"https:\/\/sistemas.uel.br\/portaldepos\/index\" target=\"_blank\" rel=\"noreferrer noopener\"><strong><mark style=\"background-color:#f0f507\" class=\"has-inline-color has-extra-1-color\">Portal do Estudante<\/mark><\/strong><\/a>.<\/p>\n\n\n\n<p><\/p>\n\n\n\n<p><strong>Indica\u00e7\u00e3o de Banca Examinadora para Defesa de Disserta\u00e7\u00e3o ou Tese<\/strong>: O estudante dever\u00e1 encaminhar \u00e0 Banca Examinadora os exemplares para defesa, com anteced\u00eancia m\u00ednima de 30 dias. O(a) orientador(a) dever\u00e1 indicar a banca com anteced\u00eancia m\u00ednima de 30 dias para a Secretaria de P\u00f3s-Gradua\u00e7\u00e3o do CCE, para que haja tempo h\u00e1bil para avalia\u00e7\u00e3o da banca pela Comiss\u00e3o Coordenadora e realiza\u00e7\u00e3o de procedimentos da Secretaria de P\u00f3s-Gradua\u00e7\u00e3o. Os docentes indicados dever\u00e3o ter confirmado a participa\u00e7\u00e3o na banca. Para a defesa os docentes indicados devem estar com o Cadastro de Participante em Banca Examinadora, devidamente regularizado junto \u00e0 PROPPG. As indica\u00e7\u00f5es devem ser feitas por meio de formul\u00e1rio espec\u00edfico para <a href=\"https:\/\/pos.uel.br\/biotecnologia\/wp-content\/uploads\/2023\/11\/indicacao_defesa_dissertacao-1.doc\" data-type=\"link\" data-id=\"https:\/\/pos.uel.br\/biotecnologia\/wp-content\/uploads\/2023\/11\/indicacao_defesa_dissertacao-1.doc\" target=\"_blank\" rel=\"noreferrer noopener\"><strong><mark style=\"background-color:#f0f507\" class=\"has-inline-color has-extra-1-color\">Disserta\u00e7\u00e3o<\/mark><\/strong> <\/a>ou <a href=\"https:\/\/pos.uel.br\/biotecnologia\/wp-content\/uploads\/2023\/11\/indicacao_defesa_tese-1.doc\" data-type=\"link\" data-id=\"https:\/\/pos.uel.br\/biotecnologia\/wp-content\/uploads\/2023\/11\/indicacao_defesa_tese-1.doc\" target=\"_blank\" rel=\"noreferrer noopener\"><strong><mark style=\"background-color:#f0f507\" class=\"has-inline-color has-extra-1-color\">Tese<\/mark><\/strong><\/a>.<\/p>\n\n\n\n<p><\/p>\n\n\n\n<p><strong>Indica\u00e7\u00e3o de Banca Examinadora para Qualifica\u00e7\u00e3o (Disserta\u00e7\u00e3o ou Tese)<\/strong>: O estudante dever\u00e1 encaminhar \u00e0 Banca Examinadora os exemplares para defesa, com anteced\u00eancia m\u00ednima de 30 dias. O(a) orientador(a) dever\u00e1 indicar a banca com anteced\u00eancia m\u00ednima de 30 dias para a Secretaria de P\u00f3s-Gradua\u00e7\u00e3o do CCE, para que haja tempo h\u00e1bil para avalia\u00e7\u00e3o da banca pela Comiss\u00e3o Coordenadora e realiza\u00e7\u00e3o de procedimentos da Secretaria de P\u00f3s-Gradua\u00e7\u00e3o. Os docentes indicados dever\u00e3o ter confirmado a participa\u00e7\u00e3o na banca. Para a defesa os docentes indicados devem estar com o Cadastro de Participante em Banca Examinadora, devidamente regularizado junto \u00e0 PROPPG. As indica\u00e7\u00f5es devem ser feitas por meio de <a href=\"https:\/\/pos.uel.br\/biotecnologia\/wp-content\/uploads\/2023\/11\/indicacao_examinadora_qualificacao.doc\" data-type=\"link\" data-id=\"https:\/\/pos.uel.br\/biotecnologia\/wp-content\/uploads\/2023\/11\/indicacao_examinadora_qualificacao.doc\" target=\"_blank\" rel=\"noreferrer noopener\"><strong><mark style=\"background-color:#f0f507\" class=\"has-inline-color has-extra-1-color\">formul\u00e1rio espec\u00edfico<\/mark><\/strong><\/a>.<\/p>\n\n\n\n<p><\/p>\n\n\n\n<p><a href=\"https:\/\/pos.uel.br\/biotecnologia\/wp-content\/uploads\/2023\/11\/declaracao_orientacao-1.doc\" data-type=\"link\" data-id=\"https:\/\/pos.uel.br\/biotecnologia\/wp-content\/uploads\/2023\/11\/declaracao_orientacao-1.doc\" target=\"_blank\" rel=\"noreferrer noopener\"><strong>Declara\u00e7\u00e3o de Orienta\u00e7\u00e3o<\/strong><\/a><\/p>\n\n\n\n<p><\/p>\n\n\n\n<p><strong><a href=\"https:\/\/pos.uel.br\/biotecnologia\/wp-content\/uploads\/2023\/11\/Termo-Compromisso-Bolsa-CAPES-DS-2021-1.doc\" data-type=\"link\" data-id=\"https:\/\/pos.uel.br\/biotecnologia\/wp-content\/uploads\/2023\/11\/Termo-Compromisso-Bolsa-CAPES-DS-2021-1.doc\" target=\"_blank\" rel=\"noreferrer noopener\">Termo de Compromisso para Bolsistas<\/a><\/strong><\/p>\n\n\n\n<p><\/p>\n\n\n\n<p><strong><a href=\"https:\/\/pos.uel.br\/biotecnologia\/wp-content\/uploads\/2023\/11\/tabela_pontuacaoNOVA.pdf\" data-type=\"link\" data-id=\"https:\/\/pos.uel.br\/biotecnologia\/wp-content\/uploads\/2023\/11\/tabela_pontuacaoNOVA.pdf\" target=\"_blank\" rel=\"noreferrer noopener\">Tabela de Pontua\u00e7\u00e3o para An\u00e1lise de CV em Processos de Sele\u00e7\u00e3o<\/a><\/strong><\/p>\n\n\n\n<p><\/p>\n","protected":false},"excerpt":{"rendered":"<p>Inclus\u00e3o e exclus\u00e3o de matr\u00edcula em disciplinas; Solicita\u00e7\u00e3o de matr\u00edcula e rematr\u00edcula; Pedidos de equival\u00eancia e convalida\u00e7\u00e3o de cr\u00e9ditos em disciplinas; Solicita\u00e7\u00e3o de prorroga\u00e7\u00e3o de prazos; Justificativa de faltas; Licen\u00e7a maternidade; Pedidos fora de prazo; Trancamento de matr\u00edcula; Recursos. Estas solicita\u00e7\u00f5es e requerimentos devem ser encaminhadas por meio do Portal do Estudante. Indica\u00e7\u00e3o de Banca [&hellip;]<\/p>\n","protected":false},"author":7,"featured_media":0,"parent":0,"menu_order":0,"comment_status":"closed","ping_status":"closed","template":"","meta":{"_acf_changed":false,"footnotes":""},"class_list":["post-23","page","type-page","status-publish","hentry"],"acf":[],"_links":{"self":[{"href":"https:\/\/pos.uel.br\/biotecnologia\/wp-json\/wp\/v2\/pages\/23","targetHints":{"allow":["GET"]}}],"collection":[{"href":"https:\/\/pos.uel.br\/biotecnologia\/wp-json\/wp\/v2\/pages"}],"about":[{"href":"https:\/\/pos.uel.br\/biotecnologia\/wp-json\/wp\/v2\/types\/page"}],"author":[{"embeddable":true,"href":"https:\/\/pos.uel.br\/biotecnologia\/wp-json\/wp\/v2\/users\/7"}],"replies":[{"embeddable":true,"href":"https:\/\/pos.uel.br\/biotecnologia\/wp-json\/wp\/v2\/comments?post=23"}],"version-history":[{"count":8,"href":"https:\/\/pos.uel.br\/biotecnologia\/wp-json\/wp\/v2\/pages\/23\/revisions"}],"predecessor-version":[{"id":1113,"href":"https:\/\/pos.uel.br\/biotecnologia\/wp-json\/wp\/v2\/pages\/23\/revisions\/1113"}],"wp:attachment":[{"href":"https:\/\/pos.uel.br\/biotecnologia\/wp-json\/wp\/v2\/media?parent=23"}],"curies":[{"name":"wp","href":"https:\/\/api.w.org\/{rel}","templated":true}]}}