{"id":212,"date":"2021-08-26T22:44:48","date_gmt":"2021-08-27T01:44:48","guid":{"rendered":"https:\/\/pos.uel.br\/biotecnologia\/?page_id=212"},"modified":"2025-02-13T20:01:14","modified_gmt":"2025-02-13T23:01:14","slug":"autoavaliacao-2020","status":"publish","type":"page","link":"https:\/\/pos.uel.br\/biotecnologia\/autoavaliacao-2020\/","title":{"rendered":"Autoavalia\u00e7\u00e3o"},"content":{"rendered":"\n<div style=\"height:75px\" aria-hidden=\"true\" class=\"wp-block-spacer\"><\/div>\n\n\n\n<p>Desde a cria\u00e7\u00e3o do Programa de P\u00f3s-Gradua\u00e7\u00e3o em Biotecnologia em 2002 o processo de autoavalia\u00e7\u00e3o \u00e9 realizado ao final de cada ano por\u00e9m de maneira pouco sistematizada. A cria\u00e7\u00e3o da Comiss\u00e3o Interna de Autoavalia\u00e7\u00e3o do Programa de P\u00f3s-Gradua\u00e7\u00e3o em Biotecnologia em fevereiro de 2019, denominada de CAA (Comiss\u00e3o de Autoavalia\u00e7\u00e3o), deu in\u00edcio a um trabalho sistematizado de autoavalia\u00e7\u00e3o com a elabora\u00e7\u00e3o de um Instrumento espec\u00edfico (Ferramenta) para a Coleta de Dados dos Docentes e Discentes do Programa. Em outubro de 2019, o Colegiado dos Programas de P\u00f3s-Gradua\u00e7\u00e3o <em>Stricto sensu<\/em> da UEL instituiu a primeira Comiss\u00e3o Institucional de Avalia\u00e7\u00e3o da P\u00f3s-Gradua\u00e7\u00e3o (CIAPG), com a miss\u00e3o de sistematizar o processo de autoavalia\u00e7\u00e3o dos Programas da UEL. A CIAPG elaborou um formul\u00e1rio padronizado para a coleta de dados de docentes e discentes dos PPGs da UEL, e definiu a realiza\u00e7\u00e3o de um F\u00f3rum para a discuss\u00e3o do processo e resultados da Autoavalia\u00e7\u00e3o realizada. O relat\u00f3rio de autoavalia\u00e7\u00e3o do quadri\u00eanio 2017-2020 pode ser acessado abaixo, bem como a apresenta\u00e7\u00e3o do PPG Biotecnologia realizada no Primeiro F\u00f3rum de Autoavalia\u00e7\u00e3o dos PPGs da UEL referente ao per\u00edodo de 2021-2022.<\/p>\n\n\n\n<div style=\"height:38px\" aria-hidden=\"true\" class=\"wp-block-spacer\"><\/div>\n\n\n\n<p><a href=\"https:\/\/pos.uel.br\/biotecnologia\/wp-content\/uploads\/2023\/11\/Relatorio-de-Autoavaliacao-do-PPG-Biotecnologia.pdf\" data-type=\"link\" data-id=\"https:\/\/pos.uel.br\/biotecnologia\/wp-content\/uploads\/2023\/11\/Relatorio-de-Autoavaliacao-do-PPG-Biotecnologia.pdf\" target=\"_blank\" rel=\"noreferrer noopener\"><strong>Relat\u00f3rio de Autoavalia\u00e7\u00e3o do PPG Biotecnologia &#8211; 2017 a 2020<\/strong><\/a><\/p>\n\n\n\n<p><\/p>\n\n\n\n<p><strong><a href=\"https:\/\/pos.uel.br\/biotecnologia\/wp-content\/uploads\/2023\/11\/Apresentacao-forum-2023_PPG-Biotecnologia.pdf\" data-type=\"link\" data-id=\"https:\/\/pos.uel.br\/biotecnologia\/wp-content\/uploads\/2023\/11\/Apresentacao-forum-2023_PPG-Biotecnologia.pdf\" target=\"_blank\" rel=\"noreferrer noopener\">Apresenta\u00e7\u00e3o da Autoavalia\u00e7\u00e3o do PPG Biotecnologia &#8211; 2021 a 2022<\/a><\/strong><\/p>\n\n\n\n<p><\/p>\n\n\n\n<p><strong><a href=\"https:\/\/pos.uel.br\/biotecnologia\/wp-content\/uploads\/2025\/02\/Relatorio-Autoavaliacao_-21-24.pdf\">Relat\u00f3rio de Autoavalia\u00e7\u00e3o do PPG Biotecnologia &#8211; 2021 a 2024<\/a><\/strong><\/p>\n\n\n\n<p><\/p>\n","protected":false},"excerpt":{"rendered":"<p>Desde a cria\u00e7\u00e3o do Programa de P\u00f3s-Gradua\u00e7\u00e3o em Biotecnologia em 2002 o processo de autoavalia\u00e7\u00e3o \u00e9 realizado ao final de cada ano por\u00e9m de maneira pouco sistematizada. A cria\u00e7\u00e3o da Comiss\u00e3o Interna de Autoavalia\u00e7\u00e3o do Programa de P\u00f3s-Gradua\u00e7\u00e3o em Biotecnologia em fevereiro de 2019, denominada de CAA (Comiss\u00e3o de Autoavalia\u00e7\u00e3o), deu in\u00edcio a um trabalho [&hellip;]<\/p>\n","protected":false},"author":9,"featured_media":0,"parent":0,"menu_order":0,"comment_status":"closed","ping_status":"closed","template":"","meta":{"_acf_changed":false,"footnotes":""},"class_list":["post-212","page","type-page","status-publish","hentry"],"acf":[],"_links":{"self":[{"href":"https:\/\/pos.uel.br\/biotecnologia\/wp-json\/wp\/v2\/pages\/212","targetHints":{"allow":["GET"]}}],"collection":[{"href":"https:\/\/pos.uel.br\/biotecnologia\/wp-json\/wp\/v2\/pages"}],"about":[{"href":"https:\/\/pos.uel.br\/biotecnologia\/wp-json\/wp\/v2\/types\/page"}],"author":[{"embeddable":true,"href":"https:\/\/pos.uel.br\/biotecnologia\/wp-json\/wp\/v2\/users\/9"}],"replies":[{"embeddable":true,"href":"https:\/\/pos.uel.br\/biotecnologia\/wp-json\/wp\/v2\/comments?post=212"}],"version-history":[{"count":8,"href":"https:\/\/pos.uel.br\/biotecnologia\/wp-json\/wp\/v2\/pages\/212\/revisions"}],"predecessor-version":[{"id":1335,"href":"https:\/\/pos.uel.br\/biotecnologia\/wp-json\/wp\/v2\/pages\/212\/revisions\/1335"}],"wp:attachment":[{"href":"https:\/\/pos.uel.br\/biotecnologia\/wp-json\/wp\/v2\/media?parent=212"}],"curies":[{"name":"wp","href":"https:\/\/api.w.org\/{rel}","templated":true}]}}