{"id":20,"date":"2021-04-27T22:23:47","date_gmt":"2021-04-28T01:23:47","guid":{"rendered":"https:\/\/pos.uel.br\/biotecnologia\/?page_id=20"},"modified":"2023-12-11T11:53:31","modified_gmt":"2023-12-11T14:53:31","slug":"estrutura-curricular-2","status":"publish","type":"page","link":"https:\/\/pos.uel.br\/biotecnologia\/estrutura-curricular-2\/","title":{"rendered":"Estrutura curricular"},"content":{"rendered":"\n<p class=\"has-medium-font-size\"><strong>TESE DE DOUTORADO (cr\u00e9ditos obrigat\u00f3rios):<\/strong><\/p>\n\n\n\n<p>2 BIQ 118 \u2013 Tese I (5 cr, 75 h)<\/p>\n\n\n\n<p>2 BIQ 119 \u2013 Tese II (5 cr, 75 h)<\/p>\n\n\n\n<p>2 BIQ 120 \u2013 Tese III (10 cr, 150 h)<\/p>\n\n\n\n<p>2 BIQ 121 \u2013 Tese IV (10 cr, 150 h)<\/p>\n\n\n\n<p>2 BIQ 122 \u2013 Tese V (10 cr, 150 h)<\/p>\n\n\n\n<p>2 BIQ 123 \u2013 Tese VI (10 cr, 150 h)<\/p>\n\n\n\n<p>2 BIQ 124 \u2013 Tese VII (10 cr, 150 h)<\/p>\n\n\n\n<p>2 BIQ 125 \u2013 Tese VIII (10 cr, 150 h)<\/p>\n\n\n\n<p class=\"has-medium-font-size\"><strong>DISCIPLINAS DO N\u00daCLEO OBRIGAT\u00d3RIO (total de 19 cr\u00e9ditos):<\/strong><\/p>\n\n\n\n<p>2 BIQ 046 \u2013 Biotecnologia Microbiana (4 cr, 60 h)<\/p>\n\n\n\n<p>2 BIQ 048 \u2013 M\u00e9todos Anal\u00edticos Aplicados \u00e0 Biotecnologia (4 cr, 60 h)<\/p>\n\n\n\n<p>2 BIQ 106 \u2013 Metabolismo Celular (2 cr, 30 h)<\/p>\n\n\n\n<p>2 BIQ 127 \u2013 Biologia Molecular Aplicada \u00e0 Biotecnologia (4 cr, 60 h)<\/p>\n\n\n\n<p>2 BIQ 128 \u2013 Biosseguran\u00e7a (2 cr, 30 h)<\/p>\n\n\n\n<p>2 BIQ 129 \u2013 Enzimas em Biotecnologia (3 cr, 45 h)<\/p>\n\n\n\n<p class=\"has-medium-font-size\"><strong>DISCIPLINAS DO N\u00daCLEO COMPLEMENTAR (m\u00ednimo de 12 cr\u00e9ditos em disciplinas eletivas):<\/strong><\/p>\n\n\n\n<p>2 BIQ 053 \u2013 Degrada\u00e7\u00e3o Microbiana de Xenobi\u00f3ticos (2 cr, 30 h)<\/p>\n\n\n\n<p>2 BIQ 056 \u2013 M\u00e9todos Fermentativos Aplicados \u00e0 Biotecnologia (3 cr, 45 h)<\/p>\n\n\n\n<p>2 BIQ 110 \u2013 Biomateriais, S\u00edntese Sint\u00e9tica, Fabrica\u00e7\u00e3o e Aplica\u00e7\u00f5es (2 cr, 30 h)<\/p>\n\n\n\n<p>2 BIQ 109 \u2013 Biopol\u00edmeros: Estrutura de Carboidratos e suas Aplica\u00e7\u00f5es (2 cr, 30 h)<\/p>\n\n\n\n<p>2 BIQ 113 \u2013 Bioinform\u00e1tica (2 cr, 30 h)<\/p>\n\n\n\n<p>2 BIQ 130 \u2013 Desenvolvimento de produtos biotecnol\u00f3gicos (2 cr, 30 h)<\/p>\n\n\n\n<p>2 BIQ 131 \u2013 Patentes e Propriedade Intelectual (2 cr, 30 h)<\/p>\n\n\n\n<p>2 BIQ 132 \u2013 Tecnologia de Biopol\u00edmeros (2 cr, 30 h)<\/p>\n\n\n\n<p>2 ADM 278 \u2013 Gest\u00e3o da Inova\u00e7\u00e3o e Competitividade (3 cr, 45 h)<\/p>\n\n\n\n<p>2 BIO 117 \u2013 Gen\u00e9tica Molecular (4 cr, 60 h)<\/p>\n\n\n\n<p>2 STA 148 \u2013 Estat\u00edstica Aplicada \u00e0 Biotecnologia (4 cr, 60 h)<\/p>\n\n\n\n<p>2 BIQ 058 a 2 BIQ 098 \u2013 T\u00f3picos em Biotecnologia (n\u00famero de cr\u00e9ditos vari\u00e1vel, a depender do t\u00f3pico abordado)<\/p>\n\n\n\n<p class=\"has-medium-font-size\"><strong>ATIVIDADES OBRIGAT\u00d3RIAS (total de 7 cr\u00e9ditos):<\/strong><\/p>\n\n\n\n<p>2 BIQ 116 \u2013 Est\u00e1gio de Doc\u00eancia na Gradua\u00e7\u00e3o I (2 cr, 30 h)<\/p>\n\n\n\n<p>2 BIQ 117 \u2013 Est\u00e1gio de Doc\u00eancia na Gradua\u00e7\u00e3o II (2 cr, 30 h)<\/p>\n\n\n\n<p>2 BIQ 133 \u2013 Intera\u00e7\u00e3o Academia-Ind\u00fastria (1 cr, 15 h)<\/p>\n\n\n\n<p>2 BIQ 135 \u2013 Semin\u00e1rios II (2 cr, 30 h)<\/p>\n","protected":false},"excerpt":{"rendered":"<p>TESE DE DOUTORADO (cr\u00e9ditos obrigat\u00f3rios): 2 BIQ 118 \u2013 Tese I (5 cr, 75 h) 2 BIQ 119 \u2013 Tese II (5 cr, 75 h) 2 BIQ 120 \u2013 Tese III (10 cr, 150 h) 2 BIQ 121 \u2013 Tese IV (10 cr, 150 h) 2 BIQ 122 \u2013 Tese V (10 cr, 150 h) [&hellip;]<\/p>\n","protected":false},"author":7,"featured_media":0,"parent":0,"menu_order":0,"comment_status":"closed","ping_status":"closed","template":"","meta":{"_acf_changed":false,"footnotes":""},"class_list":["post-20","page","type-page","status-publish","hentry"],"acf":[],"_links":{"self":[{"href":"https:\/\/pos.uel.br\/biotecnologia\/wp-json\/wp\/v2\/pages\/20","targetHints":{"allow":["GET"]}}],"collection":[{"href":"https:\/\/pos.uel.br\/biotecnologia\/wp-json\/wp\/v2\/pages"}],"about":[{"href":"https:\/\/pos.uel.br\/biotecnologia\/wp-json\/wp\/v2\/types\/page"}],"author":[{"embeddable":true,"href":"https:\/\/pos.uel.br\/biotecnologia\/wp-json\/wp\/v2\/users\/7"}],"replies":[{"embeddable":true,"href":"https:\/\/pos.uel.br\/biotecnologia\/wp-json\/wp\/v2\/comments?post=20"}],"version-history":[{"count":5,"href":"https:\/\/pos.uel.br\/biotecnologia\/wp-json\/wp\/v2\/pages\/20\/revisions"}],"predecessor-version":[{"id":1155,"href":"https:\/\/pos.uel.br\/biotecnologia\/wp-json\/wp\/v2\/pages\/20\/revisions\/1155"}],"wp:attachment":[{"href":"https:\/\/pos.uel.br\/biotecnologia\/wp-json\/wp\/v2\/media?parent=20"}],"curies":[{"name":"wp","href":"https:\/\/api.w.org\/{rel}","templated":true}]}}