{"id":19,"date":"2021-04-27T22:23:47","date_gmt":"2021-04-28T01:23:47","guid":{"rendered":"https:\/\/pos.uel.br\/biotecnologia\/?page_id=19"},"modified":"2023-11-14T17:25:52","modified_gmt":"2023-11-14T20:25:52","slug":"doutorado","status":"publish","type":"page","link":"https:\/\/pos.uel.br\/biotecnologia\/doutorado\/","title":{"rendered":"Doutorado"},"content":{"rendered":"\n<p><strong>Vagas <\/strong>&#8211; s\u00e3o ofertadas at\u00e9 15 (quinze) vagas para estudantes regulares, dependendo da disponibilidade dos orientadores. Os melhores colocados poder\u00e3o receber bolsa de estudos (CAPES, CNPq, FUNDA\u00c7\u00c3O ARAUC\u00c1RIA), a depender da oferta de cotas pelas ag\u00eancias de financiamento e das normas internas para concess\u00e3o de bolsas.<\/p>\n\n\n\n<p><strong>Dura\u00e7\u00e3o <\/strong>&#8211; a dura\u00e7\u00e3o do Curso ser\u00e1 de 08 (OITO) semestres em tempo integral, incluindo a defesa da Tese.<\/p>\n\n\n\n<p><strong>Estudantes n\u00e3o matriculados no PPG Biotecnologia<\/strong>: s\u00e3o ofertadas, semestralmente, vagas para alunos especiais conforme disponibilidade dos docentes e disciplinas.<\/p>\n\n\n\n<p class=\"has-medium-font-size\"><strong>Mais Informa\u00e7\u00f5es<\/strong><\/p>\n\n\n\n<p>Centro de Ci\u00eancias Exatas &#8211; CCE<\/p>\n\n\n\n<p>Departamento de Bioqu\u00edmica e Biotecnologia<\/p>\n\n\n\n<p>Caixa Postal 10.011 &#8211; CEP.: 86057-970<\/p>\n\n\n\n<p>Londrina \u2013 Paran\u00e1<\/p>\n\n\n\n<p>Fone: (43) 3371-4711 ou 3371-4270<\/p>\n\n\n\n<p>Fax: (43) 3371-4879<\/p>\n\n\n\n<p class=\"has-medium-font-size\"><strong>Contatos de e-mail:<\/strong><\/p>\n\n\n\n<p><strong>Secretaria de P\u00f3s-gradua\u00e7\u00e3o<\/strong>: <a href=\"mailto:spgcce@uel.br\">spgcce@uel.br<\/a><\/p>\n\n\n\n<p><strong>Departamento de Bioqu\u00edmica e Biotecnologia<\/strong>: <a href=\"mailto:biq@uel.br\">biq@uel.br<\/a><\/p>\n\n\n\n<p><strong>Coordena\u00e7\u00e3o do Programa de P\u00f3s-gradua\u00e7\u00e3o em Biotecnologia<\/strong>: <a href=\"mailto:ppgbiotecnologia.uel@gmail.com\">ppgbiotecnologia.uel@gmail.com<\/a><\/p>\n","protected":false},"excerpt":{"rendered":"<p>Vagas &#8211; s\u00e3o ofertadas at\u00e9 15 (quinze) vagas para estudantes regulares, dependendo da disponibilidade dos orientadores. Os melhores colocados poder\u00e3o receber bolsa de estudos (CAPES, CNPq, FUNDA\u00c7\u00c3O ARAUC\u00c1RIA), a depender da oferta de cotas pelas ag\u00eancias de financiamento e das normas internas para concess\u00e3o de bolsas. Dura\u00e7\u00e3o &#8211; a dura\u00e7\u00e3o do Curso ser\u00e1 de 08 [&hellip;]<\/p>\n","protected":false},"author":7,"featured_media":0,"parent":0,"menu_order":0,"comment_status":"closed","ping_status":"closed","template":"","meta":{"_acf_changed":false,"footnotes":""},"class_list":["post-19","page","type-page","status-publish","hentry"],"acf":[],"_links":{"self":[{"href":"https:\/\/pos.uel.br\/biotecnologia\/wp-json\/wp\/v2\/pages\/19","targetHints":{"allow":["GET"]}}],"collection":[{"href":"https:\/\/pos.uel.br\/biotecnologia\/wp-json\/wp\/v2\/pages"}],"about":[{"href":"https:\/\/pos.uel.br\/biotecnologia\/wp-json\/wp\/v2\/types\/page"}],"author":[{"embeddable":true,"href":"https:\/\/pos.uel.br\/biotecnologia\/wp-json\/wp\/v2\/users\/7"}],"replies":[{"embeddable":true,"href":"https:\/\/pos.uel.br\/biotecnologia\/wp-json\/wp\/v2\/comments?post=19"}],"version-history":[{"count":6,"href":"https:\/\/pos.uel.br\/biotecnologia\/wp-json\/wp\/v2\/pages\/19\/revisions"}],"predecessor-version":[{"id":1004,"href":"https:\/\/pos.uel.br\/biotecnologia\/wp-json\/wp\/v2\/pages\/19\/revisions\/1004"}],"wp:attachment":[{"href":"https:\/\/pos.uel.br\/biotecnologia\/wp-json\/wp\/v2\/media?parent=19"}],"curies":[{"name":"wp","href":"https:\/\/api.w.org\/{rel}","templated":true}]}}