{"id":17,"date":"2021-04-27T22:23:47","date_gmt":"2021-04-28T01:23:47","guid":{"rendered":"https:\/\/pos.uel.br\/biotecnologia\/?page_id=17"},"modified":"2024-02-02T18:02:15","modified_gmt":"2024-02-02T21:02:15","slug":"regimentos-resolucoes-e-normas","status":"publish","type":"page","link":"https:\/\/pos.uel.br\/biotecnologia\/regimentos-resolucoes-e-normas\/","title":{"rendered":"Regimentos, resolu\u00e7\u00f5es e normas"},"content":{"rendered":"\n<p class=\"has-medium-font-size\"><strong>NORMAS PARA APRESENTA\u00c7\u00c3O DE DISSERTA\u00c7\u00d5ES E TESES<\/strong><\/p>\n\n\n\n<p>A Disserta\u00e7\u00e3o ou Tese dever\u00e1 ser redigida em conformidade com as Normas para Trabalhos Acad\u00eamicos Padr\u00e3o UEL disponibilizados pela <a href=\"https:\/\/sites.uel.br\/bibliotecas\/wp-content\/uploads\/2023\/09\/paginasprefaciais-1-1.docx\"><strong>Biblioteca Central da UEL<\/strong><\/a> ou redigida na forma de artigos cient\u00edficos, e dever\u00e1 conter os seguintes itens:<\/p>\n\n\n\n<ol class=\"wp-block-list\">\n<li><strong>T\u00edtulo <\/strong>geral claro e o mais conciso poss\u00edvel<\/li>\n\n\n\n<li><strong>Resumo <\/strong>Geral<\/li>\n\n\n\n<li><strong>Abstract<\/strong>: tradu\u00e7\u00e3o para o ingl\u00eas do resumo geral<\/li>\n\n\n\n<li><strong>Introdu\u00e7\u00e3o <\/strong>Geral: m\u00e1ximo de duas p\u00e1ginas; incluir a hip\u00f3tese de estudo e os objetivos do trabalho<\/li>\n\n\n\n<li><strong>Metodologia <\/strong>detalhada<\/li>\n\n\n\n<li><strong>Revis\u00e3o Bibliogr\u00e1fica<\/strong>: este item \u00e9 obrigat\u00f3rio e pode ter a dimens\u00e3o que for necess\u00e1ria para uma completa revis\u00e3o. Se poss\u00edvel, esta revis\u00e3o deve ser publicada em peri\u00f3dicos ou em outro ve\u00edculo de dissemina\u00e7\u00e3o t\u00e9cnica ou cient\u00edfica. Anexar no final as normas em que a mesma foi escrita<\/li>\n\n\n\n<li><strong>Cap\u00edtulo(s)<\/strong> com resultados e discuss\u00e3o na forma de artigo(s) cient\u00edfico(s) e\/ou patentes. Ao final de cada artigo cient\u00edfico dever\u00e3o ser anexadas as normas da revista em que o artigo foi redigido. Mesmo quando forem escritos dois ou mais artigos cient\u00edficos para uma mesma revista, dever\u00e3o ser anexados uma c\u00f3pia das normas no final de cada um deles. No caso do peri\u00f3dico exigir a reda\u00e7\u00e3o do artigo em l\u00edngua estrangeira ser\u00e1 permitida, para fins de defesa, a reda\u00e7\u00e3o do artigo em portugu\u00eas<\/li>\n\n\n\n<li><strong>Conclus\u00e3o(\u00f5es)<\/strong> Geral(ais)<\/li>\n\n\n\n<li><strong>Refer\u00eancias bibliogr\u00e1fi<\/strong>cas (<a href=\"https:\/\/sites.uel.br\/bibliotecas\/apostilas-para-normalizacao\/\" target=\"_blank\" rel=\"noreferrer noopener\"><strong>normas ABNT<\/strong><\/a>)<\/li>\n\n\n\n<li><strong>Anexos <\/strong>(opcional)<\/li>\n<\/ol>\n\n\n\n<p><\/p>\n\n\n\n<p class=\"has-medium-font-size\"><strong>EXEMPLARES FINALIZADOS<\/strong><\/p>\n\n\n\n<p>Ap\u00f3s ci\u00eancia do orientador e concord\u00e2ncia com a vers\u00e3o definitiva do Trabalho de Disserta\u00e7\u00e3o, este dever\u00e1 encaminhar uma c\u00f3pia digital da vers\u00e3o definitiva \u00e0 Coordena\u00e7\u00e3o do Curso de P\u00f3s-gradua\u00e7\u00e3o em Biotecnologia, \u00e0 Secretaria de P\u00f3s-gradua\u00e7\u00e3o e aos membros titulares e suplentes da Banca Examinadora. Os Orientadores dever\u00e3o indicar \u00e0 Coordena\u00e7\u00e3o do Curso de P\u00f3s-gradua\u00e7\u00e3o em Biotecnologia qual projeto cient\u00edfico vigente e ativo na Plataforma Sucupira est\u00e1 associado \u00e0 Disserta\u00e7\u00e3o desenvolvida.<\/p>\n\n\n\n<p class=\"has-medium-font-size\"><strong>NORMAS PARA A DISCIPLINA DISSERTA\u00c7\u00c3O I<\/strong>: Durante a Disserta\u00e7\u00e3o I, o estudante dever\u00e1 desenvolver o projeto de Disserta\u00e7\u00e3o e realizar sua apresenta\u00e7\u00e3o oral aos docentes e discentes do programa, ap\u00f3s ser avaliado pelo orientador. Uma c\u00f3pia do projeto j\u00e1 avaliado dever\u00e1 ser entregue ao Coordenador da atividade Disserta\u00e7\u00e3o I previamente \u00e0 sua apresenta\u00e7\u00e3o. O projeto de Disserta\u00e7\u00e3o dever\u00e1 ser redigido em at\u00e9 10 (dez) p\u00e1ginas e dever\u00e1 conter: T\u00edtulo, Justificativa, Objetivos, Material e m\u00e9todos, Resultados esperados, Cronograma de execu\u00e7\u00e3o, Refer\u00eancias bibliogr\u00e1ficas.<\/p>\n\n\n\n<p class=\"has-medium-font-size\"><strong>NORMAS PARA A DISCIPLINA DISSERTA\u00c7\u00c3O II<\/strong>: Durante a Disserta\u00e7\u00e3o II, o estudante dever\u00e1 apresentar um relat\u00f3rio sobre o estado da arte do assunto de sua Disserta\u00e7\u00e3o e realizar sua apresenta\u00e7\u00e3o oral aos docentes e discentes do programa, ap\u00f3s ser avaliado pelo orientador. Uma c\u00f3pia do relat\u00f3rio j\u00e1 avaliado dever\u00e1 ser entregue ao Coordenador da atividade Disserta\u00e7\u00e3o II previamente \u00e0 sua apresenta\u00e7\u00e3o. O relat\u00f3rio dever\u00e1 conter: T\u00edtulo, Resumo, Palavras-chave, Introdu\u00e7\u00e3o, Assuntos abordados (em t\u00f3picos); Refer\u00eancias bibliogr\u00e1ficas.<\/p>\n\n\n\n<p class=\"has-medium-font-size\"><strong><a href=\"https:\/\/pos.uel.br\/biotecnologia\/wp-content\/uploads\/2023\/11\/Resolucao-CEPE-81-2023-Regimento-PPG-Biotecnologia.pdf\" data-type=\"link\" data-id=\"https:\/\/pos.uel.br\/biotecnologia\/wp-content\/uploads\/2023\/11\/Resolucao-CEPE-81-2023-Regimento-PPG-Biotecnologia.pdf\" target=\"_blank\" rel=\"noreferrer noopener\">REGIMENTO DO PPG BIOTECNOLOGIA<\/a><\/strong><\/p>\n\n\n\n<div class=\"wp-block-file\"><\/div>\n\n\n\n<p class=\"has-medium-font-size\"><strong><a href=\"https:\/\/pos.uel.br\/biotecnologia\/wp-content\/uploads\/2023\/11\/NormasConcessaoBolsas_NOVO-1.pdf\" data-type=\"link\" data-id=\"https:\/\/pos.uel.br\/biotecnologia\/wp-content\/uploads\/2023\/11\/NormasConcessaoBolsas_NOVO-1.pdf\" target=\"_blank\" rel=\"noreferrer noopener\">NORMAS PARA CONCESS\u00c3O DE BOLSAS DE ESTUDO<\/a><\/strong><\/p>\n\n\n\n<div class=\"wp-block-file\"><\/div>\n\n\n\n<p class=\"has-medium-font-size\"><strong><a href=\"https:\/\/pos.uel.br\/biotecnologia\/wp-content\/uploads\/2023\/11\/Credenciamento_Descredenciamento_OfertaVagas.pdf\" data-type=\"link\" data-id=\"https:\/\/pos.uel.br\/biotecnologia\/wp-content\/uploads\/2023\/11\/Credenciamento_Descredenciamento_OfertaVagas.pdf\" target=\"_blank\" rel=\"noreferrer noopener\">OFERTA DE VAGAS, CREDENCIAMENTO E DESCREDENCIAMENTO DO CORPO DOCENTE<\/a><\/strong><\/p>\n","protected":false},"excerpt":{"rendered":"<p>NORMAS PARA APRESENTA\u00c7\u00c3O DE DISSERTA\u00c7\u00d5ES E TESES A Disserta\u00e7\u00e3o ou Tese dever\u00e1 ser redigida em conformidade com as Normas para Trabalhos Acad\u00eamicos Padr\u00e3o UEL disponibilizados pela Biblioteca Central da UEL ou redigida na forma de artigos cient\u00edficos, e dever\u00e1 conter os seguintes itens: EXEMPLARES FINALIZADOS Ap\u00f3s ci\u00eancia do orientador e concord\u00e2ncia com a vers\u00e3o definitiva [&hellip;]<\/p>\n","protected":false},"author":7,"featured_media":0,"parent":0,"menu_order":0,"comment_status":"closed","ping_status":"closed","template":"","meta":{"_acf_changed":false,"footnotes":""},"class_list":["post-17","page","type-page","status-publish","hentry"],"acf":[],"_links":{"self":[{"href":"https:\/\/pos.uel.br\/biotecnologia\/wp-json\/wp\/v2\/pages\/17","targetHints":{"allow":["GET"]}}],"collection":[{"href":"https:\/\/pos.uel.br\/biotecnologia\/wp-json\/wp\/v2\/pages"}],"about":[{"href":"https:\/\/pos.uel.br\/biotecnologia\/wp-json\/wp\/v2\/types\/page"}],"author":[{"embeddable":true,"href":"https:\/\/pos.uel.br\/biotecnologia\/wp-json\/wp\/v2\/users\/7"}],"replies":[{"embeddable":true,"href":"https:\/\/pos.uel.br\/biotecnologia\/wp-json\/wp\/v2\/comments?post=17"}],"version-history":[{"count":21,"href":"https:\/\/pos.uel.br\/biotecnologia\/wp-json\/wp\/v2\/pages\/17\/revisions"}],"predecessor-version":[{"id":1195,"href":"https:\/\/pos.uel.br\/biotecnologia\/wp-json\/wp\/v2\/pages\/17\/revisions\/1195"}],"wp:attachment":[{"href":"https:\/\/pos.uel.br\/biotecnologia\/wp-json\/wp\/v2\/media?parent=17"}],"curies":[{"name":"wp","href":"https:\/\/api.w.org\/{rel}","templated":true}]}}