{"id":13,"date":"2021-04-27T22:23:47","date_gmt":"2021-04-28T01:23:47","guid":{"rendered":"https:\/\/pos.uel.br\/biotecnologia\/?page_id=13"},"modified":"2021-06-07T09:56:41","modified_gmt":"2021-06-07T12:56:41","slug":"contatos","status":"publish","type":"page","link":"https:\/\/pos.uel.br\/biotecnologia\/contatos\/","title":{"rendered":"Contatos"},"content":{"rendered":"\n<p class=\"has-medium-font-size\"><strong>COMISS\u00c3O COORDENADORA<\/strong><\/p>\n\n\n\n<p><strong>Coordenador<\/strong>: Prof. Dr. Andr\u00e9 Luiz Martinez de Oliveira<\/p>\n\n\n\n<p>E-mail: <a href=\"mailto:almoliva@uel.br\">almoliva@uel.br<\/a><\/p>\n\n\n\n<p><strong>Vice-Coordenadora<\/strong>: Profa. Dra. Daniele Sartori<\/p>\n\n\n\n<p>E-mail: <a href=\"mailto:danielesartori@uel.br\">danielesartori@uel.br<\/a><\/p>\n\n\n\n<p><strong>Membro<\/strong>: Prof. Dr. Doumit Camilios Neto<\/p>\n\n\n\n<p>E-mail: <a href=\"mailto:camiliosneto@uel.br\">camiliosneto@uel.br<\/a><\/p>\n\n\n\n<p class=\"has-medium-font-size\"><strong>SECRETARIA DE P\u00d3S-GRADUA\u00c7\u00c3O<\/strong><\/p>\n\n\n\n<p>Manh\u00e3 &#8211; 8:30 as 11:30<\/p>\n\n\n\n<p>Tarde &#8211; 14:00 as 17:30 horas<\/p>\n\n\n\n<p>Noite &#8211; 19:00 as 22:00 horas<\/p>\n\n\n\n<p>Fone: (43) 3371-4711 Fax: (43) 3371-4879<\/p>\n\n\n\n<p>Contato: Anderson Pereira do Nascimento<\/p>\n\n\n\n<p>E-mail: <a href=\"mailto:spgcce@uel.br\">spgcce@uel.br<\/a><\/p>\n","protected":false},"excerpt":{"rendered":"<p>COMISS\u00c3O COORDENADORA Coordenador: Prof. Dr. Andr\u00e9 Luiz Martinez de Oliveira E-mail: almoliva@uel.br Vice-Coordenadora: Profa. Dra. Daniele Sartori E-mail: danielesartori@uel.br Membro: Prof. Dr. Doumit Camilios Neto E-mail: camiliosneto@uel.br SECRETARIA DE P\u00d3S-GRADUA\u00c7\u00c3O Manh\u00e3 &#8211; 8:30 as 11:30 Tarde &#8211; 14:00 as 17:30 horas Noite &#8211; 19:00 as 22:00 horas Fone: (43) 3371-4711 Fax: (43) 3371-4879 Contato: Anderson [&hellip;]<\/p>\n","protected":false},"author":7,"featured_media":0,"parent":0,"menu_order":0,"comment_status":"closed","ping_status":"closed","template":"","meta":{"_acf_changed":false,"footnotes":""},"class_list":["post-13","page","type-page","status-publish","hentry"],"acf":[],"_links":{"self":[{"href":"https:\/\/pos.uel.br\/biotecnologia\/wp-json\/wp\/v2\/pages\/13","targetHints":{"allow":["GET"]}}],"collection":[{"href":"https:\/\/pos.uel.br\/biotecnologia\/wp-json\/wp\/v2\/pages"}],"about":[{"href":"https:\/\/pos.uel.br\/biotecnologia\/wp-json\/wp\/v2\/types\/page"}],"author":[{"embeddable":true,"href":"https:\/\/pos.uel.br\/biotecnologia\/wp-json\/wp\/v2\/users\/7"}],"replies":[{"embeddable":true,"href":"https:\/\/pos.uel.br\/biotecnologia\/wp-json\/wp\/v2\/comments?post=13"}],"version-history":[{"count":2,"href":"https:\/\/pos.uel.br\/biotecnologia\/wp-json\/wp\/v2\/pages\/13\/revisions"}],"predecessor-version":[{"id":91,"href":"https:\/\/pos.uel.br\/biotecnologia\/wp-json\/wp\/v2\/pages\/13\/revisions\/91"}],"wp:attachment":[{"href":"https:\/\/pos.uel.br\/biotecnologia\/wp-json\/wp\/v2\/media?parent=13"}],"curies":[{"name":"wp","href":"https:\/\/api.w.org\/{rel}","templated":true}]}}