{"id":1029,"date":"2023-11-15T17:46:10","date_gmt":"2023-11-15T20:46:10","guid":{"rendered":"https:\/\/pos.uel.br\/biotecnologia\/?page_id=1029"},"modified":"2024-02-02T15:35:57","modified_gmt":"2024-02-02T18:35:57","slug":"masters","status":"publish","type":"page","link":"https:\/\/pos.uel.br\/biotecnologia\/en\/masters\/","title":{"rendered":"Master&#8217;s"},"content":{"rendered":"\n<p>Vacancies &#8211; up to 25 (twenty-five) vacancies are offered to regular students, depending on the availability of the supervisors.&nbsp; Top-ranking candidates may be offered a scholarship (CAPES, CNPq, FUNDA\u00c7\u00c3O ARAUC\u00c1RIA), depending on the number of scholarships provided by the funding agencies.<\/p>\n\n\n\n<p>Mode of Study &#8211; 2 years (4 semesters) full-time (including the master&#8217;s thesis).<\/p>\n\n\n\n<p>Application process &#8211; the candidate selection process follows two steps:<\/p>\n\n\n\n<p>I. Biochemistry written exam;<\/p>\n\n\n\n<p>II. Documented CV analysis;<\/p>\n\n\n\n<p><strong>Biomolecules and biopolymers of industrial interest<\/strong><\/p>\n\n\n\n<p>Dra. Cristiani Baldo da Rocha<\/p>\n\n\n\n<p>Dra. Daniele Sartori<\/p>\n\n\n\n<p>Dr. Doumit Camilios Neto<\/p>\n\n\n\n<p>Dr. Fabio Yamashita<\/p>\n\n\n\n<p>Dra. Josiane Alessandra Vignoli<\/p>\n\n\n\n<p>Dra. Maria Antonia Pedrine Colabone Celligoi<\/p>\n\n\n\n<p>Dra. Renata Katsuko Takayama Kobayashi<\/p>\n\n\n\n<p>Dra. Suzana Mali de Oliveira<\/p>\n\n\n\n<p><strong>Biochemistry of microorganisms<\/strong><\/p>\n\n\n\n<p>Dra. Daniele Sartori<\/p>\n\n\n\n<p>Dr. Doumit Camilios Neto<\/p>\n\n\n\n<p>Dra. Elisabete Yurie Sataque Ono<\/p>\n\n\n\n<p>Dra. Fabiana Guillen Moreira Gasparin<\/p>\n\n\n\n<p>Dra. Josiane Alessandra Vignoli<\/p>\n\n\n\n<p><strong>Biotechnology of microorganisms and plants<\/strong><\/p>\n\n\n\n<p>Dr. Andr\u00e9 Luiz Martinez de Oliveira<\/p>\n\n\n\n<p>Dra. Elisete Pains Rodrigues<\/p>\n\n\n\n<p>Dra. Francismar Corr\u00eaa Marcelino Guimar\u00e3es<\/p>\n\n\n\n<p>Dra. Liliane Marcia Mertz Henning<\/p>\n\n\n\n<p>Dra. Mari\u00e2ngela Hungria da Cunha<\/p>\n","protected":false},"excerpt":{"rendered":"<p>Vacancies &#8211; up to 25 (twenty-five) vacancies are offered to regular students, depending on the availability of the supervisors.&nbsp; Top-ranking candidates may be offered a scholarship (CAPES, CNPq, FUNDA\u00c7\u00c3O ARAUC\u00c1RIA), depending on the number of scholarships provided by the funding agencies. Mode of Study &#8211; 2 years (4 semesters) full-time (including the master&#8217;s thesis). Application [&hellip;]<\/p>\n","protected":false},"author":15,"featured_media":0,"parent":0,"menu_order":0,"comment_status":"closed","ping_status":"closed","template":"","meta":{"_acf_changed":false,"footnotes":""},"class_list":["post-1029","page","type-page","status-publish","hentry"],"acf":[],"_links":{"self":[{"href":"https:\/\/pos.uel.br\/biotecnologia\/wp-json\/wp\/v2\/pages\/1029","targetHints":{"allow":["GET"]}}],"collection":[{"href":"https:\/\/pos.uel.br\/biotecnologia\/wp-json\/wp\/v2\/pages"}],"about":[{"href":"https:\/\/pos.uel.br\/biotecnologia\/wp-json\/wp\/v2\/types\/page"}],"author":[{"embeddable":true,"href":"https:\/\/pos.uel.br\/biotecnologia\/wp-json\/wp\/v2\/users\/15"}],"replies":[{"embeddable":true,"href":"https:\/\/pos.uel.br\/biotecnologia\/wp-json\/wp\/v2\/comments?post=1029"}],"version-history":[{"count":4,"href":"https:\/\/pos.uel.br\/biotecnologia\/wp-json\/wp\/v2\/pages\/1029\/revisions"}],"predecessor-version":[{"id":1187,"href":"https:\/\/pos.uel.br\/biotecnologia\/wp-json\/wp\/v2\/pages\/1029\/revisions\/1187"}],"wp:attachment":[{"href":"https:\/\/pos.uel.br\/biotecnologia\/wp-json\/wp\/v2\/media?parent=1029"}],"curies":[{"name":"wp","href":"https:\/\/api.w.org\/{rel}","templated":true}]}}