{"id":1025,"date":"2023-11-15T17:28:15","date_gmt":"2023-11-15T20:28:15","guid":{"rendered":"https:\/\/pos.uel.br\/biotecnologia\/?page_id=1025"},"modified":"2024-02-02T00:39:06","modified_gmt":"2024-02-02T03:39:06","slug":"sobre-el-programa","status":"publish","type":"page","link":"https:\/\/pos.uel.br\/biotecnologia\/es\/sobre-el-programa\/","title":{"rendered":"Sobre el programa"},"content":{"rendered":"\n<p><strong>Programa de Posgrado en Biotecnolog\u00eda<\/strong><\/p>\n\n\n\n<p>El Programa de Posgrado en Biotecnolog\u00eda (PPG-Biotecnolog\u00eda) de la Universidad Estatal de Londrina (UEL) es un programa de categor\u00eda 6 de la CAPES, que da fe de la excelencia de la calificaci\u00f3n de los profesionales graduados del PPG-Biotecnolog\u00eda. Los docentes del PPG-Biotecnolog\u00eda provienen de diferentes departamentos de la UEL y tambi\u00e9n de Embrapa-Soja. Trabajan en asociaci\u00f3n con el sector productivo y otras instituciones educativas e instalaciones de investigaci\u00f3n nacionales e internacionales. Los alumnos del programa est\u00e1n calificados para trabajar con equipos multidisciplinarios en instituciones educativas p\u00fablicas y privadas y centros de investigaci\u00f3n, industrias y empresas. Est\u00e1n preparados para afrontar las demandas actuales y desarrollar soluciones basadas en herramientas biotecnol\u00f3gicas.<\/p>\n\n\n\n<p><strong>\u00c1reas de investigaci\u00f3n<\/strong><\/p>\n\n\n\n<p>El PPG-Biotecnolog\u00eda se estructura y concentra en una sola \u00e1rea de investigaci\u00f3n: la Biotecnolog\u00eda Agroindustrial. Sigue las demandas de la regi\u00f3n metropolitana de Londrina, as\u00ed como las del estado de Paran\u00e1 y Brasil. La investigaci\u00f3n enfocada en Biotecnolog\u00eda Agroindustrial busca desarrollar m\u00e9todos, t\u00e9cnicas, procesos y productos biotecnol\u00f3gicos que puedan enriquecer materias primas agr\u00edcolas; explorar la biodiversidad microbiana y sus funciones biol\u00f3gicas; promover el desarrollo sostenible; Desarrollar tecnolog\u00edas limpias y no contaminantes.<\/p>\n\n\n\n<p><strong>Temas de investigaci\u00f3n<\/strong><\/p>\n\n\n\n<p>Biomol\u00e9culas y biopol\u00edmeros de inter\u00e9s industrial: la investigaci\u00f3n en esta tem\u00e1tica incluye la producci\u00f3n, extracci\u00f3n, purificaci\u00f3n, caracterizaci\u00f3n y aplicaci\u00f3n de biomol\u00e9culas y biopol\u00edmeros.<\/p>\n\n\n\n<p>Bioqu\u00edmica de microorganismos: las investigaciones realizadas en esta tem\u00e1tica incluyen el trabajo en el desarrollo y aplicaci\u00f3n de m\u00e9todos para la producci\u00f3n y caracterizaci\u00f3n de enzimas, metabolitos primarios y secundarios, y en el seguimiento y control de toxinas y xenobi\u00f3ticos.<\/p>\n\n\n\n<p>Biotecnolog\u00eda de microorganismos y plantas: la investigaci\u00f3n en esta tem\u00e1tica incluye la identificaci\u00f3n de usos biotecnol\u00f3gicos de microorganismos y plantas, el desarrollo de m\u00e9todos y procesos que permitan su aplicaci\u00f3n como insumo biotecnol\u00f3gico y la detecci\u00f3n de pat\u00f3genos y toxinas en diferentes matrices.<\/p>\n","protected":false},"excerpt":{"rendered":"<p>Programa de Posgrado en Biotecnolog\u00eda El Programa de Posgrado en Biotecnolog\u00eda (PPG-Biotecnolog\u00eda) de la Universidad Estatal de Londrina (UEL) es un programa de categor\u00eda 6 de la CAPES, que da fe de la excelencia de la calificaci\u00f3n de los profesionales graduados del PPG-Biotecnolog\u00eda. Los docentes del PPG-Biotecnolog\u00eda provienen de diferentes departamentos de la UEL y [&hellip;]<\/p>\n","protected":false},"author":15,"featured_media":0,"parent":0,"menu_order":0,"comment_status":"closed","ping_status":"closed","template":"","meta":{"_acf_changed":false,"footnotes":""},"class_list":["post-1025","page","type-page","status-publish","hentry"],"acf":[],"_links":{"self":[{"href":"https:\/\/pos.uel.br\/biotecnologia\/wp-json\/wp\/v2\/pages\/1025","targetHints":{"allow":["GET"]}}],"collection":[{"href":"https:\/\/pos.uel.br\/biotecnologia\/wp-json\/wp\/v2\/pages"}],"about":[{"href":"https:\/\/pos.uel.br\/biotecnologia\/wp-json\/wp\/v2\/types\/page"}],"author":[{"embeddable":true,"href":"https:\/\/pos.uel.br\/biotecnologia\/wp-json\/wp\/v2\/users\/15"}],"replies":[{"embeddable":true,"href":"https:\/\/pos.uel.br\/biotecnologia\/wp-json\/wp\/v2\/comments?post=1025"}],"version-history":[{"count":2,"href":"https:\/\/pos.uel.br\/biotecnologia\/wp-json\/wp\/v2\/pages\/1025\/revisions"}],"predecessor-version":[{"id":1180,"href":"https:\/\/pos.uel.br\/biotecnologia\/wp-json\/wp\/v2\/pages\/1025\/revisions\/1180"}],"wp:attachment":[{"href":"https:\/\/pos.uel.br\/biotecnologia\/wp-json\/wp\/v2\/media?parent=1025"}],"curies":[{"name":"wp","href":"https:\/\/api.w.org\/{rel}","templated":true}]}}