{"id":916,"date":"2021-11-12T11:10:20","date_gmt":"2021-11-12T14:10:20","guid":{"rendered":"https:\/\/pos.uel.br\/biologicas\/?page_id=916"},"modified":"2022-09-12T21:05:27","modified_gmt":"2022-09-13T00:05:27","slug":"publicacoes-sitio-peld","status":"publish","type":"page","link":"https:\/\/pos.uel.br\/biologicas\/publicacoes-sitio-peld\/","title":{"rendered":"Publica\u00e7\u00f5es &#8211; s\u00edtio PELD"},"content":{"rendered":"\n<figure class=\"wp-block-pullquote\"><blockquote><p><a href=\"https:\/\/pos.uel.br\/biologicas\/work-packages\/\" data-type=\"URL\">Work packages<\/a> &#8211; <a href=\"https:\/\/pos.uel.br\/biologicas\/brazilian-team\/\" data-type=\"URL\" data-id=\"https:\/\/pos.uel.br\/biologicas\/brazilian-team\/\">Brazilian team<\/a> &#8211; <a href=\"https:\/\/pos.uel.br\/biologicas\/french-team\/\">French team<\/a> &#8211; <a href=\"https:\/\/pos.uel.br\/biologicas\/german-team\/\" data-type=\"URL\" data-id=\"https:\/\/pos.uel.br\/biologicas\/german-team\/\">German team<\/a> &#8211; <a href=\"https:\/\/pos.uel.br\/biologicas\/publications\/\" data-type=\"URL\" data-id=\"https:\/\/pos.uel.br\/biologicas\/publications\/\">Publications<\/a> <\/p><p><\/p><\/blockquote><\/figure>\n\n\n\n<h2 class=\"wp-block-heading\">Ano 2021<\/h2>\n\n\n\n<p>DO CARMO, GIOVANNA CAMARGO ; IASTRENSKI, LORENA FELIX ; DEBIASI, TATIANE VIEGAS ; DA SILVA, RAFAEL CAETANO ; GOMES, DIEGO GENU\u00c1RIO ; PELEGRINO, MILENA TREVISAN ;&nbsp;<a rel=\"noreferrer noopener\" href=\"http:\/\/lattes.cnpq.br\/2073849496271194\" target=\"_blank\">Bianchini, Edmilson<\/a>&nbsp;; STOLF-MOREIRA, RENATA ;&nbsp;Pimenta, Jos\u00e9 Antonio&nbsp;; SEABRA, AMEDEA BAROZZI ; OLIVEIRA, HALLEY CAIXETA . Nanoencapsulation improves the protective effects of a nitric oxide donor on drought-stressed Heliocarpus popayanensis seedlings. ECOTOXICOLOGY AND ENVIRONMENTAL SAFETY, v. 225, p. 112713-112723, 2021. <a href=\"https:\/\/doi.org\/10.1016\/j.ecoenv.2021.112713\">https:\/\/doi.org\/10.1016\/j.ecoenv.2021.112713<\/a><\/p>\n\n\n\n<h2 class=\"wp-block-heading\">Ano 2020<\/h2>\n\n\n\n<p>ADELINO, JOS\u00c9 RICARDO PIRES; CALSAVARA, LARISSA CORSINI; WILLRICH, GUILHERME; ROSA, GABRIEL LIMA MEDINA; LIMA, MARCOS ROBALINHO; dos Anjos, Luiz Ecosystem functions of birds as a tool to track restoration efficiency in Brazil. Ornithology Research. , v.28, p.1 &#8211; , 2020. <a href=\"https:\/\/doi.org\/10.1007\/s43388-020-00008-z\">https:\/\/doi.org\/10.1007\/s43388-020-00008-z<\/a><\/p>\n\n\n\n<p>dos Anjos, Luiz; DE ALMEIDA, BIA A. On the importance of niche packing for local species richness in taxonomic bird groups of the Neotropical region. JOURNAL OF ORNITHOLOGY. , v.161, p.1083 &#8211; 1092, 2020. <a href=\"https:\/\/doi.org\/10.1007\/s10336-020-01786-5\">https:\/\/doi.org\/10.1007\/s10336-020-01786-5<\/a><\/p>\n\n\n\n<p>MOTTA-TAVARES, TATIANA; ROCHA, CARLOS FREDERICO DUARTE; ANJOS, LUIZ DOS The influence of matrix type in the relationship between patch size and amphibia richness: A global Meta-Analysis. ACTA OECOLOGICA-INTERNATIONAL JOURNAL OF ECOLOGY. , v.105, p.103577 &#8211; , 2020. <a href=\"https:\/\/doi.org\/10.1016\/j.actao.2020.103577\">https:\/\/doi.org\/10.1016\/j.actao.2020.103577<\/a><\/p>\n\n\n\n<p>DE ARA\u00daJO, CARLOS B.; JARDIM, MARCELO; SATURNINO, NAT\u00c1LIA DOS S. F.; ROSA, GABRIEL M.; LIMA, MARCOS R.; dos Anjos, Luiz The optimal listening period for an effective assessment of bird richness and composition: a case study of Neotropical forest. JOURNAL OF ORNITHOLOGY. , v.161, p.1 &#8211; , 2020. <a href=\"https:\/\/doi.org\/10.1007\/s10336-020-01812-6\">https:\/\/doi.org\/10.1007\/s10336-020-01812-6<\/a><\/p>\n\n\n\n<p>TIEPO, ANG\u00c9LICA NUNES ; CONSTANTINO, LEONEL VINICIUS ; MADEIRA, TIAGO BERVELIERI ; GON\u00c7ALVES, LEANDRO SIM\u00d5ES AZEREDO ;&nbsp;<span class=\"has-inline-color has-primary-text-color\">Pimenta, Jos\u00e9 Antonio&nbsp;; Bianchini, Edmilson<a href=\"http:\/\/lattes.cnpq.br\/2073849496271194\">&nbsp;<\/a><\/span>; DE OLIVEIRA, ANDR\u00c9 LUIZ MARTINEZ ; OLIVEIRA, HALLEY CAIXETA ; STOLF-MOREIRA, RENATA . Plant growth-promoting bacteria improve leaf antioxidant metabolism of drought-stressed Neotropical trees. PLANTA, v. 251, p. 83-94, 2020. <a href=\"https:\/\/doi.org\/10.1007\/s00425-020-03373-7\">https:\/\/doi.org\/10.1007\/s00425-020-03373-7<\/a><\/p>\n\n\n\n<p>TOREZAN, L. F.; CALSAVARA, L. C.; BOCHIO, G. M.; ANJOS, LUIZ DOS Vulnerability of bird species in highly fragmented forests of southern Brazil: implications for conservation.. Ornithology Research. , v.28, p.1 &#8211; 8, 2020. <a href=\"https:\/\/doi.org\/10.1007\/s43388-020-00029-8\">https:\/\/doi.org\/10.1007\/s43388-020-00029-8<\/a><\/p>\n\n\n\n<p>VINDICA, V. F. ; BARGOENA, L. ; SANTANA, P. C. ;&nbsp;PIMENTA, J. A.&nbsp;;&nbsp;CAVALHEIRO, A. L.;&nbsp;TOREZAN, J.M.D.; BIANCHINI, E. Seed rain in a restoration site and in an adjacent remnant of Seasonal Atlantic Forest.. CI\u00caNCIA FLORESTAL (ONLINE), v. 30, p. 1230-1244, 2020. <a href=\"https:\/\/doi.org\/10.5902\/1980509835151\">https:\/\/doi.org\/10.5902\/1980509835151<\/a><\/p>\n\n\n\n<h2 class=\"wp-block-heading\">Ano 2019<\/h2>\n\n\n\n<p><strong>Anjos, Luiz<\/strong>; BOCHIO, GABRIELA MENEZES; MEDEIROS, HUGO REIS; ALMEIDA, BIA DE ARRUDA; LINDSEY, BARBARA ROCHA ARAKAKI; CALSAVARA, LARISSA CORSINI; RIBEIRO, MILTON CEZAR; DOMINGUES TOREZAN, JOS\u00c9 MARCELO Insights on the functional composition of specialist and generalist birds throughout continuous and fragmented forests. Ecology and Evolution. , v.9, p.6318 &#8211; , 2019. DOI: <a href=\"http:\/\/10.1002\/ece3.5204\" data-type=\"URL\" data-id=\"10.1002\/ece3.5204\" target=\"_blank\" rel=\"noreferrer noopener\">10.1002\/ece3.5204<\/a><\/p>\n\n\n\n<p>ARAKAKI LINDSEY, BARBARA R.; BOCHIO, GABRIELA MENEZES; ANJOS, LUIZ DOS Bird species that occupy river edge in continuous forest tend to be less sensitive to forest fragmentation.. Revista Brasileira de Ornitologia. , v.27, p.172 &#8211; 186, 2019.<\/p>\n\n\n\n<p>DEBIASI, TATIANE V. ; CALZAVARA, ANDERSON K. ; DA SILVA, LIGIA M. I. ; DA SILVA, JANAINA G. ;&nbsp;BIANCHINI, E.;&nbsp;PIMENTA, J A.&nbsp;; STOLF-MOREIRA, RENATA ; AIDAR, MARCOS P. M. ; SODEK, LADASLAV ; OLIVEIRA, HALLEY C. . Nitrogen metabolism of Neotropical tree seedlings with contrasting ecological characteristics. ACTA PHYSIOLOGIAE PLANTARUM, v. 41, p. 2-11, 2019. <a href=\"https:\/\/doi.org\/10.1007\/s11738-019-2923-9\">https:\/\/doi.org\/10.1007\/s11738-019-2923-9<\/a><\/p>\n\n\n\n<p>FIGUEIREDO, GUILHERME DE T.; STORTI, LUIS FERNANDO; LOUREN\u00c7O-DE-MORAES, RICARDO; SHIBATTA, OSCAR A.; ANJOS, LUIZ DOS Influence of microhabitat on the richness of anuran species: a case study of different landscapes in the Atlantic Forest of southern Brazil. ANAIS DA ACADEMIA BRASILEIRA DE CI\u00caNCIAS (ONLINE). , v.91, p.1 &#8211; , 2019. <a href=\"http:\/\/dx.doi.org\/10.1590\/0001-3765201920171023\" target=\"_blank\" rel=\"noreferrer noopener\">http:\/\/dx.doi.org\/10.1590\/0001-3765201920171023<\/a><\/p>\n\n\n\n<p>LOPES-OLIVEIRA, PATR\u00cdCIA JULIANA ; GOMES, DIEGO GENU\u00c1RIO ; PELEGRINO, MILENA TREVISAN ; BIANCHINI, E.&nbsp;;&nbsp;Pimenta, Jos\u00e9 Antonio&nbsp;; STOLF-MOREIRA, RENATA ; SEABRA, AMEDEA BAROZZI ; OLIVEIRA, HALLEY CAIXETA . Effects of nitric oxide-releasing nanoparticles on neotropical tree seedlings submitted to acclimation under full sun in the nursery. Scientific Reports, v. 9, p. 17371-17386, 2019. <a href=\"https:\/\/doi.org\/10.1038\/s41598-019-54030-3\">https:\/\/doi.org\/10.1038\/s41598-019-54030-3<\/a><\/p>\n\n\n\n<p>Perina, Bianca Buck ; Liboni, Ana Paula ; MONTANHER, DANIEL RODRIGO ; MESSETTI, ANA VERG\u00cdNIA L. ;PIMENTA, J. A., BIANCHINI, E.. Phenology of the tree community in a seasonal forest in southern Brazil. Brazilian Journal of Botany, v. 3, p. 1, 2019. <a href=\"https:\/\/doi.org\/10.1007\/s40415-019-00545-y\">https:\/\/doi.org\/10.1007\/s40415-019-00545-y<\/a><\/p>\n\n\n\n<p>WILLRICH, GUILHERME; LIMA, MARCOS ROBALINHO; dos Anjos, Luiz The role of environmental heterogeneity for the maintenance of distinct bird communities in fragmented forests. EMU. , v.119, p.374 &#8211; 383, 2019. <a href=\"https:\/\/doi.org\/10.1080\/01584197.2019.1624577\">https:\/\/doi.org\/10.1080\/01584197.2019.1624577<\/a><\/p>\n\n\n\n<pre class=\"wp-block-preformatted\"><\/pre>\n","protected":false},"excerpt":{"rendered":"<p>Ano 2021 DO CARMO, GIOVANNA CAMARGO ; IASTRENSKI, LORENA FELIX ; DEBIASI, TATIANE VIEGAS ; DA SILVA, RAFAEL CAETANO ; GOMES, DIEGO GENU\u00c1RIO ; PELEGRINO, MILENA TREVISAN ;&nbsp;Bianchini, Edmilson&nbsp;; STOLF-MOREIRA, RENATA ;&nbsp;Pimenta, Jos\u00e9 Antonio&nbsp;; SEABRA, AMEDEA BAROZZI ; OLIVEIRA, HALLEY CAIXETA . Nanoencapsulation improves the protective effects of a nitric oxide donor on drought-stressed Heliocarpus [&hellip;]<\/p>\n","protected":false},"author":9,"featured_media":0,"parent":0,"menu_order":0,"comment_status":"closed","ping_status":"closed","template":"","meta":{"footnotes":""},"class_list":["post-916","page","type-page","status-publish","hentry"],"acf":[],"_links":{"self":[{"href":"https:\/\/pos.uel.br\/biologicas\/wp-json\/wp\/v2\/pages\/916","targetHints":{"allow":["GET"]}}],"collection":[{"href":"https:\/\/pos.uel.br\/biologicas\/wp-json\/wp\/v2\/pages"}],"about":[{"href":"https:\/\/pos.uel.br\/biologicas\/wp-json\/wp\/v2\/types\/page"}],"author":[{"embeddable":true,"href":"https:\/\/pos.uel.br\/biologicas\/wp-json\/wp\/v2\/users\/9"}],"replies":[{"embeddable":true,"href":"https:\/\/pos.uel.br\/biologicas\/wp-json\/wp\/v2\/comments?post=916"}],"version-history":[{"count":4,"href":"https:\/\/pos.uel.br\/biologicas\/wp-json\/wp\/v2\/pages\/916\/revisions"}],"predecessor-version":[{"id":944,"href":"https:\/\/pos.uel.br\/biologicas\/wp-json\/wp\/v2\/pages\/916\/revisions\/944"}],"wp:attachment":[{"href":"https:\/\/pos.uel.br\/biologicas\/wp-json\/wp\/v2\/media?parent=916"}],"curies":[{"name":"wp","href":"https:\/\/api.w.org\/{rel}","templated":true}]}}