{"id":841,"date":"2021-10-13T20:18:11","date_gmt":"2021-10-13T23:18:11","guid":{"rendered":"https:\/\/pos.uel.br\/biologicas\/?page_id=841"},"modified":"2021-10-13T20:18:11","modified_gmt":"2021-10-13T23:18:11","slug":"programa-de-posgrado-en-ciencias-biologicas-ppg-cb","status":"publish","type":"page","link":"https:\/\/pos.uel.br\/biologicas\/programa-de-posgrado-en-ciencias-biologicas-ppg-cb\/","title":{"rendered":"Programa de Posgrado en Ciencias Biol\u00f3gicas (PPG-CB)"},"content":{"rendered":"\n<p>El <strong>Programa de Posgrado en Ciencias Biol\u00f3gicas (PPG-CB)<\/strong> tiene una \u00fanica \u00e1rea de concentraci\u00f3n, denominada &#8220;<strong>Biodiversidad y Conservaci\u00f3n en H\u00e1bitats Fragmentados<\/strong>&#8220;, que tiene dos l\u00edneas de investigaci\u00f3n: &#8220;<strong>Biodiversidad y Conservaci\u00f3n de H\u00e1bitats Terrestres<\/strong>&#8221; y &#8220;<strong>Biodiversidad y Conservaci\u00f3n de H\u00e1bitats Acu\u00e1ticos<\/strong>&#8220;. Esta organizaci\u00f3n del PPG-CB es el resultado del enfoque integrado de la Biodiversidad, en el que la investigaci\u00f3n sobre la biota se considera bajo diferentes enfoques, junto con los aspectos del medio f\u00edsico y la sociedad. Este contexto est\u00e1 marcado por la fragmentaci\u00f3n del h\u00e1bitat y las interacciones de este fen\u00f3meno con el cambio clim\u00e1tico global, la contaminaci\u00f3n ambiental y la ocupaci\u00f3n desordenada del espacio por el hombre. El estudio de las especies indicadoras, sensibles o raras, as\u00ed como el an\u00e1lisis de las variaciones de la diversidad funcional y de los servicios ecol\u00f3gicos, son los temas comunes en las investigaciones realizadas en el PPG-CB. Todos estos enfoques tienen como <strong>objetivos<\/strong>: (i) <strong>producir y difundir conocimientos cient\u00edficos<\/strong> sobre la biodiversidad en paisajes fragmentados, (ii) <strong>formar recursos humanos <\/strong>de alto nivel para la docencia, la investigaci\u00f3n y la gesti\u00f3n ambiental, y (iii) contribuir a la formulaci\u00f3n de pol\u00edticas p\u00fablicas de <strong>uso sostenible, protecci\u00f3n y restauraci\u00f3n de la biodiversidad<\/strong>. Estos objetivos est\u00e1n en consonancia con las exigencias mundiales, nacionales y regionales.<\/p>\n","protected":false},"excerpt":{"rendered":"<p>El Programa de Posgrado en Ciencias Biol\u00f3gicas (PPG-CB) tiene una \u00fanica \u00e1rea de concentraci\u00f3n, denominada &#8220;Biodiversidad y Conservaci\u00f3n en H\u00e1bitats Fragmentados&#8220;, que tiene dos l\u00edneas de investigaci\u00f3n: &#8220;Biodiversidad y Conservaci\u00f3n de H\u00e1bitats Terrestres&#8221; y &#8220;Biodiversidad y Conservaci\u00f3n de H\u00e1bitats Acu\u00e1ticos&#8220;. Esta organizaci\u00f3n del PPG-CB es el resultado del enfoque integrado de la Biodiversidad, en el [&hellip;]<\/p>\n","protected":false},"author":10,"featured_media":0,"parent":0,"menu_order":0,"comment_status":"closed","ping_status":"closed","template":"","meta":{"footnotes":""},"class_list":["post-841","page","type-page","status-publish","hentry"],"acf":[],"_links":{"self":[{"href":"https:\/\/pos.uel.br\/biologicas\/wp-json\/wp\/v2\/pages\/841","targetHints":{"allow":["GET"]}}],"collection":[{"href":"https:\/\/pos.uel.br\/biologicas\/wp-json\/wp\/v2\/pages"}],"about":[{"href":"https:\/\/pos.uel.br\/biologicas\/wp-json\/wp\/v2\/types\/page"}],"author":[{"embeddable":true,"href":"https:\/\/pos.uel.br\/biologicas\/wp-json\/wp\/v2\/users\/10"}],"replies":[{"embeddable":true,"href":"https:\/\/pos.uel.br\/biologicas\/wp-json\/wp\/v2\/comments?post=841"}],"version-history":[{"count":1,"href":"https:\/\/pos.uel.br\/biologicas\/wp-json\/wp\/v2\/pages\/841\/revisions"}],"predecessor-version":[{"id":842,"href":"https:\/\/pos.uel.br\/biologicas\/wp-json\/wp\/v2\/pages\/841\/revisions\/842"}],"wp:attachment":[{"href":"https:\/\/pos.uel.br\/biologicas\/wp-json\/wp\/v2\/media?parent=841"}],"curies":[{"name":"wp","href":"https:\/\/api.w.org\/{rel}","templated":true}]}}