{"id":8,"date":"2021-04-26T18:59:46","date_gmt":"2021-04-26T21:59:46","guid":{"rendered":"https:\/\/pos.uel.br\/biologicas\/?page_id=8"},"modified":"2025-09-19T09:54:14","modified_gmt":"2025-09-19T12:54:14","slug":"contatos","status":"publish","type":"page","link":"https:\/\/pos.uel.br\/biologicas\/contatos\/","title":{"rendered":"Contatos"},"content":{"rendered":"\n<div class=\"wp-block-group\"><div class=\"wp-block-group__inner-container is-layout-flow wp-block-group-is-layout-flow\">\n<p class=\"has-text-align-center has-medium-font-size\"><strong>Programa de P\u00f3s-Gradua\u00e7\u00e3o em Ci\u00eancias Biol\u00f3gicas<\/strong> <\/p>\n\n\n\n<p class=\"has-text-align-center has-medium-font-size\">Universidade Estadual de Londrina<br>Centro de Ci\u00eancias Biol\u00f3gicas<br>Departamento de Biologia Animal e Vegetal<br>Caixa Postal 10011 \u2013 CEP 86057-970 \u2013 Londrina\/PR<br><\/p>\n\n\n\n<p class=\"has-text-align-center has-medium-font-size\"><strong>E-mail coordena\u00e7\u00e3o:<\/strong><a href=\"mailto:ppg.cb@uel.br\"> <\/a><a href=\"mailto:ppg.cb@uel.br\">ppg.cb@uel.br<\/a><\/p>\n\n\n\n<div style=\"height:100px\" aria-hidden=\"true\" class=\"wp-block-spacer\"><\/div>\n\n\n\n<p class=\"has-text-align-center\"><\/p>\n<\/div><\/div>\n\n\n\n<p class=\"has-text-align-center has-medium-font-size\"><strong>Secretaria:<\/strong> Thialla Fernandes<\/p>\n\n\n\n<p class=\"has-text-align-center has-medium-font-size\"><strong>Local de atendimento:<\/strong> Secretaria do BAV<\/p>\n\n\n\n<p class=\"has-text-align-center has-medium-font-size\"><strong>Hor\u00e1rio de atendimento:<\/strong> 14:30-17:30<\/p>\n\n\n\n<p class=\"has-text-align-center has-medium-font-size\"><strong>Telefone:<\/strong> (43) 3371-4191<\/p>\n\n\n\n<p class=\"has-text-align-center has-medium-font-size\"><strong>E-mail secretaria:<\/strong> <a href=\"mailto:strictoccb@uel.br\">strictoccb@uel.br<\/a> <\/p>\n\n\n\n<p><\/p>\n","protected":false},"excerpt":{"rendered":"<p>Programa de P\u00f3s-Gradua\u00e7\u00e3o em Ci\u00eancias Biol\u00f3gicas Universidade Estadual de LondrinaCentro de Ci\u00eancias Biol\u00f3gicasDepartamento de Biologia Animal e VegetalCaixa Postal 10011 \u2013 CEP 86057-970 \u2013 Londrina\/PR E-mail coordena\u00e7\u00e3o: ppg.cb@uel.br Secretaria: Thialla Fernandes Local de atendimento: Secretaria do BAV Hor\u00e1rio de atendimento: 14:30-17:30 Telefone: (43) 3371-4191 E-mail secretaria: strictoccb@uel.br<\/p>\n","protected":false},"author":7,"featured_media":0,"parent":0,"menu_order":0,"comment_status":"closed","ping_status":"closed","template":"","meta":{"footnotes":""},"class_list":["post-8","page","type-page","status-publish","hentry"],"acf":[],"_links":{"self":[{"href":"https:\/\/pos.uel.br\/biologicas\/wp-json\/wp\/v2\/pages\/8","targetHints":{"allow":["GET"]}}],"collection":[{"href":"https:\/\/pos.uel.br\/biologicas\/wp-json\/wp\/v2\/pages"}],"about":[{"href":"https:\/\/pos.uel.br\/biologicas\/wp-json\/wp\/v2\/types\/page"}],"author":[{"embeddable":true,"href":"https:\/\/pos.uel.br\/biologicas\/wp-json\/wp\/v2\/users\/7"}],"replies":[{"embeddable":true,"href":"https:\/\/pos.uel.br\/biologicas\/wp-json\/wp\/v2\/comments?post=8"}],"version-history":[{"count":6,"href":"https:\/\/pos.uel.br\/biologicas\/wp-json\/wp\/v2\/pages\/8\/revisions"}],"predecessor-version":[{"id":1874,"href":"https:\/\/pos.uel.br\/biologicas\/wp-json\/wp\/v2\/pages\/8\/revisions\/1874"}],"wp:attachment":[{"href":"https:\/\/pos.uel.br\/biologicas\/wp-json\/wp\/v2\/media?parent=8"}],"curies":[{"name":"wp","href":"https:\/\/api.w.org\/{rel}","templated":true}]}}