{"id":7,"date":"2021-04-26T18:59:46","date_gmt":"2021-04-26T21:59:46","guid":{"rendered":"https:\/\/pos.uel.br\/biologicas\/?page_id=7"},"modified":"2025-11-01T11:58:29","modified_gmt":"2025-11-01T14:58:29","slug":"historico","status":"publish","type":"page","link":"https:\/\/pos.uel.br\/biologicas\/historico\/","title":{"rendered":"Programa de P\u00f3s-Gradua\u00e7\u00e3o em Ci\u00eancias Biol\u00f3gicas &#8211; 25 anos"},"content":{"rendered":"\n<div style=\"height:42px\" aria-hidden=\"true\" class=\"wp-block-spacer\"><\/div>\n\n\n\n<div class=\"wp-block-group\"><div class=\"wp-block-group__inner-container is-layout-constrained wp-block-group-is-layout-constrained\">\n<p class=\"has-text-align-left\"><strong><a href=\"https:\/\/pos.uel.br\/biologicas\/historico-de-coordenadores-do-ppg-cb\/\">Galeria de Coordenadores do PPG-CB<\/a><\/strong><\/p>\n<\/div><\/div>\n\n\n\n<figure class=\"wp-block-gallery has-nested-images columns-default is-cropped wp-block-gallery-1 is-layout-flex wp-block-gallery-is-layout-flex\"><\/figure>\n\n\n\n<div style=\"height:45px\" aria-hidden=\"true\" class=\"wp-block-spacer\"><\/div>\n\n\n\n<div class=\"wp-block-group\"><div class=\"wp-block-group__inner-container is-layout-flow wp-block-group-is-layout-flow\">\n<p>O Programa de P\u00f3s-Gradua\u00e7\u00e3o em Ci\u00eancias Biol\u00f3gicas (PPG-CB) da Universidade Estadual de Londrina (UEL) foi criado em 2001 com o curso de Mestrado, impulsionado pelo aumento da demanda cient\u00edfica e da qualifica\u00e7\u00e3o de pesquisadores que desenvolveram o Projeto Tibagi, um projeto de pesquisa multidisciplinar que investigou a fauna e a flora da bacia do rio Tibagi (estado do Paran\u00e1). Esse projeto, intitulado &#8220;Aspectos da Fauna e Flora da Bacia do Rio Tibagi&#8221;, teve in\u00edcio em setembro de 1989 e desenvolveu-se ao longo de 13 anos, culminando com a publica\u00e7\u00e3o do livro &#8220;<a href=\"http:\/\/www.uel.br\/pos\/biologicas\/pages\/arquivos\/pdf\/Livro-A-Bacia-do-Tibagi.pdf\" data-type=\"URL\" data-id=\"http:\/\/www.uel.br\/pos\/biologicas\/pages\/arquivos\/pdf\/Livro-A-Bacia-do-Tibagi.pdf\" target=\"_blank\" rel=\"noreferrer noopener\">A Bacia do Rio Tibagi<\/a>&#8221; em 2002.<\/p>\n\n\n\n<p>A bacia do rio Tibagi (aproximadamente 25.000 km<sup>2<\/sup>, 13% do estado do Paran\u00e1) foi bastante afetada com a explora\u00e7\u00e3o desordenada, especialmente a partir de 1920. A cobertura florestal nativa foi reduzida em 96% e ecossistemas n\u00e3o-florestais, que ocupavam \u00e1rea menor, foram ainda mais afetados. Ao mesmo tempo, a polui\u00e7\u00e3o, especialmente nos ambientes aqu\u00e1ticos, foi aumentando com o desenvolvimento agr\u00edcola e industrial. Neste cen\u00e1rio, o principal objetivo de v\u00e1rias pesquisas desenvolvidas no Projeto Tibagi foi descrever e analisar a fauna e flora da bacia do rio Tibagi em v\u00e1rios n\u00edveis, desde esp\u00e9cies at\u00e9 comunidades, de modo a propor medidas para conserva\u00e7\u00e3o e restaura\u00e7\u00e3o da biodiversidade.<\/p>\n\n\n\n<p>Com o passar dos anos, as atividades de restaura\u00e7\u00e3o ganharam consist\u00eancia, beneficiando-se do conhecimento cient\u00edfico acumulado, ao mesmo tempo em que novas oportunidades de pesquisa em outras \u00e1reas eram geradas. Com isso, em agosto de 2011, o PPG-CB passou a oferecer o Doutorado em agosto de 2011. A partir dos \u00faltimos 6 anos, alguns docentes se aposentaram e outros tantos foram contratados pela universidade e gradualmente incorporados ao PPG. Com isso, o PPG-CB passou por uma renova\u00e7\u00e3o e somente a partir de 2017 o novo quadro de docentes se consolidou. Essa instabilidade gerou defici\u00eancias que foram percebidas na avalia\u00e7\u00e3o do quadri\u00eanio 2013-2016 e resultou na manuten\u00e7\u00e3o do n\u00edvel 4 no conceito CAPES. Entretanto, essa renova\u00e7\u00e3o resultou numa melhora significativa em muitos aspectos do programa, principalmente na produ\u00e7\u00e3o docente e discente, de forma que almejamos o aumento do conceito CAPES ao final do quadri\u00eanio 2017-2020.<\/p>\n\n\n\n<p>As pesquisas atualmente desenvolvidas no PPG-CB apresentam em comum a forte conex\u00e3o com as pr\u00e1ticas de manejo ambiental e a formula\u00e7\u00e3o de pol\u00edticas p\u00fablicas, o que mant\u00e9m v\u00e1rios dos docentes em contato constante com t\u00e9cnicos de \u00f3rg\u00e3os estaduais e federais, e de empresas com atua\u00e7\u00e3o direta na \u00e1rea ambiental. Contatos com o Minist\u00e9rio P\u00fablico (tanto estadual quanto a Procuradoria da Rep\u00fablica) t\u00eam sido frequentes nas quest\u00f5es que envolvem impactos ambientais, como aqueles relacionados \u00e0 constru\u00e7\u00e3o de barragens. Da mesma forma, docentes do PPG-CB t\u00eam frequente contato com t\u00e9cnicos dos \u00f3rg\u00e3os ambientais (ICMBio, Ibama) e estaduais (IAP, Instituto Ambiental do Paran\u00e1). Informa\u00e7\u00f5es e t\u00e9cnicas s\u00e3o frequentemente repassadas a estes \u00f3rg\u00e3os.<\/p>\n\n\n\n<p>Assim, o desenvolvimento e o amadurecimento do grupo de docentes do PPG-CB t\u00eam permitido contribuir com o desenvolvimento cient\u00edfico e tecnol\u00f3gico do Brasil, com a forma\u00e7\u00e3o de recursos humanos de alto n\u00edvel e com a implementa\u00e7\u00e3o de pol\u00edticas p\u00fablicas que visam a utiliza\u00e7\u00e3o racional e conserva\u00e7\u00e3o da biodiversidade por meio de estudos realizados em diferentes escalas.<\/p>\n<\/div><\/div>\n","protected":false},"excerpt":{"rendered":"<p>Galeria de Coordenadores do PPG-CB O Programa de P\u00f3s-Gradua\u00e7\u00e3o em Ci\u00eancias Biol\u00f3gicas (PPG-CB) da Universidade Estadual de Londrina (UEL) foi criado em 2001 com o curso de Mestrado, impulsionado pelo aumento da demanda cient\u00edfica e da qualifica\u00e7\u00e3o de pesquisadores que desenvolveram o Projeto Tibagi, um projeto de pesquisa multidisciplinar que investigou a fauna e a [&hellip;]<\/p>\n","protected":false},"author":7,"featured_media":0,"parent":0,"menu_order":0,"comment_status":"closed","ping_status":"closed","template":"","meta":{"footnotes":""},"class_list":["post-7","page","type-page","status-publish","hentry"],"acf":[],"_links":{"self":[{"href":"https:\/\/pos.uel.br\/biologicas\/wp-json\/wp\/v2\/pages\/7","targetHints":{"allow":["GET"]}}],"collection":[{"href":"https:\/\/pos.uel.br\/biologicas\/wp-json\/wp\/v2\/pages"}],"about":[{"href":"https:\/\/pos.uel.br\/biologicas\/wp-json\/wp\/v2\/types\/page"}],"author":[{"embeddable":true,"href":"https:\/\/pos.uel.br\/biologicas\/wp-json\/wp\/v2\/users\/7"}],"replies":[{"embeddable":true,"href":"https:\/\/pos.uel.br\/biologicas\/wp-json\/wp\/v2\/comments?post=7"}],"version-history":[{"count":10,"href":"https:\/\/pos.uel.br\/biologicas\/wp-json\/wp\/v2\/pages\/7\/revisions"}],"predecessor-version":[{"id":1951,"href":"https:\/\/pos.uel.br\/biologicas\/wp-json\/wp\/v2\/pages\/7\/revisions\/1951"}],"wp:attachment":[{"href":"https:\/\/pos.uel.br\/biologicas\/wp-json\/wp\/v2\/media?parent=7"}],"curies":[{"name":"wp","href":"https:\/\/api.w.org\/{rel}","templated":true}]}}