{"id":621,"date":"2021-06-23T16:16:55","date_gmt":"2021-06-23T19:16:55","guid":{"rendered":"https:\/\/pos.uel.br\/biologicas\/?page_id=621"},"modified":"2021-06-23T17:25:36","modified_gmt":"2021-06-23T20:25:36","slug":"internacionalizacao","status":"publish","type":"page","link":"https:\/\/pos.uel.br\/biologicas\/internacionalizacao\/","title":{"rendered":"Internacionaliza\u00e7\u00e3o"},"content":{"rendered":"\n<p>Para mais informa\u00e7\u00f5es sobre acordos de coopera\u00e7\u00e3o e internacionaliza\u00e7\u00e3o na UEL acesse a p\u00e1gina da <a href=\"http:\/\/www.uel.br\/ari\/\">Assessoria de Rela\u00e7\u00f5es Internacionais<\/a>. <\/p>\n\n\n\n<div style=\"height:30px\" aria-hidden=\"true\" class=\"wp-block-spacer\"><\/div>\n\n\n\n<p>As principais atividades internacionais desenvolvidas no nosso PPG s\u00e3o publica\u00e7\u00f5es em peri\u00f3dicos internacionais, colabora\u00e7\u00f5es com pesquisadores e institui\u00e7\u00f5es estrangeiras, interc\u00e2mbio estudantil, editora\u00e7\u00e3o internacional e organiza\u00e7\u00e3o de eventos internacionais.<\/p>\n\n\n\n<div style=\"height:30px\" aria-hidden=\"true\" class=\"wp-block-spacer\"><\/div>\n\n\n\n<p class=\"has-medium-font-size\"><strong>Publica\u00e7\u00f5es em peri\u00f3dicos internacionais<\/strong><\/p>\n\n\n\n<p>No \u00faltimo quadri\u00eanio, 184 trabalhos (cap\u00edtulos de livros e artigos) do PPG-CB foram publicados em ve\u00edculos internacionais, em contraste com 90 produtos bibliogr\u00e1ficos em ve\u00edculos nacionais. Foram 171 artigos cient\u00edficos publicados em peri\u00f3dicos internacionais, dos quais 42 (24,6%) foram publicados em peri\u00f3dicos classificados como Qualis A1, 43 (25,1%) em peri\u00f3dicos classificados como A2 e 142 (83,04%) em peri\u00f3dicos classificados no estrato A1-A4. Esses dados mostram um grande salto em rela\u00e7\u00e3o ao quadri\u00eanio anterior. Conforme explicitado em nossa proposta de autoavalia\u00e7\u00e3o, estamos implementando estrat\u00e9gias para que nossos docentes e discentes publiquem ainda mais em ve\u00edculos internacionais de alto impacto.<\/p>\n\n\n\n<p>Dos cap\u00edtulos de livro publicados em grandes editoras internacionais (13 cap\u00edtulos) destacam-se \u201cHost specialization and dispersal in Avian haemosporidians\u201d (Springer), \u201cOverview of nanopesticide environmental safety aspects and regulatory issues: the case of nanoatrazine\u201d (Springer), \u201cPotential Use of Polymeric Particles for the Regulation of Plant Growth\u201d (Springer), \u201cPlant Nitric Oxide Signaling Under Environmental Stresses. Mechanism of Plant Hormone Signaling under Stress\u201d (Wiley) e \u201cImportance of mycorrhizae in Tropical soils\u201d (Springer), al\u00e9m da edi\u00e7\u00e3o do livro \u201cNanopesticides\u201d (Springer).<\/p>\n\n\n\n<p>Um reflexo do impacto de nossas publica\u00e7\u00f5es \u00e9 que 84,2% (ISI) e 89,5% (Scopus) dos nossos docentes possuem Fator H maior ou igual a 7, e 68,4% (ISI) e 78,9% (Scopus) possuem Fator H maior ou igual a 10.<\/p>\n\n\n\n<div style=\"height:30px\" aria-hidden=\"true\" class=\"wp-block-spacer\"><\/div>\n\n\n\n<p class=\"has-medium-font-size\"><strong>Interc\u00e2mbio estudantil<\/strong><\/p>\n\n\n\n<p>O PPG-CB tem regularmente estudantes que usufruem bolsas sandu\u00edche da CAPES e desenvolvem pesquisas em laborat\u00f3rios estrangeiros. A sele\u00e7\u00e3o dos estudantes d\u00e1-se conforme edital espec\u00edfico, publicado conforme o lan\u00e7amento anual do programa de Bolsas Sandu\u00edche da CAPES. Os estudantes aprovados desenvolvem parte de suas teses com seus respectivos colaboradores internacionais. <\/p>\n\n\n\n<p>Em 2014, a UEL regulamentou (<a href=\"https:\/\/pos.uel.br\/biologicas\/wp-content\/uploads\/2021\/06\/Resolucao-CEPE-111-2014-Regulamenta-Cotutela-entre-UEL-e-Inst-estrangeiras.pdf\">Resolu\u00e7\u00e3o CEPE n\u00ba 111\/2014<\/a>) a tramita\u00e7\u00e3o de propostas que envolvem a celebra\u00e7\u00e3o de parcerias com institui\u00e7\u00f5es de ensino superior e\/ou de pesquisa estrangeiras para viabilizar a cotutela, modalidade que permite a forma\u00e7\u00e3o de p\u00f3s-graduando com outorga de titula\u00e7\u00e3o simult\u00e2nea nos pa\u00edses envolvidos.<\/p>\n\n\n\n<p>O PPG-CB tamb\u00e9m pode receber estudantes estrangeiros, com bolsa de estudo de ag\u00eancias de fomento e de \u00f3rg\u00e3os do pa\u00eds de origem (<a href=\"https:\/\/pos.uel.br\/biologicas\/wp-content\/uploads\/2021\/06\/EstudEstrangBolsistaStrictoRes208-2007-.tif\">Resolu\u00e7\u00e3o CEPE n\u00ba 0208\/2007<\/a>). <\/p>\n\n\n\n<p>Ao longo do quadri\u00eanio 2017-2020, seis estudantes do curso de doutorado fizeram est\u00e1gio sandu\u00edche no exterior:<\/p>\n\n\n\n<ul class=\"wp-block-list\"><li>Patr\u00edcia Nakayama Miranda, no Instituto de Ecolog\u00eda AC, M\u00e9xico, com o projeto \u201cEfeitos da fragmenta\u00e7\u00e3o florestal sobre redes de intera\u00e7\u00e3o entre formigas e plantas com NEFs\u201d, em 2017;<\/li><li>Gabriel Lima Medina Rosa, visitou o Ethology Lab na Universidade de Turim (Universit\u00e0 Degli Studi di Torino), na It\u00e1lia (bolsa CONFAP \/ Italy), e teve forma\u00e7\u00e3o complementar em diferentes oportunidades pelo Cornell Lab of Ornithology e Bioacoustics Research Program na Cornell University, em 2017 e 2018.<\/li><li>Raul Henrique C. Nascimento, na Academy of Natural Sciences of Drexel University, sob supervis\u00e3o de John Lundberg, com o projeto \u201cFilogenia de Steindachneridion (Siluriformes, Pimelodidae) por meio de an\u00e1lises morfol\u00f3gicas e moleculares\u201d em 2018;<\/li><li>Larissa Corsini Calsavara, na Universidade Imperial College of London, no Reino Unido sob supervis\u00e3o de Cristina Banks-Leite, com o projeto \u201cComunidade de aves e as implica\u00e7\u00f5es no funcionamento ecossist\u00eamico em diferentes configura\u00e7\u00f5es de floresta com Arauc\u00e1ria\u201d em 2018;<\/li><li>Jos\u00e9 Ricardo Pires Adelino, doutorado sandu\u00edche na University of Toronto (Canada) sob supervis\u00e3o de Marc W. Cadotte, no projeto \u201cMacroecologia da introdu\u00e7\u00e3o das esp\u00e9cies: Aspectos gen\u00e9ticos, populacionais e funcionais da invas\u00e3o biol\u00f3gica\u201d em 2019;<\/li><li>Tatiana Motta Tavares, sandu\u00edche do doutorado na Geomatics and Landscape Ecology Research Laboratory (GLEL) da Carlenton University, Canada, sob orienta\u00e7\u00e3o da Prof. Dra. Lenore Fahrig, no projeto \u201cOs efeitos da perda do habitat florestal sobre a riqueza de anf\u00edbios\u201d em 2019.<\/li><\/ul>\n\n\n\n<div style=\"height:31px\" aria-hidden=\"true\" class=\"wp-block-spacer\"><\/div>\n\n\n\n<p class=\"has-medium-font-size\"><strong>Colabora\u00e7\u00f5es com pesquisadores internacionais<\/strong><\/p>\n\n\n\n<p>O contato dos docentes do PPG-CB \u00e9 constante com pesquisadores estrangeiros. A maioria dos docentes tem produ\u00e7\u00f5es em coautoria com pesquisadores de outros pa\u00edses. Seguem as principais colabora\u00e7\u00f5es internacionais desenvolvidas ao longo do quadri\u00eanio 2017-2020:<\/p>\n\n\n\n<ul class=\"wp-block-list\"><li>O professor Jos\u00e9 Marcelo Domingues Torezan participa de uma rede de pesquisa sobre decomposi\u00e7\u00e3o, coordenada pela Dr. Ika Djukic, do instituto de pesquisas em meio ambiente da \u00c1ustria. O mesmo docente ainda participa da rede internacional LTER (Long Term Ecological Research), por meio do PELD (Pesquisa Ecol\u00f3gica de Longa Dura\u00e7\u00e3o).<\/li><li>O pesquisador norte-americano da Oregon State University, Brian Sidlauskas (http:\/\/fw.oregonstate.edu\/content\/brian-sidlauskas) teve um projeto aprovado pela Fulbright para realizar seu p\u00f3s-doutorado na UEL em 2019 e 2020 (6 meses). O Brian Sidlauskas esteve como professor visitante em 2020 com bolsa da Fulbright e dever\u00e1 retornar com uma bolsa da Fulbright em 2022. O projeto foi submetido \u00e0 ag\u00eancia de fomento e j\u00e1 foi aprovado.<\/li><li>O professor Jos\u00e9 Birindelli realizou seu p\u00f3s-doutorado na Academy of Natural Sciences, Drexel University (EUA), por 6 meses em 2019, com bolsa CNPq. A linha de pesquisa do Dr. Jos\u00e9 L. O. Birindelli no estudo de anatomia comparada, filogenia e sistem\u00e1tica de peixes de \u00e1gua doce tem como parceiros os pesquisadores internacionais Mark Henry Sabaj, da Academy of National Science of Philadelphia, EUA, que visitou a UEL em fevereiro de 2013 e outubro de 2017; Brian L. Sidlauskas da State University of Chicago, EUA; e Francisco Provenzano da Universidad Central de Caracas, Venezuela;<\/li><li>O docente Fernando Camargo Jerep mant\u00e9m v\u00ednculo de pesquisa e interc\u00e2mbio com a Divis\u00e3o de Peixes do Departamento de Zoologia de Vertebrados do National Museum of Natural History (Smithsonian Institute, Washington, D.C.) desenvolvendo projetos em colabora\u00e7\u00e3o com o pesquisador Dr. Carlos David Santana. Em 2019, Fernando Jerep foi contemplado com financiamento \u201cLeonard P. Schultz Fund &#8211; Smithsonian Institution, National Museum of Natural History\u201d para visita ao NMNH de 1 a 30 de Setembro, para desenvolvimento do subprojeto \u201cRevisionary and phylogenetic study of the genus <em>Nannocharax<\/em> from the African freshwater family Distichodontidae (Teleostei, Characiformes)\u201d, desenvolvendo estudo molecular e morfol\u00f3gico para revis\u00e3o taxon\u00f4mica do g\u00eanero <em>Nannocharax<\/em>, um Characiforme Africano de distribui\u00e7\u00e3o continental;<\/li><li>O Dr. Carlos Alvarenga J\u00falio estabeleceu colabora\u00e7\u00e3o com o pesquisador Eugenio H. Nearns, do National Identification Services (NIS), USDA APHIS PPQ Plant Health Programs, National Museum of Natural History, Smithsonian Institution, em Washington, EUA. Essa colabora\u00e7\u00e3o resultou no estudo de novas esp\u00e9cies de Coleoptera;<\/li><li>O Dr. Jos\u00e9 Eduardo Lahoz Ribeiro estabeleceu colabora\u00e7\u00e3o com os pesquisadores Ulf Swenson (Swedish Museum of Natural History, Su\u00e9cia) e Norman Alan Douglas (University of Florida, EUA). Essas parcerias resultaram em artigos publicados na revista Botanical Journal of the Linnean Society.<\/li><li>A Dra. Cl\u00e1udia Bueno dos Reis Martinez possui colabora\u00e7\u00e3o internacional com Stefano Magni e Andrea Paolo Binelli, ambos do Department of Biosciences of the University of Milan (Italy);<\/li><li>O Dr. Halley Caixeta de Oliveira possui como parceiro o Institute of Biosciences and Biotechnology Aix-Marseille University (BIAM) \u2013 BIAM, Fran\u00e7a, onde desenvolve com a pesquisadora Catherine Santaella o projeto \u201cMecanismos de intera\u00e7\u00e3o de nanopesticidas com solo e plantas\u201d. Este projeto tem financiamento da CAPES e COFECUB.<\/li><li>Em 2020, os professores Halley Caixeta de Oliveira, Jos\u00e9 Antonio Pimenta, Jos\u00e9 Marcelo Torezan e Renata Stolf Moreira aprovaram o projeto transnacional \u201cRESTORE \u2013 natuRe-basEd SoluTions to imprOve REforestation\u201d no edital \u201cBiodiversidade e Mudan\u00e7as Clim\u00e1ticas\u201d da Biodiversa, reunindo pesquisadores como Catherine Santaella (BIAM &#8211; Fran\u00e7a), Ilja Reiter (O3HP\/ECCOREV &#8211; Fran\u00e7a), Phillip Benz (TUM &#8211; Alemanha), Michael Rothballer (HZM &#8211; Alemanha) e Karin Pritsch (HZM &#8211; Alemanha). O cons\u00f3rcio internacional de pesquisa \u00e9 liderado pelo Dr. Halley Caixeta de Oliveira, o que dar\u00e1 grande visibilidade \u00e0 produ\u00e7\u00e3o do PPG-CB, uma vez que ele ir\u00e1 participar de diversos eventos da Biodiversa e da Comiss\u00e3o Europeia. O projeto teve in\u00edcio em 2021, j\u00e1 contando com a participa\u00e7\u00e3o efetiva de dois mestrandos do PPG-CB.<\/li><li>O Dr. Luiz dos Anjos, em suas pesquisas e publica\u00e7\u00f5es, mant\u00e9m parcerias com: Esther Sebasti\u00e1n-Gonz\u00e1lez e Francisco Botella (Robles) da Universidad Miguel Hernandez (UMH), Espanha; Andy J. Green da Do\u00f1ana Biological Station (DBS), Espanha; C David Orme, Cristina Banks-Leite e Jack H. Hatfield, do Imperial College of London (ICL), UK; Sarah Mayor da University of Zurich (UZ), Switzerland; Jason M. Tylianakis da University of Canterbury, (UC), New Zealand; Robert Holt da University of Florida (EUA) e Jefferson Vizentin-Bugoni da University of Illinois at Urbana-Champaign, (EUA);<\/li><li>O Dr. Marcos Robalinho Lima tem estabelecido parceria internacional para o desenvolvimento de dois projetos junto ao PPG-CB. Uma parceria \u00e9 com Staffan Bensch, Lund University (LU) no projeto \u201cO processo de expans\u00e3o do Pardal (<em>Passer domesticus<\/em>) no Brasil: Adapta\u00e7\u00f5es morfol\u00f3gicas e poss\u00edvel invas\u00e3o de um novo espa\u00e7o clim\u00e1tico\u201d. A outra parceria \u00e9 com Marc W. Cadotte, PhD in Ecology and Evolutionary Biology, University of Toronto (UTSC) no projeto \u201cEcologia e evolu\u00e7\u00e3o de aves invasoras\u201d. Nesta \u00faltima, houve a participa\u00e7\u00e3o do doutorando do programa, que fez seu est\u00e1gio sandu\u00edche com apoio da CAPES no laborat\u00f3rio do Dr. Cadotte;<\/li><li>O Prof. Dr. M\u00e1rio Lu\u00eds Orsi tem colaborado ativamente com o pesquisador Dr. John Robert Britton, da Bournemouth University no Reino Unido. Como resultado deste interc\u00e2mbio, alguns estudantes do curso devem realizar parte do Doutorado no laborat\u00f3rio do Dr. Britton;<\/li><li>A Profa. Dra. S\u00edlvia Helena Sofia tem colaborado ativamente com o Dr. Santiago Ram\u00edrez da University of California, Davis (EUA). Em abril de 2017 um orientando de doutorado da Profa. S\u00edlvia (do Programa de P\u00f3s-Gradua\u00e7\u00e3o em Gen\u00e9tica da UEL) fez um est\u00e1gio por seis meses no Laborat\u00f3rio do Dr. Ram\u00edrez;<\/li><li>Os professores Drs. Luiz do Anjos e Marcos Robalinho Lima, juntamente com o Dr. Carlos B. Ara\u00fajo (P\u00f3s-Doc do PPG-CB at\u00e9 2020), v\u00eam estabelecendo colabora\u00e7\u00e3o com a Dr. Manuela Gonzalez-Suarez da University of Reading (UK). Essa colabora\u00e7\u00e3o se estabelece na an\u00e1lise dos efeitos da polui\u00e7\u00e3o ac\u00fastica na diversidade de aves amaz\u00f4nicas e tem por objetivo estabelecer um panorama geral do problema. Buscando financiar o campo e visitas t\u00e9cnicas, a equipe tem trabalhado na submiss\u00e3o de propostas de financiamento, sendo que a primeira delas (seedcorn grant NERC, UK) foi recusada, e uma segunda proposta foi recentemente submetida para a Royal Society (UK).<\/li><\/ul>\n\n\n\n<div style=\"height:31px\" aria-hidden=\"true\" class=\"wp-block-spacer\"><\/div>\n\n\n\n<p class=\"has-medium-font-size\"><strong>Editora\u00e7\u00e3o internacional<\/strong><\/p>\n\n\n\n<p>Entre as atua\u00e7\u00f5es em corpo editorial de peri\u00f3dicos internacionais destacam-se:<\/p>\n\n\n\n<ul class=\"wp-block-list\"><li>Jos\u00e9 Marcelo Torezan como editor de \u00e1rea para os peri\u00f3dicos Restoration Ecology (Qualis A2 &#8211; fator de impacto 2,721) desde 2014, e Frontiers in Ecology and Evolution (Qualis A2 &#8211; fator de impacto 2,217) desde 2020;<\/li><li>Luiz dos Anjos como editor de \u00e1rea do peri\u00f3dico Perspectives in Ecology and Conservation (Qualis A2 &#8211; fator de impacto: 3,563);<\/li><li>Marcos Robalinho Lima como editor de \u00e1rea do peri\u00f3dico Journal of Avian Biology (Qualis A1 &#8211; fator de impacto 1,750).<\/li><\/ul>\n\n\n\n<p>&nbsp;&nbsp;&nbsp;&nbsp;&nbsp;&nbsp;&nbsp;&nbsp;&nbsp;&nbsp;&nbsp; Al\u00e9m disso, o Professor Luiz dos Anjos \u00e9 avaliador de propostas para aux\u00edlio \u00e0 pesquisa (grant) em estudos sobre Hist\u00f3ria Natural de aves neotropicais (Bergstron Awards, Association of Field Ornithology, Estados Unidos) desde 2012.<\/p>\n\n\n\n<div style=\"height:31px\" aria-hidden=\"true\" class=\"wp-block-spacer\"><\/div>\n\n\n\n<p class=\"has-medium-font-size\"><strong>Organiza\u00e7\u00e3o de eventos internacionais<\/strong><\/p>\n\n\n\n<p>Em 2017 os professores Jos\u00e9 Lu\u00eds Olivan Birindelli, Oscar Akio Shibatta e Fernando Camargo Jerep, juntamente com estudantes do PPG-CB e do curso de gradua\u00e7\u00e3o em Ci\u00eancias Biol\u00f3gicas da UEL, organizaram o evento \u201cII International Symposium on Phylogeny and Classification of Neotropical Fishes\u201d, de 23 a 27 de Outubro. Foi um evento cient\u00edfico internacional dirigido aos profissionais (docentes e pesquisadores), estudantes de p\u00f3s-gradua\u00e7\u00e3o e de gradua\u00e7\u00e3o em Ci\u00eancias Biol\u00f3gicas. Este foi o segundo evento dedicado exclusivamente \u00e0 Diversidade e Evolu\u00e7\u00e3o dos Peixes Neotropicais, sendo que o primeiro foi realizado em Porto Alegre h\u00e1 20 anos, quando foram conquistados \u00f3timos resultados que impulsionaram o desenvolvimento dessa \u00e1rea de pesquisa no Brasil. O II Simp\u00f3sio visou reunir todos os pesquisadores da \u00e1rea pela segunda vez, e melhorar o conhecimento da Diversidade, Taxonomia, Filogenia e Biogeografia de peixes Neotropicais. Todos os avan\u00e7os conquistados nos \u00faltimos 20 anos, principalmente decorrentes do surgimento e\/ou estabelecimento de novas metodologias, puderam ser discutidos. Com isso, quest\u00f5es-chave puderam ser abordadas, assim como o debate e a formula\u00e7\u00e3o de novas hip\u00f3teses e propostas sobre a Evolu\u00e7\u00e3o dos Peixes Neotropicais. As caracter\u00edsticas de maior destaque do Simp\u00f3sio foram: 1. participa\u00e7\u00e3o maci\u00e7a de profissionais e estudantes de p\u00f3s-gradua\u00e7\u00e3o (numa porcentagem muito maior do que outros eventos da \u00e1rea), 2. participa\u00e7\u00e3o grande de pesquisadores estrangeiros renomados e em forma\u00e7\u00e3o (com aproximadamente 1\/3 do p\u00fablico de fora do pa\u00eds), 3. publica\u00e7\u00e3o dos principais resultados em um volume especial da Neotropical Ichthyology e no Boletim da SBI. No total, 264 pessoas se inscreveram no Simp\u00f3sio, representando 17 pa\u00edses: Alemanha, Argentina, Brasil, Canad\u00e1, Chile, Col\u00f4mbia, Equador, EUA, Holanda, Paraguai, Peru, Porto Rico, Reino Unido, Su\u00e9cia, Suriname, Uruguai e Venezuela. O evento foi realizado pela Sociedade Brasileira de Ictiologia (SBI) em parceria com a Universidade Estadual de Londrina (UEL), e contou com o apoio financeiro do Smithsonian Institution, da FAPESP e da CAPES. Al\u00e9m disso, o evento contou com a parceria do Programa de P\u00f3s-Gradua\u00e7\u00e3o em Ci\u00eancias Biol\u00f3gicas da UEL, da Neotropical Ichthyological Association, do Museu Hist\u00f3rico de Londrina, da Hachimitsu, do Londrina Convention Bureau e da Cervejaria Cascuda. A comiss\u00e3o organizadora foi constitu\u00edda por Jos\u00e9 Lu\u00eds Olivan Birindelli (presidente), Fernando C. Jerep (vice-presidente), Oscar Akio Shibatta (tesoureiro), Lucia Giuliano Caetano (secretaria), Lenice Souza Shibatta (eventos sociais), Fernanda de O. Martins (divulga\u00e7\u00e3o), Brian Sidlauskas (consultor internacional), Claudio de Oliveira (consultor), Carla Simone Pavanelli (consultora), e Luiz Roberto Malabarba (comiss\u00e3o cient\u00edfica). A comiss\u00e3o cient\u00edfica do evento foi composta por: Leonardo F. da S. Ingenito (UFES), Junior A. Chuctaya V. (UFRGS), Fabio Di Dario (UFRJ), Cristiano R. Moreira (UFRJ), Marcelo R. de Britto (UFRJ) e Tiago P. Carvalho (UFRGS). O Simp\u00f3sio teve ainda o apoio t\u00e9cnico de Aparecido de Souza (UEL), Edson Santana da Silva (UEL), e Robson Rockenbacher (UEL). Al\u00e9m disso, os seguintes estudantes do Programa de P\u00f3s-Gradua\u00e7\u00e3o em Ci\u00eancias Biol\u00f3gicas da UEL atuaram como monitores auxiliando os participantes do evento nas salas de apresenta\u00e7\u00e3o oral e nos pain\u00e9is, na secretaria, na organiza\u00e7\u00e3o dos coffee breaks e na recep\u00e7\u00e3o dos convidados: Ana Beatriz G. F. Monteiro, Fernanda Polli Paez, Gabriele Antico Freiria, Ingrid C. Mar\u00e7al, Jheimison J. da S. Rosa, Larissa C. Calsavara, Lucas M. Ben\u00edcio, Rafael C. de Barros, Raul H. C. Nascimento, Tatiana M. Tavares, Victor L. M. de Paula, e Vinicius E. Vendramini.<\/p>\n\n\n\n<p>Tamb\u00e9m em 2017 o professor Jos\u00e9 Marcelo Domingues Torezan participou da organiza\u00e7\u00e3o do Congresso \u201cVII World Conference on Ecological Restoration\u201d. A 7\u00aa Confer\u00eancia Mundial de Restaura\u00e7\u00e3o Ecol\u00f3gica da SER aconteceu em Foz do Igua\u00e7u, Brasil, sendo um sucesso estrondoso. Mais de mil participantes se juntaram em cinco dias de incr\u00edveis palestras plen\u00e1rias, apresenta\u00e7\u00f5es orais, viagens de campo, networking e muito mais. A confer\u00eancia forneceu uma plataforma din\u00e2mica e envolvente para o compartilhamento de conhecimento n\u00e3o apenas entre cientistas e profissionais, mas tamb\u00e9m os muitos outros interessados envolvidos na restaura\u00e7\u00e3o ecol\u00f3gica. Os delegados sa\u00edram se sentindo inspirados pelo que ouviram, viram e todas as pessoas que conheceram. Os incr\u00edveis parceiros de confer\u00eancias do SER, a Sociedade Brasileira de Ecologia da Restaura\u00e7\u00e3o (SOBRE) e a Sociedade Ibero-americana e Caribenha de Restaura\u00e7\u00e3o Ecol\u00f3gica (SIACRE) contribu\u00edram muito para o sucesso do SER2017.<\/p>\n\n\n\n<p>Ao longo do quadri\u00eanio tivemos as seguintes Palestras Internacionais:<\/p>\n\n\n\n<ul class=\"wp-block-list\"><li>01\/11\/2017: palestra sobre Diversidade e Evolu\u00e7\u00e3o apresentada pelo Prof. Brian Sidlauskas, da Universidade de Oregon (EUA);<\/li><li>05\/06\/2019: palestra internacional voltada para os estudantes de p\u00f3s-gradua\u00e7\u00e3o (mestrado e doutorado) do Prof. Dr. Marcellus Caldas, da Kansas State University (Estados Unidos), sobre \u201cHow to write a paper for an international journal\u201d;<\/li><li>04\/10\/2019: palestra sobre Mudan\u00e7as Clim\u00e1ticas e Fenologia de Esp\u00e9cies Invasoras e Esp\u00e9cies Invasoras e Emiss\u00f5es de Gases de Efeito Estufa, por Maur\u00edcio Cruz Mantoani da University College Dublin (Irlanda);<\/li><li>06\/03\/2020: palestra intitulada \u201cEstudos sobre Biodiversidade e Macroevolu\u00e7\u00e3o\u201d pelo Prof. Brian Sidlauskas, da Universidade de Oregon (EUA);<\/li><\/ul>\n\n\n\n<p><\/p>\n","protected":false},"excerpt":{"rendered":"<p>Para mais informa\u00e7\u00f5es sobre acordos de coopera\u00e7\u00e3o e internacionaliza\u00e7\u00e3o na UEL acesse a p\u00e1gina da Assessoria de Rela\u00e7\u00f5es Internacionais. As principais atividades internacionais desenvolvidas no nosso PPG s\u00e3o publica\u00e7\u00f5es em peri\u00f3dicos internacionais, colabora\u00e7\u00f5es com pesquisadores e institui\u00e7\u00f5es estrangeiras, interc\u00e2mbio estudantil, editora\u00e7\u00e3o internacional e organiza\u00e7\u00e3o de eventos internacionais. Publica\u00e7\u00f5es em peri\u00f3dicos internacionais No \u00faltimo quadri\u00eanio, 184 [&hellip;]<\/p>\n","protected":false},"author":10,"featured_media":0,"parent":0,"menu_order":0,"comment_status":"closed","ping_status":"closed","template":"","meta":{"footnotes":""},"class_list":["post-621","page","type-page","status-publish","hentry"],"acf":[],"_links":{"self":[{"href":"https:\/\/pos.uel.br\/biologicas\/wp-json\/wp\/v2\/pages\/621","targetHints":{"allow":["GET"]}}],"collection":[{"href":"https:\/\/pos.uel.br\/biologicas\/wp-json\/wp\/v2\/pages"}],"about":[{"href":"https:\/\/pos.uel.br\/biologicas\/wp-json\/wp\/v2\/types\/page"}],"author":[{"embeddable":true,"href":"https:\/\/pos.uel.br\/biologicas\/wp-json\/wp\/v2\/users\/10"}],"replies":[{"embeddable":true,"href":"https:\/\/pos.uel.br\/biologicas\/wp-json\/wp\/v2\/comments?post=621"}],"version-history":[{"count":6,"href":"https:\/\/pos.uel.br\/biologicas\/wp-json\/wp\/v2\/pages\/621\/revisions"}],"predecessor-version":[{"id":640,"href":"https:\/\/pos.uel.br\/biologicas\/wp-json\/wp\/v2\/pages\/621\/revisions\/640"}],"wp:attachment":[{"href":"https:\/\/pos.uel.br\/biologicas\/wp-json\/wp\/v2\/media?parent=621"}],"curies":[{"name":"wp","href":"https:\/\/api.w.org\/{rel}","templated":true}]}}