{"id":406,"date":"2021-06-10T17:37:16","date_gmt":"2021-06-10T20:37:16","guid":{"rendered":"https:\/\/pos.uel.br\/biologicas\/?page_id=406"},"modified":"2022-08-22T09:08:52","modified_gmt":"2022-08-22T12:08:52","slug":"exame-de-qualificacao-de-doutorado","status":"publish","type":"page","link":"https:\/\/pos.uel.br\/biologicas\/exame-de-qualificacao-de-doutorado\/","title":{"rendered":"Exame de qualifica\u00e7\u00e3o de Doutorado"},"content":{"rendered":"\n<p><strong>Observa\u00e7\u00e3o:<\/strong> Os exames de qualifica\u00e7\u00e3o devem ocorrer preferencialmente de forma remota. O formato presencial \u00e9 poss\u00edvel quando n\u00e3o for resultar em despesas para o PPG.<\/p>\n\n\n\n<div style=\"height:50px\" aria-hidden=\"true\" class=\"wp-block-spacer\"><\/div>\n\n\n\n<p>&#8211; Inicialmente, certificar-se de estar ciente das regras referentes ao exame de qualifica\u00e7\u00e3o, inclusive sobre a possibilidade de qualificar-se por publica\u00e7\u00e3o de artigo cient\u00edfico.<\/p>\n\n\n\n<p> <\/p>\n\n\n\n<div class=\"wp-block-buttons is-horizontal is-content-justification-center is-layout-flex wp-container-core-buttons-is-layout-499968f5 wp-block-buttons-is-layout-flex\">\n<div class=\"wp-block-button\"><a class=\"wp-block-button__link has-primary-accent-background-color has-background\" href=\"https:\/\/pos.uel.br\/biologicas\/wp-content\/uploads\/2021\/06\/REGRAS-QUALIFICACAO-REGIMENTO-ANTIGO.pdf\">Regras Qualifica\u00e7\u00e3o<\/a><\/div>\n<\/div>\n\n\n\n<p class=\"has-text-align-center\"><em>Turmas ingressantes em 2020, 2019, 2018 e 2017<\/em><\/p>\n\n\n\n<div style=\"height:15px\" aria-hidden=\"true\" class=\"wp-block-spacer\"><\/div>\n\n\n\n<div class=\"wp-block-buttons is-horizontal is-content-justification-center is-layout-flex wp-container-core-buttons-is-layout-499968f5 wp-block-buttons-is-layout-flex\">\n<div class=\"wp-block-button\"><a class=\"wp-block-button__link has-primary-accent-background-color has-background\" href=\"https:\/\/pos.uel.br\/biologicas\/wp-content\/uploads\/2021\/06\/REGRAS-QUALIFICACAO-REGIMENTO-NOVO.pdf\">Regras Qualifica\u00e7\u00e3o<\/a><\/div>\n<\/div>\n\n\n\n<p class=\"has-text-align-center\"><em>Turmas ingressantes a partir de 2021<\/em><\/p>\n\n\n\n<div style=\"height:30px\" aria-hidden=\"true\" class=\"wp-block-spacer\"><\/div>\n\n\n\n<p>&#8211; O aluno deve fazer a solicita\u00e7\u00e3o no &#8220;Portal do estudante&#8221;.<\/p>\n\n\n\n<div style=\"height:30px\" aria-hidden=\"true\" class=\"wp-block-spacer\"><\/div>\n\n\n\n<p>&#8211; Em seguida, o orientador deve enviar via e-mail para a Secretaria do PPG-CB os seguintes documentos, COM NO M\u00cdNIMO 30 DIAS DE ANTECED\u00caNCIA:<\/p>\n\n\n\n<div class=\"wp-block-buttons is-horizontal is-content-justification-center is-layout-flex wp-container-core-buttons-is-layout-499968f5 wp-block-buttons-is-layout-flex\">\n<div class=\"wp-block-button is-style-fill\"><a class=\"wp-block-button__link has-primary-accent-background-color has-background\" href=\"https:\/\/pos.uel.br\/biologicas\/wp-content\/uploads\/2021\/06\/SOLICITACAO-EXAME-DE-QUALIFICACAO-DOUTORADO.doc\">Solicita\u00e7\u00e3o do Exame de Qualifica\u00e7\u00e3o<\/a><\/div>\n<\/div>\n\n\n\n<div style=\"height:15px\" aria-hidden=\"true\" class=\"wp-block-spacer\"><\/div>\n\n\n\n<div class=\"wp-block-buttons is-horizontal is-content-justification-center is-layout-flex wp-container-core-buttons-is-layout-499968f5 wp-block-buttons-is-layout-flex\">\n<div class=\"wp-block-button\"><a class=\"wp-block-button__link has-primary-accent-background-color has-background\" href=\"https:\/\/pos.uel.br\/biologicas\/wp-content\/uploads\/2021\/08\/Form_cadastro_Prof_visitante_2021.doc\">Cadastro de Professor Visitante<\/a><\/div>\n<\/div>\n\n\n\n<p class=\"has-text-align-center\"><em>(caso o professor n\u00e3o seja cadastrado na UEL)<\/em><\/p>\n\n\n\n<div style=\"height:30px\" aria-hidden=\"true\" class=\"wp-block-spacer\"><\/div>\n\n\n\n<p>&#8211; Aguardar o retorno da secretaria do PPG-CB sobre a aprova\u00e7\u00e3o da banca pela Comiss\u00e3o Coordenadora.<\/p>\n\n\n\n<div style=\"height:30px\" aria-hidden=\"true\" class=\"wp-block-spacer\"><\/div>\n\n\n\n<p>&#8211; Cabe ao orientador ou estudante preencher a <strong>Carta Convite<\/strong> e envi\u00e1-la aos membros da banca (inclusive suplentes), juntamente com o material a ser avaliado e o link da reuni\u00e3o virtual.<\/p>\n\n\n\n<div class=\"wp-block-buttons is-horizontal is-content-justification-center is-layout-flex wp-container-core-buttons-is-layout-499968f5 wp-block-buttons-is-layout-flex\">\n<div class=\"wp-block-button\"><a class=\"wp-block-button__link has-primary-accent-background-color has-background\" href=\"https:\/\/pos.uel.br\/biologicas\/wp-content\/uploads\/2021\/06\/MODELO-CARTA-CONVITE-QUALIFICACAO-2021.doc\">Carta Convite<\/a><\/div>\n<\/div>\n\n\n\n<div style=\"height:30px\" aria-hidden=\"true\" class=\"wp-block-spacer\"><\/div>\n\n\n\n<p>\u2013 A ata ser\u00e1 enviada pelo programa ao orientador. Para a qualifica\u00e7\u00e3o no formato remoto, todos os membros da banca devem assinar digitalmente a ata. N\u00e3o \u00e9 mais necess\u00e1rio o preenchimento das declara\u00e7\u00f5es de participa\u00e7\u00e3o.<\/p>\n\n\n\n<div style=\"height:30px\" aria-hidden=\"true\" class=\"wp-block-spacer\"><\/div>\n\n\n\n<p>\u2013 Ao final, o presidente da banca deve enviar a ata preenchida e assinada por todos para o e-mail: ppg.cb@uel.br<\/p>\n\n\n\n<div style=\"height:30px\" aria-hidden=\"true\" class=\"wp-block-spacer\"><\/div>\n","protected":false},"excerpt":{"rendered":"<p>Observa\u00e7\u00e3o: Os exames de qualifica\u00e7\u00e3o devem ocorrer preferencialmente de forma remota. O formato presencial \u00e9 poss\u00edvel quando n\u00e3o for resultar em despesas para o PPG. &#8211; Inicialmente, certificar-se de estar ciente das regras referentes ao exame de qualifica\u00e7\u00e3o, inclusive sobre a possibilidade de qualificar-se por publica\u00e7\u00e3o de artigo cient\u00edfico. Turmas ingressantes em 2020, 2019, 2018 [&hellip;]<\/p>\n","protected":false},"author":10,"featured_media":0,"parent":0,"menu_order":0,"comment_status":"closed","ping_status":"closed","template":"","meta":{"footnotes":""},"class_list":["post-406","page","type-page","status-publish","hentry"],"acf":[],"_links":{"self":[{"href":"https:\/\/pos.uel.br\/biologicas\/wp-json\/wp\/v2\/pages\/406","targetHints":{"allow":["GET"]}}],"collection":[{"href":"https:\/\/pos.uel.br\/biologicas\/wp-json\/wp\/v2\/pages"}],"about":[{"href":"https:\/\/pos.uel.br\/biologicas\/wp-json\/wp\/v2\/types\/page"}],"author":[{"embeddable":true,"href":"https:\/\/pos.uel.br\/biologicas\/wp-json\/wp\/v2\/users\/10"}],"replies":[{"embeddable":true,"href":"https:\/\/pos.uel.br\/biologicas\/wp-json\/wp\/v2\/comments?post=406"}],"version-history":[{"count":8,"href":"https:\/\/pos.uel.br\/biologicas\/wp-json\/wp\/v2\/pages\/406\/revisions"}],"predecessor-version":[{"id":1161,"href":"https:\/\/pos.uel.br\/biologicas\/wp-json\/wp\/v2\/pages\/406\/revisions\/1161"}],"wp:attachment":[{"href":"https:\/\/pos.uel.br\/biologicas\/wp-json\/wp\/v2\/media?parent=406"}],"curies":[{"name":"wp","href":"https:\/\/api.w.org\/{rel}","templated":true}]}}