{"id":394,"date":"2021-06-10T17:18:47","date_gmt":"2021-06-10T20:18:47","guid":{"rendered":"https:\/\/pos.uel.br\/biologicas\/?page_id=394"},"modified":"2024-09-23T10:15:05","modified_gmt":"2024-09-23T13:15:05","slug":"defesa-de-doutorado","status":"publish","type":"page","link":"https:\/\/pos.uel.br\/biologicas\/defesa-de-doutorado\/","title":{"rendered":"Defesa de Doutorado"},"content":{"rendered":"\n<p><strong>Observa\u00e7\u00e3o: <\/strong>As defesas devem ocorrer preferencialmente de forma remota. O formato presencial \u00e9 poss\u00edvel quando n\u00e3o for resultar em despesas para o PPG.<\/p>\n\n\n\n<div style=\"height:50px\" aria-hidden=\"true\" class=\"wp-block-spacer\"><\/div>\n\n\n\n<p>&#8211; Inicialmente, certificar-se de estar ciente das regras referentes \u00e0 defesa.<\/p>\n\n\n\n<p><\/p>\n\n\n\n<div class=\"wp-block-buttons is-horizontal is-content-justification-center is-layout-flex wp-container-core-buttons-is-layout-499968f5 wp-block-buttons-is-layout-flex\">\n<div class=\"wp-block-button\"><a class=\"wp-block-button__link has-primary-accent-background-color has-background wp-element-button\" href=\"https:\/\/pos.uel.br\/biologicas\/wp-content\/uploads\/2021\/07\/REGRAS-DEFESA-REGIMENTO-ANTIGO.pdf\">Regras Defesa<\/a><\/div>\n<\/div>\n\n\n\n<p class=\"has-text-align-center\"><em>Turmas ingressantes em 2020 e anos anteriores<\/em><\/p>\n\n\n\n<div style=\"height:15px\" aria-hidden=\"true\" class=\"wp-block-spacer\"><\/div>\n\n\n\n<div class=\"wp-block-buttons is-horizontal is-content-justification-center is-layout-flex wp-container-core-buttons-is-layout-499968f5 wp-block-buttons-is-layout-flex\">\n<div class=\"wp-block-button\"><a class=\"wp-block-button__link has-primary-accent-background-color has-background wp-element-button\" href=\"https:\/\/pos.uel.br\/biologicas\/wp-content\/uploads\/2021\/07\/REGRAS-DEFESA-REGIMENTO-NOVO.pdf\">Regras Defesa<\/a><\/div>\n<\/div>\n\n\n\n<p class=\"has-text-align-center\"><em>Turmas ingressantes a partir de 2021<\/em><\/p>\n\n\n\n<div style=\"height:30px\" aria-hidden=\"true\" class=\"wp-block-spacer\"><\/div>\n\n\n\n<p><\/p>\n\n\n\n<p>&#8211; O orientador deve enviar via e-mail para a Secretaria do PPG-CB (<a href=\"mailto:ppg.cb@uel.br\">ppg.cb@uel.br<\/a>) os seguintes documentos, COM NO M\u00cdNIMO 30 DIAS DE ANTECED\u00caNCIA:<\/p>\n\n\n\n<div class=\"wp-block-buttons is-horizontal is-content-justification-center is-layout-flex wp-container-core-buttons-is-layout-499968f5 wp-block-buttons-is-layout-flex\">\n<div class=\"wp-block-button is-style-fill\"><a class=\"wp-block-button__link has-primary-accent-background-color has-background wp-element-button\" href=\"https:\/\/pos.uel.br\/biologicas\/wp-content\/uploads\/2021\/07\/FORMULARIO-PEDIDO-DEFESA-DE-TESE.doc\">Pedido de Defesa de Tese<\/a><\/div>\n<\/div>\n\n\n\n<div style=\"height:15px\" aria-hidden=\"true\" class=\"wp-block-spacer\"><\/div>\n\n\n\n<div class=\"wp-block-buttons is-horizontal is-content-justification-center is-layout-flex wp-container-core-buttons-is-layout-499968f5 wp-block-buttons-is-layout-flex\">\n<div class=\"wp-block-button\"><a class=\"wp-block-button__link has-primary-accent-background-color has-background wp-element-button\" href=\"https:\/\/pos.uel.br\/biologicas\/wp-content\/uploads\/2021\/08\/Form_cadastro_Prof_visitante_2021.doc\">Cadastro de Professor Visitante<\/a><\/div>\n<\/div>\n\n\n\n<p class=\"has-text-align-center\"><em>(caso o professor n\u00e3o seja cadastrado na UEL)<\/em><\/p>\n\n\n\n<div style=\"height:30px\" aria-hidden=\"true\" class=\"wp-block-spacer\"><\/div>\n\n\n\n<p>&#8211; Aguardar o retorno da secretaria do PPG-CB sobre a aprova\u00e7\u00e3o da banca pela Comiss\u00e3o Coordenadora.<\/p>\n\n\n\n<div style=\"height:30px\" aria-hidden=\"true\" class=\"wp-block-spacer\"><\/div>\n\n\n\n<p>&#8211; Cabe ao orientador ou estudante preencher a <strong>Carta Convite<\/strong> e envi\u00e1-la aos membros da banca (inclusive suplentes), al\u00e9m do material a ser avaliado e o link da reuni\u00e3o virtual.<\/p>\n\n\n\n<div class=\"wp-block-buttons is-horizontal is-content-justification-center is-layout-flex wp-container-core-buttons-is-layout-499968f5 wp-block-buttons-is-layout-flex\">\n<div class=\"wp-block-button\"><a class=\"wp-block-button__link has-primary-accent-background-color has-background wp-element-button\" href=\"https:\/\/pos.uel.br\/biologicas\/wp-content\/uploads\/2021\/06\/MODELO-CARTA-CONVITE-BANCA-DOUTORADO-2021.doc\">Carta Convite<\/a><\/div>\n<\/div>\n\n\n\n<div style=\"height:30px\" aria-hidden=\"true\" class=\"wp-block-spacer\"><\/div>\n\n\n\n<p>&#8211;&nbsp;A tese deve seguir este modelo:<\/p>\n\n\n\n<div class=\"wp-block-buttons is-horizontal is-content-justification-center is-layout-flex wp-container-core-buttons-is-layout-499968f5 wp-block-buttons-is-layout-flex\">\n<div class=\"wp-block-button\"><a class=\"wp-block-button__link has-primary-accent-background-color has-background wp-element-button\" href=\"https:\/\/pos.uel.br\/biologicas\/wp-content\/uploads\/2021\/06\/Modelo-tese-dissertacao-Biblioteca-UEL_2021.doc\">Modelo de Tese<\/a><\/div>\n<\/div>\n\n\n\n<div style=\"height:30px\" aria-hidden=\"true\" class=\"wp-block-spacer\"><\/div>\n\n\n\n<p>&#8211; A tese deve ser enviada \u00e0 banca com ao menos 15 dias de anteced\u00eancia \u00e0 data da defesa.<\/p>\n\n\n\n<div style=\"height:30px\" aria-hidden=\"true\" class=\"wp-block-spacer\"><\/div>\n\n\n\n<p>&#8211; A ata de defesa, as declara\u00e7\u00f5es de participa\u00e7\u00e3o dos membros da banca e a declara\u00e7\u00e3o de apresenta\u00e7\u00e3o do estudante ser\u00e3o enviados pelo programa ao orientador. Al\u00e9m desses documentos, a folha parecer deve ser preenchida ao final da defesa:<\/p>\n\n\n\n<div class=\"wp-block-buttons is-horizontal is-content-justification-center is-layout-flex wp-container-core-buttons-is-layout-499968f5 wp-block-buttons-is-layout-flex\">\n<div class=\"wp-block-button\"><a class=\"wp-block-button__link has-primary-accent-background-color has-background wp-element-button\" href=\"https:\/\/pos.uel.br\/biologicas\/wp-content\/uploads\/2021\/06\/Folha-Parecer-Tese-2019-v2.doc\">Folha Parecer<\/a><\/div>\n<\/div>\n\n\n\n<p class=\"has-text-align-center\"><em>(todos os membros da banca devem assinar a mesma folha parecer, uma vez que ela ser\u00e1 anexada \u00e0 vers\u00e3o final da disserta\u00e7\u00e3o, al\u00e9m de servir como comprovante de defesa para o estudante)<\/em><\/p>\n\n\n\n<p>&#8211; No caso de defesas remotas \u00e9 necess\u00e1rio entregar a declara\u00e7\u00e3o do aluno atestando sua participa\u00e7\u00e3o na defesa de forma remota. Lembrar de colocar o n\u00famero de matr\u00edcula do aluno do Cabe\u00e7alho.<\/p>\n\n\n\n<div class=\"wp-block-buttons is-horizontal is-content-justification-center is-layout-flex wp-container-core-buttons-is-layout-499968f5 wp-block-buttons-is-layout-flex\">\n<div class=\"wp-block-button\"><a class=\"wp-block-button__link has-primary-accent-background-color has-background wp-element-button\" href=\"https:\/\/pos.uel.br\/biologicas\/wp-content\/uploads\/2024\/09\/Template_estudante.docx\">Declara\u00e7\u00e3o do aluno de participa\u00e7\u00e3o<\/a><\/div>\n<\/div>\n\n\n\n<p>&#8211; No caso de defesas remotas \u00e9 necess\u00e1rio entregar a declara\u00e7\u00e3o de cada examinador atestando sua participa\u00e7\u00e3o na defesa de forma remota com o seu voto (aprovado, aprovado com reformula\u00e7\u00e3o ou reprovado) . Lembrar de colocar o n\u00famero de matr\u00edcula do aluno do Cabe\u00e7alho.<\/p>\n\n\n\n<div class=\"wp-block-buttons is-horizontal is-content-justification-center is-layout-flex wp-container-core-buttons-is-layout-499968f5 wp-block-buttons-is-layout-flex\">\n<div class=\"wp-block-button\"><a class=\"wp-block-button__link has-primary-accent-background-color has-background wp-element-button\" href=\"https:\/\/pos.uel.br\/biologicas\/wp-content\/uploads\/2024\/09\/Template_Exame.docx\">Declara\u00e7\u00e3o do examinador de participa\u00e7\u00e3o<\/a><\/div>\n<\/div>\n\n\n\n<p>\u2013 Por fim, o orientador deve entregar a ata de defesa assinada com caneta azul na secretaria do programa. Os demais documentos podem ser enviados para o e-mail: ppg.cb@uel.br<\/p>\n\n\n\n<div style=\"height:30px\" aria-hidden=\"true\" class=\"wp-block-spacer\"><\/div>\n\n\n\n<p><\/p>\n","protected":false},"excerpt":{"rendered":"<p>Observa\u00e7\u00e3o: As defesas devem ocorrer preferencialmente de forma remota. O formato presencial \u00e9 poss\u00edvel quando n\u00e3o for resultar em despesas para o PPG. &#8211; Inicialmente, certificar-se de estar ciente das regras referentes \u00e0 defesa. Turmas ingressantes em 2020 e anos anteriores Turmas ingressantes a partir de 2021 &#8211; O orientador deve enviar via e-mail para [&hellip;]<\/p>\n","protected":false},"author":10,"featured_media":0,"parent":0,"menu_order":0,"comment_status":"closed","ping_status":"closed","template":"","meta":{"footnotes":""},"class_list":["post-394","page","type-page","status-publish","hentry"],"acf":[],"_links":{"self":[{"href":"https:\/\/pos.uel.br\/biologicas\/wp-json\/wp\/v2\/pages\/394","targetHints":{"allow":["GET"]}}],"collection":[{"href":"https:\/\/pos.uel.br\/biologicas\/wp-json\/wp\/v2\/pages"}],"about":[{"href":"https:\/\/pos.uel.br\/biologicas\/wp-json\/wp\/v2\/types\/page"}],"author":[{"embeddable":true,"href":"https:\/\/pos.uel.br\/biologicas\/wp-json\/wp\/v2\/users\/10"}],"replies":[{"embeddable":true,"href":"https:\/\/pos.uel.br\/biologicas\/wp-json\/wp\/v2\/comments?post=394"}],"version-history":[{"count":12,"href":"https:\/\/pos.uel.br\/biologicas\/wp-json\/wp\/v2\/pages\/394\/revisions"}],"predecessor-version":[{"id":1799,"href":"https:\/\/pos.uel.br\/biologicas\/wp-json\/wp\/v2\/pages\/394\/revisions\/1799"}],"wp:attachment":[{"href":"https:\/\/pos.uel.br\/biologicas\/wp-json\/wp\/v2\/media?parent=394"}],"curies":[{"name":"wp","href":"https:\/\/api.w.org\/{rel}","templated":true}]}}