{"id":371,"date":"2021-06-09T18:17:11","date_gmt":"2021-06-09T21:17:11","guid":{"rendered":"https:\/\/pos.uel.br\/biologicas\/?page_id=371"},"modified":"2023-05-07T08:19:14","modified_gmt":"2023-05-07T11:19:14","slug":"biodiversidade-e-conservacao-em-habitats-aquaticos","status":"publish","type":"page","link":"https:\/\/pos.uel.br\/biologicas\/biodiversidade-e-conservacao-em-habitats-aquaticos\/","title":{"rendered":"Biodiversidade e Conserva\u00e7\u00e3o em Habitats Aqu\u00e1ticos"},"content":{"rendered":"\n<p id=\"block-3d85a003-d291-458c-83ad-1a350d66050c\">A linha de pesquisa \u201c<strong>Biodiversidade e Conserva\u00e7\u00e3o em Habitats Aqu\u00e1ticos<\/strong>\u201d tem como enfoque principal investigar ambientes aqu\u00e1ticos que apresentam maior sensibilidade ao uso e ocupa\u00e7\u00e3o do solo no seu entorno, sujeitos a diversas press\u00f5es, como a insufici\u00eancia de matas ciliares, a entrada de contaminantes e a constru\u00e7\u00e3o de barragens de hidroel\u00e9tricas. Nesses estudos, s\u00e3o investigadas a sistem\u00e1tica, biogeografia, din\u00e2mica&nbsp; populacional e ecofisiologia de diferentes grupos de animais aqu\u00e1ticos. Um ponto em comum nos estudos realizados \u00e9 a busca por produzir conhecimento capaz de subsidiar a\u00e7\u00f5es de manejo e conserva\u00e7\u00e3o de ambientes aqu\u00e1ticos.<\/p>\n\n\n\n<p id=\"block-eb651b98-e56d-47a4-be06-4337a33ca2e4\">Esta linha de pesquisa inclui os seguintes projetos:<\/p>\n\n\n\n<ul class=\"wp-block-list\" id=\"block-b64ec0c9-7056-447d-9e84-370259fb0821\">\n<li>Sistem\u00e1tica de Organismos Neotropicais<\/li>\n\n\n\n<li>Ecologia e Conserva\u00e7\u00e3o de Ambientes Aqu\u00e1ticos<\/li>\n\n\n\n<li>Ecofisiologia de Organismos Aqu\u00e1ticos<\/li>\n<\/ul>\n\n\n\n<p><\/p>\n","protected":false},"excerpt":{"rendered":"<p>A linha de pesquisa \u201cBiodiversidade e Conserva\u00e7\u00e3o em Habitats Aqu\u00e1ticos\u201d tem como enfoque principal investigar ambientes aqu\u00e1ticos que apresentam maior sensibilidade ao uso e ocupa\u00e7\u00e3o do solo no seu entorno, sujeitos a diversas press\u00f5es, como a insufici\u00eancia de matas ciliares, a entrada de contaminantes e a constru\u00e7\u00e3o de barragens de hidroel\u00e9tricas. Nesses estudos, s\u00e3o investigadas [&hellip;]<\/p>\n","protected":false},"author":10,"featured_media":0,"parent":0,"menu_order":0,"comment_status":"closed","ping_status":"closed","template":"","meta":{"footnotes":""},"class_list":["post-371","page","type-page","status-publish","hentry"],"acf":[],"_links":{"self":[{"href":"https:\/\/pos.uel.br\/biologicas\/wp-json\/wp\/v2\/pages\/371","targetHints":{"allow":["GET"]}}],"collection":[{"href":"https:\/\/pos.uel.br\/biologicas\/wp-json\/wp\/v2\/pages"}],"about":[{"href":"https:\/\/pos.uel.br\/biologicas\/wp-json\/wp\/v2\/types\/page"}],"author":[{"embeddable":true,"href":"https:\/\/pos.uel.br\/biologicas\/wp-json\/wp\/v2\/users\/10"}],"replies":[{"embeddable":true,"href":"https:\/\/pos.uel.br\/biologicas\/wp-json\/wp\/v2\/comments?post=371"}],"version-history":[{"count":7,"href":"https:\/\/pos.uel.br\/biologicas\/wp-json\/wp\/v2\/pages\/371\/revisions"}],"predecessor-version":[{"id":1540,"href":"https:\/\/pos.uel.br\/biologicas\/wp-json\/wp\/v2\/pages\/371\/revisions\/1540"}],"wp:attachment":[{"href":"https:\/\/pos.uel.br\/biologicas\/wp-json\/wp\/v2\/media?parent=371"}],"curies":[{"name":"wp","href":"https:\/\/api.w.org\/{rel}","templated":true}]}}