{"id":365,"date":"2021-06-09T18:12:49","date_gmt":"2021-06-09T21:12:49","guid":{"rendered":"https:\/\/pos.uel.br\/biologicas\/?page_id=365"},"modified":"2023-05-07T08:17:56","modified_gmt":"2023-05-07T11:17:56","slug":"biodiversidade-e-conservacao-em-habitats-terrestres","status":"publish","type":"page","link":"https:\/\/pos.uel.br\/biologicas\/biodiversidade-e-conservacao-em-habitats-terrestres\/","title":{"rendered":"Biodiversidade e Conserva\u00e7\u00e3o em Habitats Terrestres"},"content":{"rendered":"\n<p>A linha de pesquisa \u201c<strong>Biodiversidade e Conserva\u00e7\u00e3o&nbsp;em Habitats Terrestres<\/strong>\u201d tem como enfoque principal a pesquisa b\u00e1sica e aplicada \u00e0 conserva\u00e7\u00e3o da biodiversidade em paisagens florestais fragmentadas. Para isso, os docentes do PPG-CB que atuam nesta linha de pesquisa utilizam dados de diferentes grupos taxon\u00f4micos, tanto da flora como da fauna, sob v\u00e1rias abordagens, como a ecologia da paisagem, de comunidades e de popula\u00e7\u00f5es, a ecofisiologia e a ecologia das intera\u00e7\u00f5es entre plantas e micro-organismos. <\/p>\n\n\n\n<p>Esta linha de pesquisa inclui os seguintes projetos:<\/p>\n\n\n\n<ul class=\"wp-block-list\">\n<li>Sistem\u00e1tica de Organismos Neotropicais<\/li>\n\n\n\n<li>Pesquisa Ecol\u00f3gica de Longa Dura\u00e7\u00e3o &#8211; Mata Atl\u00e2ntica do Norte do Paran\u00e1<\/li>\n\n\n\n<li>Respostas de Organismos Terrestres a Estresses Ambientais<\/li>\n\n\n\n<li>Ecologia de Ambientes Terrestres Antropizados<\/li>\n<\/ul>\n\n\n\n<div style=\"height:31px\" aria-hidden=\"true\" class=\"wp-block-spacer\"><\/div>\n","protected":false},"excerpt":{"rendered":"<p>A linha de pesquisa \u201cBiodiversidade e Conserva\u00e7\u00e3o&nbsp;em Habitats Terrestres\u201d tem como enfoque principal a pesquisa b\u00e1sica e aplicada \u00e0 conserva\u00e7\u00e3o da biodiversidade em paisagens florestais fragmentadas. Para isso, os docentes do PPG-CB que atuam nesta linha de pesquisa utilizam dados de diferentes grupos taxon\u00f4micos, tanto da flora como da fauna, sob v\u00e1rias abordagens, como a [&hellip;]<\/p>\n","protected":false},"author":10,"featured_media":0,"parent":0,"menu_order":0,"comment_status":"closed","ping_status":"closed","template":"","meta":{"footnotes":""},"class_list":["post-365","page","type-page","status-publish","hentry"],"acf":[],"_links":{"self":[{"href":"https:\/\/pos.uel.br\/biologicas\/wp-json\/wp\/v2\/pages\/365","targetHints":{"allow":["GET"]}}],"collection":[{"href":"https:\/\/pos.uel.br\/biologicas\/wp-json\/wp\/v2\/pages"}],"about":[{"href":"https:\/\/pos.uel.br\/biologicas\/wp-json\/wp\/v2\/types\/page"}],"author":[{"embeddable":true,"href":"https:\/\/pos.uel.br\/biologicas\/wp-json\/wp\/v2\/users\/10"}],"replies":[{"embeddable":true,"href":"https:\/\/pos.uel.br\/biologicas\/wp-json\/wp\/v2\/comments?post=365"}],"version-history":[{"count":5,"href":"https:\/\/pos.uel.br\/biologicas\/wp-json\/wp\/v2\/pages\/365\/revisions"}],"predecessor-version":[{"id":1538,"href":"https:\/\/pos.uel.br\/biologicas\/wp-json\/wp\/v2\/pages\/365\/revisions\/1538"}],"wp:attachment":[{"href":"https:\/\/pos.uel.br\/biologicas\/wp-json\/wp\/v2\/media?parent=365"}],"curies":[{"name":"wp","href":"https:\/\/api.w.org\/{rel}","templated":true}]}}