{"id":352,"date":"2021-06-09T17:44:33","date_gmt":"2021-06-09T20:44:33","guid":{"rendered":"https:\/\/pos.uel.br\/biologicas\/?page_id=352"},"modified":"2024-09-23T10:16:30","modified_gmt":"2024-09-23T13:16:30","slug":"teses","status":"publish","type":"page","link":"https:\/\/pos.uel.br\/biologicas\/teses\/","title":{"rendered":"Teses"},"content":{"rendered":"\n<p id=\"block-33348ee6-57c8-42d5-a9ea-a7227370d17f\">As disserta\u00e7\u00f5es e teses do PPG-CB est\u00e3o disponibilizadas no site da Biblioteca Central da UEL:&nbsp;<\/p>\n\n\n\n<p><a href=\"https:\/\/repositorio.uel.br\">https:\/\/repositorio.uel.br<\/a><\/p>\n","protected":false},"excerpt":{"rendered":"<p>As disserta\u00e7\u00f5es e teses do PPG-CB est\u00e3o disponibilizadas no site da Biblioteca Central da UEL:&nbsp; https:\/\/repositorio.uel.br<\/p>\n","protected":false},"author":10,"featured_media":0,"parent":0,"menu_order":0,"comment_status":"closed","ping_status":"closed","template":"","meta":{"footnotes":""},"class_list":["post-352","page","type-page","status-publish","hentry"],"acf":[],"_links":{"self":[{"href":"https:\/\/pos.uel.br\/biologicas\/wp-json\/wp\/v2\/pages\/352","targetHints":{"allow":["GET"]}}],"collection":[{"href":"https:\/\/pos.uel.br\/biologicas\/wp-json\/wp\/v2\/pages"}],"about":[{"href":"https:\/\/pos.uel.br\/biologicas\/wp-json\/wp\/v2\/types\/page"}],"author":[{"embeddable":true,"href":"https:\/\/pos.uel.br\/biologicas\/wp-json\/wp\/v2\/users\/10"}],"replies":[{"embeddable":true,"href":"https:\/\/pos.uel.br\/biologicas\/wp-json\/wp\/v2\/comments?post=352"}],"version-history":[{"count":3,"href":"https:\/\/pos.uel.br\/biologicas\/wp-json\/wp\/v2\/pages\/352\/revisions"}],"predecessor-version":[{"id":1800,"href":"https:\/\/pos.uel.br\/biologicas\/wp-json\/wp\/v2\/pages\/352\/revisions\/1800"}],"wp:attachment":[{"href":"https:\/\/pos.uel.br\/biologicas\/wp-json\/wp\/v2\/media?parent=352"}],"curies":[{"name":"wp","href":"https:\/\/api.w.org\/{rel}","templated":true}]}}