{"id":322,"date":"2021-06-09T17:08:56","date_gmt":"2021-06-09T20:08:56","guid":{"rendered":"https:\/\/pos.uel.br\/biologicas\/?page_id=322"},"modified":"2021-08-01T21:09:51","modified_gmt":"2021-08-02T00:09:51","slug":"inclusao-de-coorientador","status":"publish","type":"page","link":"https:\/\/pos.uel.br\/biologicas\/inclusao-de-coorientador\/","title":{"rendered":"Inclus\u00e3o de coorientador"},"content":{"rendered":"\n<p>O orientador deve enviar \u00e0 Comiss\u00e3o Coordenadora do PPG-CB uma carta assinada solicitando a inclus\u00e3o do coorientador, com justificativa cab\u00edvel. <\/p>\n\n\n\n<div style=\"height:29px\" aria-hidden=\"true\" class=\"wp-block-spacer\"><\/div>\n\n\n\n<div class=\"wp-block-columns are-vertically-aligned-center is-layout-flex wp-container-core-columns-is-layout-9d6595d7 wp-block-columns-is-layout-flex\">\n<div class=\"wp-block-column is-vertically-aligned-center is-layout-flow wp-block-column-is-layout-flow\" style=\"flex-basis:100%\">\n<div class=\"wp-block-group\"><div class=\"wp-block-group__inner-container is-layout-flow wp-block-group-is-layout-flow\">\n<div class=\"wp-block-buttons is-layout-flex wp-block-buttons-is-layout-flex\">\n<div class=\"wp-block-button\"><a class=\"wp-block-button__link has-primary-accent-background-color has-background\" href=\"https:\/\/pos.uel.br\/biologicas\/wp-content\/uploads\/2021\/07\/Co-orientacao-modelo.docx\">Modelo Carta Coorientador<\/a><\/div>\n<\/div>\n<\/div><\/div>\n<\/div>\n<\/div>\n\n\n\n<div style=\"height:30px\" aria-hidden=\"true\" class=\"wp-block-spacer\"><\/div>\n\n\n\n<p>Caso o coorientador n\u00e3o seja docente cadastrado na UEL, tamb\u00e9m deve ser enviado o<a href=\"https:\/\/pos.uel.br\/biologicas\/wp-content\/uploads\/2021\/08\/Form_cadastro_Prof_visitante_2021.doc\"> Formul\u00e1rio de Cadastro de Professor Visitante.<\/a><\/p>\n\n\n\n<p><\/p>\n","protected":false},"excerpt":{"rendered":"<p>O orientador deve enviar \u00e0 Comiss\u00e3o Coordenadora do PPG-CB uma carta assinada solicitando a inclus\u00e3o do coorientador, com justificativa cab\u00edvel. Caso o coorientador n\u00e3o seja docente cadastrado na UEL, tamb\u00e9m deve ser enviado o Formul\u00e1rio de Cadastro de Professor Visitante.<\/p>\n","protected":false},"author":10,"featured_media":0,"parent":0,"menu_order":0,"comment_status":"closed","ping_status":"closed","template":"","meta":{"footnotes":""},"class_list":["post-322","page","type-page","status-publish","hentry"],"acf":[],"_links":{"self":[{"href":"https:\/\/pos.uel.br\/biologicas\/wp-json\/wp\/v2\/pages\/322","targetHints":{"allow":["GET"]}}],"collection":[{"href":"https:\/\/pos.uel.br\/biologicas\/wp-json\/wp\/v2\/pages"}],"about":[{"href":"https:\/\/pos.uel.br\/biologicas\/wp-json\/wp\/v2\/types\/page"}],"author":[{"embeddable":true,"href":"https:\/\/pos.uel.br\/biologicas\/wp-json\/wp\/v2\/users\/10"}],"replies":[{"embeddable":true,"href":"https:\/\/pos.uel.br\/biologicas\/wp-json\/wp\/v2\/comments?post=322"}],"version-history":[{"count":5,"href":"https:\/\/pos.uel.br\/biologicas\/wp-json\/wp\/v2\/pages\/322\/revisions"}],"predecessor-version":[{"id":752,"href":"https:\/\/pos.uel.br\/biologicas\/wp-json\/wp\/v2\/pages\/322\/revisions\/752"}],"wp:attachment":[{"href":"https:\/\/pos.uel.br\/biologicas\/wp-json\/wp\/v2\/media?parent=322"}],"curies":[{"name":"wp","href":"https:\/\/api.w.org\/{rel}","templated":true}]}}