{"id":30,"date":"2021-04-26T19:01:55","date_gmt":"2021-04-26T22:01:55","guid":{"rendered":"https:\/\/pos.uel.br\/biologicas\/?page_id=30"},"modified":"2026-02-18T08:40:34","modified_gmt":"2026-02-18T11:40:34","slug":"corpo-docente-2","status":"publish","type":"page","link":"https:\/\/pos.uel.br\/biologicas\/corpo-docente-2\/","title":{"rendered":"Corpo docente"},"content":{"rendered":"\n<div class=\"wp-block-group\"><div class=\"wp-block-group__inner-container is-layout-flow wp-block-group-is-layout-flow\">\n<div class=\"wp-block-columns is-layout-flex wp-container-core-columns-is-layout-9d6595d7 wp-block-columns-is-layout-flex\">\n<div class=\"wp-block-column is-vertically-aligned-top is-layout-flow wp-block-column-is-layout-flow\" style=\"flex-basis:100%\">\n<h2 class=\"wp-block-heading\">Orientadores do N\u00facleo Permanente do Curso de Doutorado do PPG-CB<\/h2>\n\n\n\n<p><\/p>\n\n\n\n<ul class=\"wp-block-list\">\n<li>Dra. Ana Paula Vidotto Magnoni (anavidotto@uel.br) &#8211; Ecologia Comportamental &#8211; <a href=\"https:\/\/www.instagram.com\/leca_uel\/\" target=\"_blank\" rel=\"noreferrer noopener\">Laborat\u00f3rio de Ecologia e Comportamento Animal (LECA)<\/a> | <a href=\"http:\/\/lattes.cnpq.br\/3666185085570677\" target=\"_blank\" rel=\"noreferrer noopener\">Lattes<\/a><\/li>\n\n\n\n<li>Dr. Andr\u00e9 Luis Laforga Vanzela (andrevanzela@uel.br) &#8211; CItogen\u00e9tica e Diversidade de Plantas &#8211; <a href=\"http:\/\/lattes.cnpq.br\/0475165015650302\" data-type=\"link\" data-id=\"http:\/\/lattes.cnpq.br\/0475165015650302\">Lattes<\/a><\/li>\n\n\n\n<li>Dra. Cl\u00e1udia Bueno dos Reis Martinez (cbueno@uel.br) &#8211; Ecotoxicologia Aqu\u00e1tica &#8211; <a rel=\"noreferrer noopener\" href=\"http:\/\/www.uel.br\/laboratorios\/lefa\/\" target=\"_blank\">Laborat\u00f3rio de Ecofisiologia Animal (LEFA)<\/a> | <a rel=\"noreferrer noopener\" href=\"http:\/\/lattes.cnpq.br\/4215849919453600\" target=\"_blank\">Lattes<\/a><\/li>\n\n\n\n<li>Dr. Fernando Jerep (fjerep@uel.br) &#8211; Sistem\u00e1tica, Comportamento e Anatomia Comparada de Peixes &#8211; <a rel=\"noreferrer noopener\" href=\"https:\/\/sites.google.com\/site\/museudezoologia\/?authuser=0\" target=\"_blank\">Museu de Zoologia (MZUEL)<\/a> | <a rel=\"noreferrer noopener\" href=\"http:\/\/lattes.cnpq.br\/8861793478250754\" target=\"_blank\">Lattes<\/a><\/li>\n\n\n\n<li>Dr. Fernando Maia Silva Dias (fernandodias@uel.br) \u2013 Sistem\u00e1tica de Lepidoptera \u2013&nbsp;<a href=\"http:\/\/lattes.cnpq.br\/4172456303121517\" target=\"_blank\" rel=\"noreferrer noopener\">Lattes<\/a><\/li>\n\n\n\n<li>Dr. Gustavo Monteiro Teixeira (gmteixeira@uel.br) &#8211; Ecologia, Biologia Reprodutiva e Estrutura Populacional de Crust\u00e1ceos &#8211; <a rel=\"noreferrer noopener\" href=\"http:\/\/lattes.cnpq.br\/7542339233614082\" target=\"_blank\">Lattes<\/a><\/li>\n\n\n\n<li>Dr. Halley Caixeta de Oliveira (halley@uel.br) &#8211; Ecofisiologia Vegetal &#8211; <a rel=\"noreferrer noopener\" href=\"http:\/\/lattes.cnpq.br\/7663463280386141\" target=\"_blank\">Lattes<\/a><\/li>\n\n\n\n<li>Dr. Jo\u00e3o Antonio Cyrino Zequi (zequi@uel.br) &#8211; Entomologia &#8211; <a rel=\"noreferrer noopener\" href=\"http:\/\/lattes.cnpq.br\/7409155095644588\" target=\"_blank\">Lattes<\/a><\/li>\n\n\n\n<li>Dr. Jos\u00e9 Eduardo Lahoz Ribeiro (jeduardo@uel.br) &#8211; Sistem\u00e1tica e Evolu\u00e7\u00e3o de Angiospermas &#8211; <a href=\"http:\/\/lattes.cnpq.br\/5922757876208518\" target=\"_blank\" rel=\"noreferrer noopener\">Lattes<\/a><\/li>\n\n\n\n<li>Dr. Jos\u00e9 Lu\u00eds Birindelli (josebirindelli@uel.br) &#8211; Diversidade, Anatomia e Sistem\u00e1tica de Peixes &#8211; <a rel=\"noreferrer noopener\" href=\"https:\/\/sites.google.com\/site\/museudezoologia\/?authuser=0\" target=\"_blank\">Museu de Zoologia (MZUEL)<\/a> | <a rel=\"noreferrer noopener\" href=\"http:\/\/lattes.cnpq.br\/4475607120379771\" target=\"_blank\">Lattes<\/a><\/li>\n\n\n\n<li>Dr. Jos\u00e9 Marcelo Torezan (torezan@uel.br) &#8211; Conserva\u00e7\u00e3o e Restaura\u00e7\u00e3o de Habitats Naturais &#8211;<a rel=\"noreferrer noopener\" href=\"https:\/\/www.instagram.com\/labre_uel\/\" target=\"_blank\"> Laborat\u00f3rio de Biodiversidade e Restaura\u00e7\u00e3o de Ecossistemas (LABRE)<\/a>| <a rel=\"noreferrer noopener\" href=\"http:\/\/lattes.cnpq.br\/5901007219248068\" target=\"_blank\">Lattes<\/a><\/li>\n\n\n\n<li>Dr. Luiz dos Anjos (lanjos@uel.br) &#8211; Ecologia e Conserva\u00e7\u00e3o de Aves &#8211; <a rel=\"noreferrer noopener\" href=\"https:\/\/www.lobio.com.br\/\" target=\"_blank\">Laborat\u00f3rio de Ornitologia e Bioac\u00fastica (LOBIO)<\/a> | <a rel=\"noreferrer noopener\" href=\"http:\/\/lattes.cnpq.br\/2876679640785111\" target=\"_blank\">Lattes<\/a><\/li>\n\n\n\n<li>Dr. Marcos Robalinho Lima (robalinho@uel.br) &#8211; Ecologia Evolutiva e Conserva\u00e7\u00e3o &#8211; <a href=\"https:\/\/sites.google.com\/view\/eeconlab-uel\/home\" target=\"_blank\" rel=\"noreferrer noopener\">Laborat\u00f3rio de Ecologia Evolutiva &amp; Conserva\u00e7\u00e3o (EECon)<\/a> | <a href=\"http:\/\/lattes.cnpq.br\/1073825341025252\" target=\"_blank\" rel=\"noreferrer noopener\">Lattes<\/a><\/li>\n\n\n\n<li>Dr. M\u00e1rio Luis Orsi (orsi@uel.br) &#8211; Invas\u00f5es Biol\u00f3gicas em Ecossistemas Aqu\u00e1ticos &#8211; <a rel=\"noreferrer noopener\" href=\"https:\/\/www.facebook.com\/lepib1?notif_t=page_new_likes\" target=\"_blank\">Laborat\u00f3rio de Ecologia de Peixes e Invas\u00f5es Biol\u00f3gicas (LEPIB)<\/a> | <a rel=\"noreferrer noopener\" href=\"http:\/\/lattes.cnpq.br\/7503927102625782\" target=\"_blank\">Lattes<\/a><\/li>\n\n\n\n<li>Dr. Oscar Akio Shibatta (shibatta@uel.br) &#8211; Biogeografia e Sistem\u00e1tica de Peixes &#8211; <a rel=\"noreferrer noopener\" href=\"https:\/\/sites.google.com\/site\/museudezoologia\/?authuser=0\" target=\"_blank\">Museu de Zoologia (MZUEL)<\/a> | <a rel=\"noreferrer noopener\" href=\"http:\/\/lattes.cnpq.br\/7655450575101641\" target=\"_blank\">Lattes<\/a><\/li>\n\n\n\n<li>Dra. Renata Stolf Moreira (stolf@uel.br) &#8211; Ecofisiologia Vegetal &#8211; <a href=\"http:\/\/lattes.cnpq.br\/7898814885704450\" target=\"_blank\" rel=\"noreferrer noopener\">Lattes<\/a><\/li>\n\n\n\n<li>Dra. Renata da Rosa (renata-darosa@uel.br) &#8211; Entomologia Molecular &#8211; <a href=\"http:\/\/lattes.cnpq.br\/0936339032482338\">Lattes<\/a> \/ <a href=\"https:\/\/www.instagram.com\/lacemuel\/\">Laborat\u00f3rio de Citogen\u00e9tica e Entomologia Molecular (LaCEM)<\/a><\/li>\n\n\n\n<li>Dra. Silvia Helena Sofia (shsofia@uel.br) &#8211; Ecologia de Abelhas &#8211; <a rel=\"noreferrer noopener\" href=\"http:\/\/www.uel.br\/laboratorios\/lagea\/\" target=\"_blank\">Laborat\u00f3rio de Gen\u00e9tica e Ecologia Animal (LAGEA)<\/a> | <a rel=\"noreferrer noopener\" href=\"http:\/\/lattes.cnpq.br\/9708788401690874\" target=\"_blank\">Lattes<\/a><\/li>\n<\/ul>\n<\/div>\n\n\n\n<div class=\"wp-block-column is-layout-flow wp-block-column-is-layout-flow\"><\/div>\n<\/div>\n<\/div><\/div>\n\n\n\n<h2 class=\"wp-block-heading\">Orientadores Colaboradores do Curso de Doutorado do PPG-CB<\/h2>\n\n\n\n<ul class=\"wp-block-list\">\n<li>Dra. Aline Aguiar (aline.aguiarr@gmail.com) &#8211; Helmitofauna de Anf\u00edbios &#8211; <a href=\"http:\/\/lattes.cnpq.br\/9052091450123780\">Lattes<\/a><\/li>\n<\/ul>\n","protected":false},"excerpt":{"rendered":"<p>Orientadores do N\u00facleo Permanente do Curso de Doutorado do PPG-CB Orientadores Colaboradores do Curso de Doutorado do PPG-CB<\/p>\n","protected":false},"author":7,"featured_media":0,"parent":0,"menu_order":0,"comment_status":"closed","ping_status":"closed","template":"","meta":{"footnotes":""},"class_list":["post-30","page","type-page","status-publish","hentry"],"acf":[],"_links":{"self":[{"href":"https:\/\/pos.uel.br\/biologicas\/wp-json\/wp\/v2\/pages\/30","targetHints":{"allow":["GET"]}}],"collection":[{"href":"https:\/\/pos.uel.br\/biologicas\/wp-json\/wp\/v2\/pages"}],"about":[{"href":"https:\/\/pos.uel.br\/biologicas\/wp-json\/wp\/v2\/types\/page"}],"author":[{"embeddable":true,"href":"https:\/\/pos.uel.br\/biologicas\/wp-json\/wp\/v2\/users\/7"}],"replies":[{"embeddable":true,"href":"https:\/\/pos.uel.br\/biologicas\/wp-json\/wp\/v2\/comments?post=30"}],"version-history":[{"count":21,"href":"https:\/\/pos.uel.br\/biologicas\/wp-json\/wp\/v2\/pages\/30\/revisions"}],"predecessor-version":[{"id":1992,"href":"https:\/\/pos.uel.br\/biologicas\/wp-json\/wp\/v2\/pages\/30\/revisions\/1992"}],"wp:attachment":[{"href":"https:\/\/pos.uel.br\/biologicas\/wp-json\/wp\/v2\/media?parent=30"}],"curies":[{"name":"wp","href":"https:\/\/api.w.org\/{rel}","templated":true}]}}