{"id":28,"date":"2021-04-26T19:01:55","date_gmt":"2021-04-26T22:01:55","guid":{"rendered":"https:\/\/pos.uel.br\/biologicas\/?page_id=28"},"modified":"2024-08-28T22:13:48","modified_gmt":"2024-08-29T01:13:48","slug":"doutorado","status":"publish","type":"page","link":"https:\/\/pos.uel.br\/biologicas\/doutorado\/","title":{"rendered":"Doutorado"},"content":{"rendered":"\n<p>&#8211; <a href=\"https:\/\/pos.uel.br\/biologicas\/estrutura-curricular\/\"><strong>Estrutura curricular<\/strong><\/a><\/p>\n\n\n\n<p>&#8211; <a href=\"https:\/\/pos.uel.br\/biologicas\/corpo-docente-2\/\"><strong>Corpo docente<\/strong><\/a><\/p>\n\n\n\n<p>&#8211; <a href=\"https:\/\/pos.uel.br\/biologicas\/corpo-discente-2\/\"><strong>Corpo discente<\/strong><\/a><\/p>\n\n\n\n<p>&#8211; <a href=\"https:\/\/pos.uel.br\/biologicas\/egressos\/\"><strong>Egressos<\/strong><\/a><\/p>\n\n\n\n<p>&#8211; <a href=\"https:\/\/pos.uel.br\/biologicas\/dissertacoes-teses-e-livros\/\"><strong>Teses<\/strong><\/a><\/p>\n\n\n\n<p>&#8211; <a href=\"https:\/\/pos.uel.br\/biologicas\/regimentos-resolucoes-e-normas-2\/\"><strong>Regras, procedimentos e formul\u00e1rios<\/strong><\/a><\/p>\n\n\n\n<p>&#8211; <strong><a href=\"https:\/\/pos.uel.br\/biologicas\/resolucao-bolsas\/\" data-type=\"link\" data-id=\"https:\/\/pos.uel.br\/biologicas\/resolucao-bolsas\/\">Resolu\u00e7\u00e3o distribui\u00e7\u00e3o de bolsas<\/a><\/strong><\/p>\n\n\n\n<p><a href=\"https:\/\/pos.uel.br\/biologicas\/wp-content\/uploads\/2024\/08\/Anexo-3-CV-doutorado.docx\">&#8211; Anexo 3 &#8211; Curriculo vitae aluno regular doutorado<\/a><\/p>\n","protected":false},"excerpt":{"rendered":"<p>&#8211; Estrutura curricular &#8211; Corpo docente &#8211; Corpo discente &#8211; Egressos &#8211; Teses &#8211; Regras, procedimentos e formul\u00e1rios &#8211; Resolu\u00e7\u00e3o distribui\u00e7\u00e3o de bolsas &#8211; Anexo 3 &#8211; Curriculo vitae aluno regular doutorado<\/p>\n","protected":false},"author":7,"featured_media":0,"parent":0,"menu_order":0,"comment_status":"closed","ping_status":"closed","template":"","meta":{"footnotes":""},"class_list":["post-28","page","type-page","status-publish","hentry"],"acf":[],"_links":{"self":[{"href":"https:\/\/pos.uel.br\/biologicas\/wp-json\/wp\/v2\/pages\/28","targetHints":{"allow":["GET"]}}],"collection":[{"href":"https:\/\/pos.uel.br\/biologicas\/wp-json\/wp\/v2\/pages"}],"about":[{"href":"https:\/\/pos.uel.br\/biologicas\/wp-json\/wp\/v2\/types\/page"}],"author":[{"embeddable":true,"href":"https:\/\/pos.uel.br\/biologicas\/wp-json\/wp\/v2\/users\/7"}],"replies":[{"embeddable":true,"href":"https:\/\/pos.uel.br\/biologicas\/wp-json\/wp\/v2\/comments?post=28"}],"version-history":[{"count":5,"href":"https:\/\/pos.uel.br\/biologicas\/wp-json\/wp\/v2\/pages\/28\/revisions"}],"predecessor-version":[{"id":1778,"href":"https:\/\/pos.uel.br\/biologicas\/wp-json\/wp\/v2\/pages\/28\/revisions\/1778"}],"wp:attachment":[{"href":"https:\/\/pos.uel.br\/biologicas\/wp-json\/wp\/v2\/media?parent=28"}],"curies":[{"name":"wp","href":"https:\/\/api.w.org\/{rel}","templated":true}]}}