{"id":236,"date":"2021-06-06T17:36:48","date_gmt":"2021-06-06T20:36:48","guid":{"rendered":"https:\/\/pos.uel.br\/biologicas\/?page_id=236"},"modified":"2021-06-08T18:28:47","modified_gmt":"2021-06-08T21:28:47","slug":"elaboracao-de-projeto-de-doutorado","status":"publish","type":"page","link":"https:\/\/pos.uel.br\/biologicas\/elaboracao-de-projeto-de-doutorado\/","title":{"rendered":"Elabora\u00e7\u00e3o de projeto de Doutorado"},"content":{"rendered":"\n<p>&#8211;\u00a0O projeto de Doutorado\u00a0deve estar de acordo com pelo menos uma das linhas de pesquisa do programa. <\/p>\n\n\n\n<p>&#8211; O projeto de Doutorado deve ser entregue no ato da inscri\u00e7\u00e3o no processo de sele\u00e7\u00e3o, seguindo as normas descritas no edital. <\/p>\n\n\n\n<p>&#8211; Os alunos que n\u00e3o fizeram o Mestrado no PPG-CB devem apresentar o projeto como parte da disciplina Workshop de Projetos II. Os demais doutorandos n\u00e3o precisam se matricular na disciplina, mas s\u00e3o convidados a apresentar seu projeto durante ela.<\/p>\n\n\n\n<p>&#8211; Cabe ao orientador cadastrar o projeto na PROPPG (obrigat\u00f3rio).<\/p>\n","protected":false},"excerpt":{"rendered":"<p>&#8211;\u00a0O projeto de Doutorado\u00a0deve estar de acordo com pelo menos uma das linhas de pesquisa do programa. &#8211; O projeto de Doutorado deve ser entregue no ato da inscri\u00e7\u00e3o no processo de sele\u00e7\u00e3o, seguindo as normas descritas no edital. &#8211; Os alunos que n\u00e3o fizeram o Mestrado no PPG-CB devem apresentar o projeto como parte [&hellip;]<\/p>\n","protected":false},"author":10,"featured_media":0,"parent":0,"menu_order":0,"comment_status":"closed","ping_status":"closed","template":"","meta":{"footnotes":""},"class_list":["post-236","page","type-page","status-publish","hentry"],"acf":[],"_links":{"self":[{"href":"https:\/\/pos.uel.br\/biologicas\/wp-json\/wp\/v2\/pages\/236","targetHints":{"allow":["GET"]}}],"collection":[{"href":"https:\/\/pos.uel.br\/biologicas\/wp-json\/wp\/v2\/pages"}],"about":[{"href":"https:\/\/pos.uel.br\/biologicas\/wp-json\/wp\/v2\/types\/page"}],"author":[{"embeddable":true,"href":"https:\/\/pos.uel.br\/biologicas\/wp-json\/wp\/v2\/users\/10"}],"replies":[{"embeddable":true,"href":"https:\/\/pos.uel.br\/biologicas\/wp-json\/wp\/v2\/comments?post=236"}],"version-history":[{"count":5,"href":"https:\/\/pos.uel.br\/biologicas\/wp-json\/wp\/v2\/pages\/236\/revisions"}],"predecessor-version":[{"id":387,"href":"https:\/\/pos.uel.br\/biologicas\/wp-json\/wp\/v2\/pages\/236\/revisions\/387"}],"wp:attachment":[{"href":"https:\/\/pos.uel.br\/biologicas\/wp-json\/wp\/v2\/media?parent=236"}],"curies":[{"name":"wp","href":"https:\/\/api.w.org\/{rel}","templated":true}]}}