{"id":225,"date":"2021-06-06T12:41:46","date_gmt":"2021-06-06T15:41:46","guid":{"rendered":"https:\/\/pos.uel.br\/biologicas\/?page_id=225"},"modified":"2024-09-23T10:17:27","modified_gmt":"2024-09-23T13:17:27","slug":"dissertacoes-teses-e-livros","status":"publish","type":"page","link":"https:\/\/pos.uel.br\/biologicas\/dissertacoes-teses-e-livros\/","title":{"rendered":"Disserta\u00e7\u00f5es"},"content":{"rendered":"\n<p>As disserta\u00e7\u00f5es e teses do PPG-CB est\u00e3o disponibilizadas no site da Biblioteca Central da UEL:&nbsp;<\/p>\n\n\n\n<p><a href=\"https:\/\/repositorio.uel.br\/.\">https:\/\/repositorio.uel.br\/.<\/a><\/p>\n","protected":false},"excerpt":{"rendered":"<p>As disserta\u00e7\u00f5es e teses do PPG-CB est\u00e3o disponibilizadas no site da Biblioteca Central da UEL:&nbsp; https:\/\/repositorio.uel.br\/.<\/p>\n","protected":false},"author":10,"featured_media":0,"parent":0,"menu_order":0,"comment_status":"closed","ping_status":"closed","template":"","meta":{"footnotes":""},"class_list":["post-225","page","type-page","status-publish","hentry"],"acf":[],"_links":{"self":[{"href":"https:\/\/pos.uel.br\/biologicas\/wp-json\/wp\/v2\/pages\/225","targetHints":{"allow":["GET"]}}],"collection":[{"href":"https:\/\/pos.uel.br\/biologicas\/wp-json\/wp\/v2\/pages"}],"about":[{"href":"https:\/\/pos.uel.br\/biologicas\/wp-json\/wp\/v2\/types\/page"}],"author":[{"embeddable":true,"href":"https:\/\/pos.uel.br\/biologicas\/wp-json\/wp\/v2\/users\/10"}],"replies":[{"embeddable":true,"href":"https:\/\/pos.uel.br\/biologicas\/wp-json\/wp\/v2\/comments?post=225"}],"version-history":[{"count":4,"href":"https:\/\/pos.uel.br\/biologicas\/wp-json\/wp\/v2\/pages\/225\/revisions"}],"predecessor-version":[{"id":1801,"href":"https:\/\/pos.uel.br\/biologicas\/wp-json\/wp\/v2\/pages\/225\/revisions\/1801"}],"wp:attachment":[{"href":"https:\/\/pos.uel.br\/biologicas\/wp-json\/wp\/v2\/media?parent=225"}],"curies":[{"name":"wp","href":"https:\/\/api.w.org\/{rel}","templated":true}]}}