{"id":194,"date":"2021-06-08T20:06:21","date_gmt":"2021-06-08T23:06:21","guid":{"rendered":"https:\/\/pos.uel.br\/biologicas\/?page_id=194"},"modified":"2022-03-07T14:28:30","modified_gmt":"2022-03-07T17:28:30","slug":"proficiencia-em-lingua-inglesa","status":"publish","type":"page","link":"https:\/\/pos.uel.br\/biologicas\/proficiencia-em-lingua-inglesa\/","title":{"rendered":"Profici\u00eancia em l\u00edngua inglesa"},"content":{"rendered":"\n<p>O p\u00f3s-graduando (Mestrado e Doutorado) dever\u00e1 comprovar a profici\u00eancia em l\u00edngua inglesa em at\u00e9 12 meses ap\u00f3s o ingresso no PPG-CB. Para comprova\u00e7\u00e3o, o p\u00f3s-graduando deve seguir os seguintes passos:<\/p>\n\n\n\n<p>1\u00ba. Fazer solicita\u00e7\u00e3o de Exame de Profici\u00eancia no &#8220;Portal do Estudante&#8221;.<\/p>\n\n\n\n<p>2\u00ba. Enviar para o e-mail <a href=\"mailto:ppg.cb@uel.br\">ppg.cb@uel.br<\/a> o certificado de um dos testes indicados abaixo:<\/p>\n\n\n\n<figure class=\"wp-block-table\"><table><tbody><tr><td>EXAME<\/td><td>PONTUA\u00c7\u00c3O M\u00cdNIMA<\/td><td>INFORMA\u00c7\u00d5ES<\/td><\/tr><tr><td>TEAP&nbsp;(Test for English for Academic Purposes)<\/td><td>60<\/td><td><a href=\"https:\/\/www.teseprime.org\/\" data-type=\"URL\" data-id=\"https:\/\/www.teseprime.org\/\">www.teseprime.org<\/a><\/td><\/tr><tr><td>TOEFL iBT&nbsp;(Test for English as a Foreign Language, internet-based)<\/td><td>57<\/td><td><a href=\"http:\/\/www.toefl.org\">www.toefl.org<\/a><\/td><\/tr><tr><td>TOEFL&nbsp;ITP&nbsp;(Test for English as a Foreign Language, institutional testing program)<\/td><td>460<\/td><td><a href=\"http:\/\/www.toefl.org\">www.toefl.org<\/a><\/td><\/tr><tr><td>IELTS&nbsp;(International English Language Testing System)<\/td><td>4,0<\/td><td><a href=\"http:\/\/www.britishcouncil.org.br\">www.britishcouncil.org.br<\/a><\/td><\/tr><tr><td>TOEIC&nbsp;(Test of English for International Communication)<\/td><td>463<\/td><td><a href=\"http:\/\/www.ets.org\/toeic\">www.ets.org\/toeic<\/a><\/td><\/tr><\/tbody><\/table><\/figure>\n\n\n\n<div style=\"height:30px\" aria-hidden=\"true\" class=\"wp-block-spacer\"><\/div>\n\n\n\n<p><strong>Observa\u00e7\u00e3o: <\/strong><\/p>\n\n\n\n<p>1) O estudante de Doutorado com t\u00edtulo de Mestre dever\u00e1 requerer o aproveitamento da profici\u00eancia em Ingl\u00eas realizada no Mestrado. <\/p>\n\n\n\n<p>2) Aproveitem as oportunidades ofertadas pelo Programa Paran\u00e1 Fala Idiomas: <a href=\"https:\/\/pfiuel.wordpress.com\/ \">https:\/\/pfiuel.wordpress.com\/ <\/a><\/p>\n","protected":false},"excerpt":{"rendered":"<p>O p\u00f3s-graduando (Mestrado e Doutorado) dever\u00e1 comprovar a profici\u00eancia em l\u00edngua inglesa em at\u00e9 12 meses ap\u00f3s o ingresso no PPG-CB. Para comprova\u00e7\u00e3o, o p\u00f3s-graduando deve seguir os seguintes passos: 1\u00ba. Fazer solicita\u00e7\u00e3o de Exame de Profici\u00eancia no &#8220;Portal do Estudante&#8221;. 2\u00ba. Enviar para o e-mail ppg.cb@uel.br o certificado de um dos testes indicados abaixo: [&hellip;]<\/p>\n","protected":false},"author":10,"featured_media":0,"parent":0,"menu_order":0,"comment_status":"closed","ping_status":"closed","template":"","meta":{"footnotes":""},"class_list":["post-194","page","type-page","status-publish","hentry"],"acf":[],"_links":{"self":[{"href":"https:\/\/pos.uel.br\/biologicas\/wp-json\/wp\/v2\/pages\/194","targetHints":{"allow":["GET"]}}],"collection":[{"href":"https:\/\/pos.uel.br\/biologicas\/wp-json\/wp\/v2\/pages"}],"about":[{"href":"https:\/\/pos.uel.br\/biologicas\/wp-json\/wp\/v2\/types\/page"}],"author":[{"embeddable":true,"href":"https:\/\/pos.uel.br\/biologicas\/wp-json\/wp\/v2\/users\/10"}],"replies":[{"embeddable":true,"href":"https:\/\/pos.uel.br\/biologicas\/wp-json\/wp\/v2\/comments?post=194"}],"version-history":[{"count":4,"href":"https:\/\/pos.uel.br\/biologicas\/wp-json\/wp\/v2\/pages\/194\/revisions"}],"predecessor-version":[{"id":1068,"href":"https:\/\/pos.uel.br\/biologicas\/wp-json\/wp\/v2\/pages\/194\/revisions\/1068"}],"wp:attachment":[{"href":"https:\/\/pos.uel.br\/biologicas\/wp-json\/wp\/v2\/media?parent=194"}],"curies":[{"name":"wp","href":"https:\/\/api.w.org\/{rel}","templated":true}]}}