{"id":1680,"date":"2023-10-07T00:38:06","date_gmt":"2023-10-07T03:38:06","guid":{"rendered":"https:\/\/pos.uel.br\/biologicas\/?page_id=1680"},"modified":"2023-10-07T00:38:07","modified_gmt":"2023-10-07T03:38:07","slug":"resolucao-bolsas","status":"publish","type":"page","link":"https:\/\/pos.uel.br\/biologicas\/resolucao-bolsas\/","title":{"rendered":"Resolu\u00e7\u00e3o Bolsas"},"content":{"rendered":"\n<p>Diretrizes refeente a distribui\u00e7\u00e3o de bolsas e ac\u00famulo de v\u00ednculo empregat\u00edcio com bolsas.<\/p>\n\n\n\n<div data-wp-interactive=\"core\/file\" class=\"wp-block-file\"><object data-wp-bind--hidden=\"!state.hasPdfPreview\" hidden class=\"wp-block-file__embed\" data=\"https:\/\/pos.uel.br\/biologicas\/wp-content\/uploads\/2023\/10\/Normativa-Bolsa.docx.pdf\" type=\"application\/pdf\" style=\"width:100%;height:600px\" aria-label=\"Incorporado de Normativa-Bolsa.docx.\"><\/object><a id=\"wp-block-file--media-ba3e3ace-eca2-4787-8323-f54780c56138\" href=\"https:\/\/pos.uel.br\/biologicas\/wp-content\/uploads\/2023\/10\/Normativa-Bolsa.docx.pdf\">Normativa-Bolsa.docx<\/a><a href=\"https:\/\/pos.uel.br\/biologicas\/wp-content\/uploads\/2023\/10\/Normativa-Bolsa.docx.pdf\" class=\"wp-block-file__button wp-element-button\" download aria-describedby=\"wp-block-file--media-ba3e3ace-eca2-4787-8323-f54780c56138\">Baixar<\/a><\/div>\n","protected":false},"excerpt":{"rendered":"<p>Diretrizes refeente a distribui\u00e7\u00e3o de bolsas e ac\u00famulo de v\u00ednculo empregat\u00edcio com bolsas.<\/p>\n","protected":false},"author":9,"featured_media":0,"parent":0,"menu_order":0,"comment_status":"closed","ping_status":"closed","template":"","meta":{"footnotes":""},"class_list":["post-1680","page","type-page","status-publish","hentry"],"acf":[],"_links":{"self":[{"href":"https:\/\/pos.uel.br\/biologicas\/wp-json\/wp\/v2\/pages\/1680","targetHints":{"allow":["GET"]}}],"collection":[{"href":"https:\/\/pos.uel.br\/biologicas\/wp-json\/wp\/v2\/pages"}],"about":[{"href":"https:\/\/pos.uel.br\/biologicas\/wp-json\/wp\/v2\/types\/page"}],"author":[{"embeddable":true,"href":"https:\/\/pos.uel.br\/biologicas\/wp-json\/wp\/v2\/users\/9"}],"replies":[{"embeddable":true,"href":"https:\/\/pos.uel.br\/biologicas\/wp-json\/wp\/v2\/comments?post=1680"}],"version-history":[{"count":1,"href":"https:\/\/pos.uel.br\/biologicas\/wp-json\/wp\/v2\/pages\/1680\/revisions"}],"predecessor-version":[{"id":1682,"href":"https:\/\/pos.uel.br\/biologicas\/wp-json\/wp\/v2\/pages\/1680\/revisions\/1682"}],"wp:attachment":[{"href":"https:\/\/pos.uel.br\/biologicas\/wp-json\/wp\/v2\/media?parent=1680"}],"curies":[{"name":"wp","href":"https:\/\/api.w.org\/{rel}","templated":true}]}}