{"id":27,"date":"2022-05-31T11:23:48","date_gmt":"2022-05-31T14:23:48","guid":{"rendered":"https:\/\/pos.uel.br\/biologiatd\/?page_id=27"},"modified":"2024-10-16T17:09:40","modified_gmt":"2024-10-16T20:09:40","slug":"corpo-docente","status":"publish","type":"page","link":"https:\/\/pos.uel.br\/biologiatd\/corpo-docente\/","title":{"rendered":"Corpo Docente"},"content":{"rendered":"\n<p><\/p>\n\n\n\n<p><strong>Profa. Dra. Ana Cl\u00e1udia Swar\u00e7a<\/strong><\/p>\n\n\n\n<ul class=\"wp-block-list\">\n<li>Curr\u00edculo Lattes:\u00a0<a href=\"http:\/\/lattes.cnpq.br\/8676844816403067\" target=\"_blank\" rel=\"noreferrer noopener\"><u>http:\/\/lattes.cnpq.br\/8676844816403067<\/u><\/a><\/li>\n\n\n\n<li>E-mail:\u00a0<a href=\"mailto:swarca@uel.br\"><u>swarca@uel.br<\/u><\/a><\/li>\n<\/ul>\n\n\n\n<p><strong>Prof. Dr. Carlos Alberto Miqueloto<\/strong><\/p>\n\n\n\n<ul class=\"wp-block-list\">\n<li>Curr\u00edculo Lattes:\u00a0\u00a0<a href=\"http:\/\/%20http\/\/lattes.cnpq.br\/0701378781357913\" target=\"_blank\" rel=\"noreferrer noopener\"><u>http:\/\/lattes.cnpq.br\/0701378781357913<\/u><\/a><\/li>\n\n\n\n<li>E-mail:\u00a0<a href=\"mailto:carlos.miqueloto@uel.br\"><u>carlos.miqueloto@uel.br<\/u><\/a><\/li>\n<\/ul>\n\n\n\n<p><strong>Profa. Dra.&nbsp;<\/strong><strong>Daniela de Oliveira Pinheiro<\/strong><\/p>\n\n\n\n<ul class=\"wp-block-list\">\n<li>Curr\u00edculo Lattes:\u00a0<a href=\"http:\/\/lattes.cnpq.br\/8238030327419541\" target=\"_blank\" rel=\"noreferrer noopener\"><u>http:\/\/lattes.cnpq.br\/8238030327419541<\/u><\/a><\/li>\n\n\n\n<li>E-mail:\u00a0<a href=\"mailto:daniela_pinheiro@uel.br\"><u>daniela_pinheiro@uel.br<\/u><\/a><\/li>\n<\/ul>\n\n\n\n<p><strong>Prof. Dr.&nbsp;<\/strong><strong>Eduardo Jos\u00e9 de Almeida Ara\u00fajo<\/strong><\/p>\n\n\n\n<ul class=\"wp-block-list\">\n<li>Curr\u00edculo Lattes:\u00a0<a href=\"http:\/\/lattes.cnpq.br\/5687853194494173\" target=\"_blank\" rel=\"noreferrer noopener\"><u>http:\/\/lattes.cnpq.br\/5687853194494173<\/u><\/a><\/li>\n\n\n\n<li>E-mail:\u00a0<a href=\"mailto:eduardoaraujo@uel.br\"><u>eduardoaraujo@uel.br<\/u><\/a><\/li>\n<\/ul>\n\n\n\n<p><strong>Profa. Dra.&nbsp;<\/strong><strong>Eliane Victoriano<\/strong><\/p>\n\n\n\n<ul class=\"wp-block-list\">\n<li>Curr\u00edculo Lattes:\u00a0<a href=\"http:\/\/lattes.cnpq.br\/6764499941282362\" target=\"_blank\" rel=\"noreferrer noopener\"><u>http:\/\/lattes.cnpq.br\/6764499941282362<\/u><\/a><\/li>\n\n\n\n<li>E-mail:\u00a0<a href=\"mailto:victoriano@uel.br\"><u>victoriano@uel.br<\/u><\/a><\/li>\n<\/ul>\n\n\n\n<p><strong>Prof. Dr.&nbsp;<\/strong><strong>F\u00e1bio Goulart de Andrade<\/strong><\/p>\n\n\n\n<ul class=\"wp-block-list\">\n<li>Curr\u00edculo Lattes:\u00a0<a href=\"http:\/\/lattes.cnpq.br\/6943160386159377\" target=\"_blank\" rel=\"noreferrer noopener\"><u>http:\/\/lattes.cnpq.br\/6943160386159377<\/u><\/a><\/li>\n\n\n\n<li>E-mail:\u00a0<a href=\"mailto:andrade@uel.br\"><u>andrade@uel.br<\/u><\/a><\/li>\n<\/ul>\n\n\n\n<p><strong>Profa. Dra.&nbsp;<\/strong><strong>Glaura Scantamburlo Alves Fernandes<\/strong><\/p>\n\n\n\n<ul class=\"wp-block-list\">\n<li>Curr\u00edculo Lattes:\u00a0<a href=\"http:\/\/lattes.cnpq.br\/0503733087170121\" target=\"_blank\" rel=\"noreferrer noopener\">http:\/\/lattes.cnpq.br\/0503733087170121<\/a><\/li>\n\n\n\n<li>E-mail:\u00a0<a href=\"mailto:glaura@uel.br\"><u>glaura@uel.br<\/u><\/a><\/li>\n<\/ul>\n\n\n\n<p><strong>Prof. Dr.&nbsp;<\/strong><strong>Osny Ferrari<\/strong><\/p>\n\n\n\n<ul class=\"wp-block-list\">\n<li>Curr\u00edculo Lattes:\u00a0<a href=\"http:\/\/lattes.cnpq.br\/5009351740446471\" target=\"_blank\" rel=\"noreferrer noopener\"><u>http:\/\/lattes.cnpq.br\/5009351740446471<\/u><\/a><\/li>\n\n\n\n<li>E-mail:\u00a0<a href=\"mailto:osnyferrari@uel.br\"><u>osnyferrari@uel.br<\/u><\/a><\/li>\n<\/ul>\n\n\n\n<p><strong>Profa. Dra.&nbsp;<\/strong><strong>Sheila Michele Levy<\/strong><\/p>\n\n\n\n<ul class=\"wp-block-list\">\n<li>Curr\u00edculo Lattes:\u00a0<a href=\"http:\/\/lattes.cnpq.br\/1105891410190600\" target=\"_blank\" rel=\"noreferrer noopener\"><u>http:\/\/lattes.cnpq.br\/1105891410190600<\/u><\/a><\/li>\n\n\n\n<li>E-mail:\u00a0<a href=\"mailto:sheilalevy@uel.br\"><u>sheilalevy@uel.br<\/u><\/a><\/li>\n<\/ul>\n","protected":false},"excerpt":{"rendered":"<p>Profa. Dra. Ana Cl\u00e1udia Swar\u00e7a Prof. Dr. Carlos Alberto Miqueloto Profa. Dra.&nbsp;Daniela de Oliveira Pinheiro Prof. Dr.&nbsp;Eduardo Jos\u00e9 de Almeida Ara\u00fajo Profa. Dra.&nbsp;Eliane Victoriano Prof. Dr.&nbsp;F\u00e1bio Goulart de Andrade Profa. Dra.&nbsp;Glaura Scantamburlo Alves Fernandes Prof. Dr.&nbsp;Osny Ferrari Profa. Dra.&nbsp;Sheila Michele Levy<\/p>\n","protected":false},"author":6,"featured_media":0,"parent":0,"menu_order":0,"comment_status":"closed","ping_status":"closed","template":"","meta":{"_acf_changed":false,"footnotes":""},"class_list":["post-27","page","type-page","status-publish","hentry"],"acf":[],"_links":{"self":[{"href":"https:\/\/pos.uel.br\/biologiatd\/wp-json\/wp\/v2\/pages\/27","targetHints":{"allow":["GET"]}}],"collection":[{"href":"https:\/\/pos.uel.br\/biologiatd\/wp-json\/wp\/v2\/pages"}],"about":[{"href":"https:\/\/pos.uel.br\/biologiatd\/wp-json\/wp\/v2\/types\/page"}],"author":[{"embeddable":true,"href":"https:\/\/pos.uel.br\/biologiatd\/wp-json\/wp\/v2\/users\/6"}],"replies":[{"embeddable":true,"href":"https:\/\/pos.uel.br\/biologiatd\/wp-json\/wp\/v2\/comments?post=27"}],"version-history":[{"count":3,"href":"https:\/\/pos.uel.br\/biologiatd\/wp-json\/wp\/v2\/pages\/27\/revisions"}],"predecessor-version":[{"id":207,"href":"https:\/\/pos.uel.br\/biologiatd\/wp-json\/wp\/v2\/pages\/27\/revisions\/207"}],"wp:attachment":[{"href":"https:\/\/pos.uel.br\/biologiatd\/wp-json\/wp\/v2\/media?parent=27"}],"curies":[{"name":"wp","href":"https:\/\/api.w.org\/{rel}","templated":true}]}}