{"id":89,"date":"2025-09-25T08:45:51","date_gmt":"2025-09-25T11:45:51","guid":{"rendered":"https:\/\/pos.uel.br\/bioenergia\/?page_id=89"},"modified":"2025-09-25T08:49:04","modified_gmt":"2025-09-25T11:49:04","slug":"edital-no-08-2025-oferta-aluno-regular-2026-1-para-o-ingresso-no-programa-de-pos-graduacao-stricto-sensu-em-bioenergia-mestrado-e-doutorado","status":"publish","type":"page","link":"https:\/\/pos.uel.br\/bioenergia\/edital-no-08-2025-oferta-aluno-regular-2026-1-para-o-ingresso-no-programa-de-pos-graduacao-stricto-sensu-em-bioenergia-mestrado-e-doutorado\/","title":{"rendered":"EDITAL N\u00ba 08\/2025 \u2013 Aluno regular 2026\/1"},"content":{"rendered":"\n<p>EDITAL N\u00ba 08\/2025 \u2013 Oferta aluno regular 2026\/1 para o ingresso no Programa de P\u00f3s-Gradua\u00e7\u00e3o Stricto sensu em BIOENERGIA (Mestrado e Doutorado)<\/p>\n\n\n\n<p><a href=\"https:\/\/drive.google.com\/file\/d\/1mRJUvs0aEVWGWBJq3B_OrAzPsj0MoOkC\/view?usp=drive_link\" target=\"_blank\" rel=\"noreferrer noopener\">Edital<\/a><\/p>\n\n\n\n<p><a href=\"https:\/\/drive.google.com\/drive\/folders\/1XXeStLN2Ga-_aHJf-TzjQhp71aaIkxYF?usp=sharing\" target=\"_blank\" rel=\"noreferrer noopener\">Anexos<\/a><\/p>\n\n\n\n<p><\/p>\n","protected":false},"excerpt":{"rendered":"<p>EDITAL N\u00ba 08\/2025 \u2013 Oferta aluno regular 2026\/1 para o ingresso no Programa de P\u00f3s-Gradua\u00e7\u00e3o Stricto sensu em BIOENERGIA (Mestrado e Doutorado) Edital Anexos<\/p>\n","protected":false},"author":11,"featured_media":0,"parent":0,"menu_order":0,"comment_status":"closed","ping_status":"closed","template":"","meta":{"footnotes":""},"class_list":["post-89","page","type-page","status-publish","hentry"],"_links":{"self":[{"href":"https:\/\/pos.uel.br\/bioenergia\/wp-json\/wp\/v2\/pages\/89","targetHints":{"allow":["GET"]}}],"collection":[{"href":"https:\/\/pos.uel.br\/bioenergia\/wp-json\/wp\/v2\/pages"}],"about":[{"href":"https:\/\/pos.uel.br\/bioenergia\/wp-json\/wp\/v2\/types\/page"}],"author":[{"embeddable":true,"href":"https:\/\/pos.uel.br\/bioenergia\/wp-json\/wp\/v2\/users\/11"}],"replies":[{"embeddable":true,"href":"https:\/\/pos.uel.br\/bioenergia\/wp-json\/wp\/v2\/comments?post=89"}],"version-history":[{"count":4,"href":"https:\/\/pos.uel.br\/bioenergia\/wp-json\/wp\/v2\/pages\/89\/revisions"}],"predecessor-version":[{"id":263,"href":"https:\/\/pos.uel.br\/bioenergia\/wp-json\/wp\/v2\/pages\/89\/revisions\/263"}],"wp:attachment":[{"href":"https:\/\/pos.uel.br\/bioenergia\/wp-json\/wp\/v2\/media?parent=89"}],"curies":[{"name":"wp","href":"https:\/\/api.w.org\/{rel}","templated":true}]}}