{"id":8,"date":"2021-04-29T12:27:56","date_gmt":"2021-04-29T15:27:56","guid":{"rendered":"https:\/\/pos.uel.br\/bioenergia\/?page_id=8"},"modified":"2025-10-28T16:18:57","modified_gmt":"2025-10-28T19:18:57","slug":"sobre-o-programa","status":"publish","type":"page","link":"https:\/\/pos.uel.br\/bioenergia\/sobre-o-programa\/","title":{"rendered":"PGGB"},"content":{"rendered":"\n<p><a href=\"https:\/\/pos.uel.br\/bioenergia\/historico\/\">Apresenta\u00e7\u00e3o<\/a><\/p>\n\n\n\n<p><a href=\"https:\/\/pos.uel.br\/bioenergia\/estrutura-e-funcionamento\/\">Estrutura e Funcionamento<\/a><\/p>\n\n\n\n<p><a href=\"https:\/\/pos.uel.br\/bioenergia\/areas-de-concentracao\/\">\u00c1reas de concentra\u00e7\u00e3o e Linhas de Pesquisa<\/a><\/p>\n\n\n\n<p><a href=\"https:\/\/pos.uel.br\/bioenergia\/docentes-e-linhas-de-atuacao-mestrado-doutorado\/\">Docentes e Linhas de Atua\u00e7\u00e3o (Mestrado\/Doutorado)<\/a><\/p>\n\n\n\n<p><a href=\"https:\/\/pos.uel.br\/bioenergia\/discentes\/\">Discentes<\/a><\/p>\n\n\n\n<p><a href=\"https:\/\/pos.uel.br\/bioenergia\/linhas-de-pesquisa\/\">Cronograma Semestral de Disciplinas<\/a><\/p>\n\n\n\n<p><a href=\"https:\/\/pos.uel.br\/bioenergia\/contatos\/\">Contatos<\/a><\/p>\n\n\n\n<p><\/p>\n","protected":false},"excerpt":{"rendered":"<p>Apresenta\u00e7\u00e3o Estrutura e Funcionamento \u00c1reas de concentra\u00e7\u00e3o e Linhas de Pesquisa Docentes e Linhas de Atua\u00e7\u00e3o (Mestrado\/Doutorado) Discentes Cronograma Semestral de Disciplinas Contatos<\/p>\n","protected":false},"author":7,"featured_media":0,"parent":0,"menu_order":0,"comment_status":"closed","ping_status":"closed","template":"","meta":{"footnotes":""},"class_list":["post-8","page","type-page","status-publish","hentry"],"_links":{"self":[{"href":"https:\/\/pos.uel.br\/bioenergia\/wp-json\/wp\/v2\/pages\/8","targetHints":{"allow":["GET"]}}],"collection":[{"href":"https:\/\/pos.uel.br\/bioenergia\/wp-json\/wp\/v2\/pages"}],"about":[{"href":"https:\/\/pos.uel.br\/bioenergia\/wp-json\/wp\/v2\/types\/page"}],"author":[{"embeddable":true,"href":"https:\/\/pos.uel.br\/bioenergia\/wp-json\/wp\/v2\/users\/7"}],"replies":[{"embeddable":true,"href":"https:\/\/pos.uel.br\/bioenergia\/wp-json\/wp\/v2\/comments?post=8"}],"version-history":[{"count":5,"href":"https:\/\/pos.uel.br\/bioenergia\/wp-json\/wp\/v2\/pages\/8\/revisions"}],"predecessor-version":[{"id":242,"href":"https:\/\/pos.uel.br\/bioenergia\/wp-json\/wp\/v2\/pages\/8\/revisions\/242"}],"wp:attachment":[{"href":"https:\/\/pos.uel.br\/bioenergia\/wp-json\/wp\/v2\/media?parent=8"}],"curies":[{"name":"wp","href":"https:\/\/api.w.org\/{rel}","templated":true}]}}