{"id":284,"date":"2026-03-27T16:53:00","date_gmt":"2026-03-27T19:53:00","guid":{"rendered":"https:\/\/pos.uel.br\/bioenergia\/?page_id=284"},"modified":"2026-03-27T16:53:00","modified_gmt":"2026-03-27T19:53:00","slug":"edital-no-03-2026-oferta-aluno-regular-2026-2","status":"publish","type":"page","link":"https:\/\/pos.uel.br\/bioenergia\/edital-no-03-2026-oferta-aluno-regular-2026-2\/","title":{"rendered":"EDITAL N\u00ba 03\/2026 &#8211; Oferta aluno regular 2026\/2"},"content":{"rendered":"\n<p>Estabelece normas e procedimentos de inscri\u00e7\u00e3o e sele\u00e7\u00e3o para o<br>ingresso no Programa de P\u00f3s-Gradua\u00e7\u00e3o Stricto sensu em<br>Bioenergia, na condi\u00e7\u00e3o de Estudante Regular.<\/p>\n\n\n\n<p><\/p>\n\n\n\n<p><a href=\"https:\/\/pos.uel.br\/bioenergia\/wp-content\/uploads\/2026\/03\/Oferta_Regular_2026-2_final_assinado.pdf\" data-type=\"link\" data-id=\"https:\/\/pos.uel.br\/bioenergia\/wp-content\/uploads\/2026\/03\/Oferta_Regular_2026-2_final_assinado.pdf\">Oferta Regular<\/a><\/p>\n\n\n\n<p><a href=\"https:\/\/pos.uel.br\/bioenergia\/wp-content\/uploads\/2026\/03\/ANEXO-I-SELEA\u0303_A\u0303_O-2026-2-ALUNO-REGULAR-MESTRADO-OU-DOUTORADO-EM-BIOENERGIA.docx\" data-type=\"link\" data-id=\"https:\/\/pos.uel.br\/bioenergia\/wp-content\/uploads\/2026\/03\/ANEXO-I-SELEA\u0303_A\u0303_O-2026-2-ALUNO-REGULAR-MESTRADO-OU-DOUTORADO-EM-BIOENERGIA.docx\">Anexo I<\/a><\/p>\n\n\n\n<p><a href=\"https:\/\/pos.uel.br\/bioenergia\/wp-content\/uploads\/2026\/03\/Anexo-II-Doutorado-2026-2.docx\">Anexo II &#8211; Doutorado<\/a><\/p>\n\n\n\n<p><a href=\"https:\/\/pos.uel.br\/bioenergia\/wp-content\/uploads\/2026\/03\/Anexo-II-Mestrado-2026-2.docx\">Anexo II &#8211; Mestrado<\/a><\/p>\n\n\n\n<p><a href=\"https:\/\/pos.uel.br\/bioenergia\/wp-content\/uploads\/2026\/03\/Anexo-III-carta-de-aceite.doc\">Anexo III <\/a><\/p>\n\n\n\n<p><\/p>\n","protected":false},"excerpt":{"rendered":"<p>Estabelece normas e procedimentos de inscri\u00e7\u00e3o e sele\u00e7\u00e3o para oingresso no Programa de P\u00f3s-Gradua\u00e7\u00e3o Stricto sensu emBioenergia, na condi\u00e7\u00e3o de Estudante Regular. Oferta Regular Anexo I Anexo II &#8211; Doutorado Anexo II &#8211; Mestrado Anexo III<\/p>\n","protected":false},"author":11,"featured_media":0,"parent":0,"menu_order":0,"comment_status":"closed","ping_status":"closed","template":"","meta":{"footnotes":""},"class_list":["post-284","page","type-page","status-publish","hentry"],"_links":{"self":[{"href":"https:\/\/pos.uel.br\/bioenergia\/wp-json\/wp\/v2\/pages\/284","targetHints":{"allow":["GET"]}}],"collection":[{"href":"https:\/\/pos.uel.br\/bioenergia\/wp-json\/wp\/v2\/pages"}],"about":[{"href":"https:\/\/pos.uel.br\/bioenergia\/wp-json\/wp\/v2\/types\/page"}],"author":[{"embeddable":true,"href":"https:\/\/pos.uel.br\/bioenergia\/wp-json\/wp\/v2\/users\/11"}],"replies":[{"embeddable":true,"href":"https:\/\/pos.uel.br\/bioenergia\/wp-json\/wp\/v2\/comments?post=284"}],"version-history":[{"count":1,"href":"https:\/\/pos.uel.br\/bioenergia\/wp-json\/wp\/v2\/pages\/284\/revisions"}],"predecessor-version":[{"id":290,"href":"https:\/\/pos.uel.br\/bioenergia\/wp-json\/wp\/v2\/pages\/284\/revisions\/290"}],"wp:attachment":[{"href":"https:\/\/pos.uel.br\/bioenergia\/wp-json\/wp\/v2\/media?parent=284"}],"curies":[{"name":"wp","href":"https:\/\/api.w.org\/{rel}","templated":true}]}}