{"id":276,"date":"2026-03-10T07:57:16","date_gmt":"2026-03-10T10:57:16","guid":{"rendered":"https:\/\/pos.uel.br\/bioenergia\/?page_id=276"},"modified":"2026-03-10T07:57:16","modified_gmt":"2026-03-10T10:57:16","slug":"ratificacao-edital-no-02-2026","status":"publish","type":"page","link":"https:\/\/pos.uel.br\/bioenergia\/ratificacao-edital-no-02-2026\/","title":{"rendered":"Ratifica\u00e7\u00e3o Edital N\u00ba 02\/2026"},"content":{"rendered":"\n<p>A Comiss\u00e3o Coordenadora do Programa de P\u00f3s-Gradua\u00e7\u00e3o em<br>Bioenergia, da Universidade Estadual de Londrina-UEL, no uso de suas atribui\u00e7\u00f5es<br>administrativas e em conformidade com o Edital de abertura de vagas, TORNA<br>P\u00daBLICO o resultado da sele\u00e7\u00e3o e convoca para matr\u00edcula os\/as candidatos\/as<br>selecionados\/as para cursar disciplina no Programa como \u201cEstudante Especial\u201d, com<br>in\u00edcio no primeiro semestre de 2026. A rela\u00e7\u00e3o dos\/as candidatos\/as<br>selecionados\/as, cujas inscri\u00e7\u00f5es foram abertas por meio do EDITAL N\u00ba. 01\/2026,<br>est\u00e1 dispon\u00edvel no item IV deste Edital.<\/p>\n\n\n\n<p><\/p>\n\n\n\n<p><a href=\"https:\/\/pos.uel.br\/bioenergia\/wp-content\/uploads\/2026\/03\/RATIFICACAO_DO_EDITAL_NC2BA_02_2026_assinado.pdf\" data-type=\"link\" data-id=\"https:\/\/pos.uel.br\/bioenergia\/wp-content\/uploads\/2026\/03\/RATIFICACAO_DO_EDITAL_NC2BA_02_2026_assinado.pdf\">Edital<\/a><\/p>\n\n\n\n<p><\/p>\n","protected":false},"excerpt":{"rendered":"<p>A Comiss\u00e3o Coordenadora do Programa de P\u00f3s-Gradua\u00e7\u00e3o emBioenergia, da Universidade Estadual de Londrina-UEL, no uso de suas atribui\u00e7\u00f5esadministrativas e em conformidade com o Edital de abertura de vagas, TORNAP\u00daBLICO o resultado da sele\u00e7\u00e3o e convoca para matr\u00edcula os\/as candidatos\/asselecionados\/as para cursar disciplina no Programa como \u201cEstudante Especial\u201d, comin\u00edcio no primeiro semestre de 2026. A rela\u00e7\u00e3o [&hellip;]<\/p>\n","protected":false},"author":11,"featured_media":0,"parent":0,"menu_order":0,"comment_status":"closed","ping_status":"closed","template":"","meta":{"footnotes":""},"class_list":["post-276","page","type-page","status-publish","hentry"],"_links":{"self":[{"href":"https:\/\/pos.uel.br\/bioenergia\/wp-json\/wp\/v2\/pages\/276","targetHints":{"allow":["GET"]}}],"collection":[{"href":"https:\/\/pos.uel.br\/bioenergia\/wp-json\/wp\/v2\/pages"}],"about":[{"href":"https:\/\/pos.uel.br\/bioenergia\/wp-json\/wp\/v2\/types\/page"}],"author":[{"embeddable":true,"href":"https:\/\/pos.uel.br\/bioenergia\/wp-json\/wp\/v2\/users\/11"}],"replies":[{"embeddable":true,"href":"https:\/\/pos.uel.br\/bioenergia\/wp-json\/wp\/v2\/comments?post=276"}],"version-history":[{"count":2,"href":"https:\/\/pos.uel.br\/bioenergia\/wp-json\/wp\/v2\/pages\/276\/revisions"}],"predecessor-version":[{"id":279,"href":"https:\/\/pos.uel.br\/bioenergia\/wp-json\/wp\/v2\/pages\/276\/revisions\/279"}],"wp:attachment":[{"href":"https:\/\/pos.uel.br\/bioenergia\/wp-json\/wp\/v2\/media?parent=276"}],"curies":[{"name":"wp","href":"https:\/\/api.w.org\/{rel}","templated":true}]}}