{"id":273,"date":"2026-03-06T12:20:59","date_gmt":"2026-03-06T15:20:59","guid":{"rendered":"https:\/\/pos.uel.br\/bioenergia\/?page_id=273"},"modified":"2026-03-06T12:20:59","modified_gmt":"2026-03-06T15:20:59","slug":"edital-no-02-2026-resultado-selecao-estudante-especial","status":"publish","type":"page","link":"https:\/\/pos.uel.br\/bioenergia\/edital-no-02-2026-resultado-selecao-estudante-especial\/","title":{"rendered":"EDITAL N\u00ba 02\/2026 &#8211; Resultado Sele\u00e7\u00e3o Estudante Especial"},"content":{"rendered":"\n<p>A Comiss\u00e3o Coordenadora do Programa de P\u00f3s-Gradua\u00e7\u00e3o em<br>Bioenergia, da Universidade Estadual de Londrina-UEL, no uso de suas atribui\u00e7\u00f5es<br>administrativas e em conformidade com o Edital de abertura de vagas, TORNA<br>P\u00daBLICO o resultado da sele\u00e7\u00e3o e convoca para matr\u00edcula os\/as candidatos\/as<br>selecionados\/as para cursar disciplina no Programa como \u201cEstudante Especial\u201d, com<br>in\u00edcio no primeiro semestre de 2026<\/p>\n\n\n\n<p><\/p>\n\n\n\n<p><a href=\"https:\/\/pos.uel.br\/bioenergia\/wp-content\/uploads\/2026\/03\/Resultado_aluno_especial_-2026-1_assinado.pdf\" data-type=\"link\" data-id=\"https:\/\/pos.uel.br\/bioenergia\/wp-content\/uploads\/2026\/03\/Resultado_aluno_especial_-2026-1_assinado.pdf\">Resultado<\/a><\/p>\n\n\n\n<p><\/p>\n","protected":false},"excerpt":{"rendered":"<p>A Comiss\u00e3o Coordenadora do Programa de P\u00f3s-Gradua\u00e7\u00e3o emBioenergia, da Universidade Estadual de Londrina-UEL, no uso de suas atribui\u00e7\u00f5esadministrativas e em conformidade com o Edital de abertura de vagas, TORNAP\u00daBLICO o resultado da sele\u00e7\u00e3o e convoca para matr\u00edcula os\/as candidatos\/asselecionados\/as para cursar disciplina no Programa como \u201cEstudante Especial\u201d, comin\u00edcio no primeiro semestre de 2026 Resultado<\/p>\n","protected":false},"author":11,"featured_media":0,"parent":0,"menu_order":0,"comment_status":"closed","ping_status":"closed","template":"","meta":{"footnotes":""},"class_list":["post-273","page","type-page","status-publish","hentry"],"_links":{"self":[{"href":"https:\/\/pos.uel.br\/bioenergia\/wp-json\/wp\/v2\/pages\/273","targetHints":{"allow":["GET"]}}],"collection":[{"href":"https:\/\/pos.uel.br\/bioenergia\/wp-json\/wp\/v2\/pages"}],"about":[{"href":"https:\/\/pos.uel.br\/bioenergia\/wp-json\/wp\/v2\/types\/page"}],"author":[{"embeddable":true,"href":"https:\/\/pos.uel.br\/bioenergia\/wp-json\/wp\/v2\/users\/11"}],"replies":[{"embeddable":true,"href":"https:\/\/pos.uel.br\/bioenergia\/wp-json\/wp\/v2\/comments?post=273"}],"version-history":[{"count":1,"href":"https:\/\/pos.uel.br\/bioenergia\/wp-json\/wp\/v2\/pages\/273\/revisions"}],"predecessor-version":[{"id":274,"href":"https:\/\/pos.uel.br\/bioenergia\/wp-json\/wp\/v2\/pages\/273\/revisions\/274"}],"wp:attachment":[{"href":"https:\/\/pos.uel.br\/bioenergia\/wp-json\/wp\/v2\/media?parent=273"}],"curies":[{"name":"wp","href":"https:\/\/api.w.org\/{rel}","templated":true}]}}