{"id":248,"date":"2025-11-19T10:09:43","date_gmt":"2025-11-19T13:09:43","guid":{"rendered":"https:\/\/pos.uel.br\/bioenergia\/?page_id=248"},"modified":"2025-11-19T10:10:56","modified_gmt":"2025-11-19T13:10:56","slug":"edital-resultado-parcial-no-009-2025","status":"publish","type":"page","link":"https:\/\/pos.uel.br\/bioenergia\/edital-resultado-parcial-no-009-2025\/","title":{"rendered":"EDITAL RESULTADO PARCIAL N\u00ba 009\/2025"},"content":{"rendered":"\n<p>A Comiss\u00e3o Coordenadora do Programa de P\u00f3s-Gradua\u00e7\u00e3o em Bioenergia, da Universidade Estadual de Londrina-UEL, no uso de suas atribui\u00e7\u00f5es<br>administrativas e em conformidade com o Edital de abertura de vagas, TORNA P\u00daBLICA a divulga\u00e7\u00e3o dos candidatos aprovados ou reprovados que concorreram para ingresso nos cursos de Mestrado e Doutorado, com o in\u00edcio no primeiro semestre de 2026.<\/p>\n\n\n\n<p><a href=\"https:\/\/pos.uel.br\/bioenergia\/wp-content\/uploads\/2025\/11\/EDITAL_009_25_Resultado_parcial-2026-1S_-_Bioenergia_assinado.pdf\">Edital<\/a><\/p>\n","protected":false},"excerpt":{"rendered":"<p>A Comiss\u00e3o Coordenadora do Programa de P\u00f3s-Gradua\u00e7\u00e3o em Bioenergia, da Universidade Estadual de Londrina-UEL, no uso de suas atribui\u00e7\u00f5esadministrativas e em conformidade com o Edital de abertura de vagas, TORNA P\u00daBLICA a divulga\u00e7\u00e3o dos candidatos aprovados ou reprovados que concorreram para ingresso nos cursos de Mestrado e Doutorado, com o in\u00edcio no primeiro semestre de [&hellip;]<\/p>\n","protected":false},"author":11,"featured_media":0,"parent":0,"menu_order":0,"comment_status":"closed","ping_status":"closed","template":"","meta":{"footnotes":""},"class_list":["post-248","page","type-page","status-publish","hentry"],"_links":{"self":[{"href":"https:\/\/pos.uel.br\/bioenergia\/wp-json\/wp\/v2\/pages\/248","targetHints":{"allow":["GET"]}}],"collection":[{"href":"https:\/\/pos.uel.br\/bioenergia\/wp-json\/wp\/v2\/pages"}],"about":[{"href":"https:\/\/pos.uel.br\/bioenergia\/wp-json\/wp\/v2\/types\/page"}],"author":[{"embeddable":true,"href":"https:\/\/pos.uel.br\/bioenergia\/wp-json\/wp\/v2\/users\/11"}],"replies":[{"embeddable":true,"href":"https:\/\/pos.uel.br\/bioenergia\/wp-json\/wp\/v2\/comments?post=248"}],"version-history":[{"count":2,"href":"https:\/\/pos.uel.br\/bioenergia\/wp-json\/wp\/v2\/pages\/248\/revisions"}],"predecessor-version":[{"id":250,"href":"https:\/\/pos.uel.br\/bioenergia\/wp-json\/wp\/v2\/pages\/248\/revisions\/250"}],"wp:attachment":[{"href":"https:\/\/pos.uel.br\/bioenergia\/wp-json\/wp\/v2\/media?parent=248"}],"curies":[{"name":"wp","href":"https:\/\/api.w.org\/{rel}","templated":true}]}}