{"id":212,"date":"2025-10-28T13:37:24","date_gmt":"2025-10-28T16:37:24","guid":{"rendered":"https:\/\/pos.uel.br\/bioenergia\/?page_id=212"},"modified":"2025-10-28T13:43:17","modified_gmt":"2025-10-28T16:43:17","slug":"documentos","status":"publish","type":"page","link":"https:\/\/pos.uel.br\/bioenergia\/documentos\/","title":{"rendered":"Documentos"},"content":{"rendered":"\n<p><a href=\"https:\/\/pos.uel.br\/bioenergia\/wp-content\/uploads\/2025\/10\/Reest-PPG-Bioenergia-M-D-Delib01-2024.pdf\" data-type=\"link\" data-id=\"https:\/\/pos.uel.br\/bioenergia\/wp-content\/uploads\/2025\/10\/Reest-PPG-Bioenergia-M-D-Delib01-2024.pdf\">Delibera\u00e7\u00e3o<\/a><\/p>\n\n\n\n<p><a href=\"https:\/\/pos.uel.br\/bioenergia\/wp-content\/uploads\/2025\/10\/ResoluA\u0303\u00a7A\u0303o-CEPE-20-2024-Regimento-PPG-Bioenergia-M-D.pdf\">Resolu\u00e7\u00e3o<\/a><\/p>\n\n\n\n<p><\/p>\n","protected":false},"excerpt":{"rendered":"<p>Delibera\u00e7\u00e3o Resolu\u00e7\u00e3o<\/p>\n","protected":false},"author":11,"featured_media":0,"parent":0,"menu_order":0,"comment_status":"closed","ping_status":"closed","template":"","meta":{"footnotes":""},"class_list":["post-212","page","type-page","status-publish","hentry"],"_links":{"self":[{"href":"https:\/\/pos.uel.br\/bioenergia\/wp-json\/wp\/v2\/pages\/212","targetHints":{"allow":["GET"]}}],"collection":[{"href":"https:\/\/pos.uel.br\/bioenergia\/wp-json\/wp\/v2\/pages"}],"about":[{"href":"https:\/\/pos.uel.br\/bioenergia\/wp-json\/wp\/v2\/types\/page"}],"author":[{"embeddable":true,"href":"https:\/\/pos.uel.br\/bioenergia\/wp-json\/wp\/v2\/users\/11"}],"replies":[{"embeddable":true,"href":"https:\/\/pos.uel.br\/bioenergia\/wp-json\/wp\/v2\/comments?post=212"}],"version-history":[{"count":3,"href":"https:\/\/pos.uel.br\/bioenergia\/wp-json\/wp\/v2\/pages\/212\/revisions"}],"predecessor-version":[{"id":217,"href":"https:\/\/pos.uel.br\/bioenergia\/wp-json\/wp\/v2\/pages\/212\/revisions\/217"}],"wp:attachment":[{"href":"https:\/\/pos.uel.br\/bioenergia\/wp-json\/wp\/v2\/media?parent=212"}],"curies":[{"name":"wp","href":"https:\/\/api.w.org\/{rel}","templated":true}]}}