{"id":142,"date":"2025-10-17T11:11:52","date_gmt":"2025-10-17T14:11:52","guid":{"rendered":"https:\/\/pos.uel.br\/bioenergia\/?page_id=142"},"modified":"2025-10-22T15:58:55","modified_gmt":"2025-10-22T18:58:55","slug":"ufpr-universidade-federal-do-parana","status":"publish","type":"page","link":"https:\/\/pos.uel.br\/bioenergia\/ufpr-universidade-federal-do-parana\/","title":{"rendered":"UFPR &#8211; Universidade Federal do Paran\u00e1"},"content":{"rendered":"\n<figure class=\"wp-block-image size-large\"><img loading=\"lazy\" decoding=\"async\" width=\"1024\" height=\"115\" src=\"https:\/\/pos.uel.br\/bioenergia\/wp-content\/uploads\/2025\/10\/Captura-de-tela-2025-10-17-112430-1024x115.png\" alt=\"\" class=\"wp-image-159\" srcset=\"https:\/\/pos.uel.br\/bioenergia\/wp-content\/uploads\/2025\/10\/Captura-de-tela-2025-10-17-112430-1024x115.png 1024w, https:\/\/pos.uel.br\/bioenergia\/wp-content\/uploads\/2025\/10\/Captura-de-tela-2025-10-17-112430-300x34.png 300w, https:\/\/pos.uel.br\/bioenergia\/wp-content\/uploads\/2025\/10\/Captura-de-tela-2025-10-17-112430-768x86.png 768w, https:\/\/pos.uel.br\/bioenergia\/wp-content\/uploads\/2025\/10\/Captura-de-tela-2025-10-17-112430.png 1420w\" sizes=\"auto, (max-width: 1024px) 100vw, 1024px\" \/><\/figure>\n\n\n\n<figure class=\"wp-block-table\"><table class=\"has-fixed-layout\"><tbody><tr><td><strong>PROFESSOR<\/strong><\/td><td><strong>INSTITUI\u00c7\u00c3O<\/strong><\/td><td><strong>ATUA\u00c7\u00c3O NO PPGB<\/strong><\/td><td><strong>FORMA\u00c7\u00c3O<\/strong><\/td><td><strong>LINHA DE PESQUISA<\/strong><\/td><td><strong>E-MAIL<\/strong><\/td><\/tr><tr><td><a href=\"http:\/\/lattes.cnpq.br\/8320953119053085\"><strong>ADRIANA FERLA DE OLIVEIRA<\/strong><\/a><\/td><td>Permanente<\/td><td>Mestrado e Doutorado<\/td><td>Gradua\u00e7\u00e3o: Qu\u00edmica<br>Doutorado: Agronomia (UNESP)<\/td><td>Biocombust\u00edveis<\/td><td><a href=\"mailto:adrianaferla04@gmail.com\"><em>adrianaferla04@gmail.com<\/em><\/a><\/td><\/tr><tr><td><a href=\"http:\/\/lattes.cnpq.br\/3428301389994878\"><strong>EDUARDO LUCAS KONRAD BURIN<\/strong><\/a><\/td><td>Permanente<\/td><td>Mestrado e Doutorado<\/td><td>Gradua\u00e7\u00e3o: Engenharia Mec\u00e2nica<br>Doutorado: Engenharia Mec\u00e2nica (UFSC)<\/td><td>Biocombust\u00edveis<\/td><td><a href=\"mailto:eduardo.burin@ufpr.br\"><em>eduardo.burin@ufpr.br<\/em><\/a><\/td><\/tr><tr><td><a href=\"http:\/\/lattes.cnpq.br\/5897443860808783\" target=\"_blank\" rel=\"noreferrer noopener\"><strong>HELTON JOS\u00c9 ALVES<\/strong><\/a><\/td><td>Colaborador<\/td><td>Mestrado e Doutorado<\/td><td>Gradua\u00e7\u00e3o: Qu\u00edmica<br>Doutorado: Engenharia de Materiais (UFSCAR)<\/td><td>Biocombust\u00edveis<br>Energias Renov\u00e1veis<\/td><td><a href=\"mailto:helton.alves@ufpr.br\"><em>helton.alves@ufpr.br<\/em><\/a><\/td><\/tr><tr><td><a href=\"http:\/\/lattes.cnpq.br\/6288735286919040\"><strong>JOEL GUSTAVO TELEKEN<\/strong><\/a><\/td><td>Permanente<\/td><td>Mestrado<\/td><td>Gradua\u00e7\u00e3o: Engenharia Qu\u00edmica<br>Doutorado: Engenharia Qu\u00edmica (UFSC)<\/td><td>Biocombust\u00edveis<\/td><td><a href=\"mailto:joel.teleken@ufpr.br\"><em>joel.teleken@ufpr.br<\/em><\/a><\/td><\/tr><tr><td><a href=\"http:\/\/lattes.cnpq.br\/6548577249390508\"><strong>LUIS FERNANDO SOUZA GOMES<\/strong><\/a><\/td><td>Permanente<\/td><td>Mestrado<\/td><td>Gradua\u00e7\u00e3o: Qu\u00edmica<br>Doutorado: Agronomia (UNIOESTE)<\/td><td>Biocombust\u00edveis<\/td><td><a href=\"mailto:luisfernando@ufpr.br\"><em>luisfernando@ufpr.br<\/em><\/a><\/td><\/tr><tr><td><a href=\"http:\/\/lattes.cnpq.br\/4821884579392567\"><strong>MAURICIO GUY DE ANDRADE<\/strong><\/a><\/td><td>Permanente<\/td><td>Mestrado<\/td><td>Gradua\u00e7\u00e3o: Agronomia<br>Doutorado: Engenharia Agr\u00edcola (UNIOESTE)<\/td><td>Biocombust\u00edveis<\/td><td><a href=\"mailto:mauricio.andrade@ufpr.br\"><em>mauricio.andrade@ufpr.br<\/em><\/a><\/td><\/tr><tr><td><a href=\"http:\/\/lattes.cnpq.br\/2459429020629767\"><strong>RODRIGO SEQUINEL<\/strong><\/a><\/td><td>Permanente<\/td><td>Mestrado e Doutorado<\/td><td>Gradua\u00e7\u00e3o: Qu\u00edmica Tecnol\u00f3gica<br>Doutorado: Qu\u00edmica (UNESP)<\/td><td>Biocombust\u00edveis<\/td><td><a href=\"mailto:rsequinel@gmsil.com\"><em>rsequinel@gmsil.com<\/em><\/a><\/td><\/tr><tr><td><a href=\"http:\/\/lattes.cnpq.br\/8980240740423896\"><strong>TANIA SILA CAMPIONI MAGON<\/strong><\/a><\/td><td>Colaboradora<\/td><td>Mestrado<\/td><td>Gradua\u00e7\u00e3o: Engenharia Biotecnol\u00f3gica<br>Doutorado: Bioenergia (UNESP)<\/td><td>Biocombust\u00edveis<\/td><td><a href=\"mailto:tania.campioni@ufpr.br\"><em>tania.campioni@ufpr.br<\/em><\/a><\/td><\/tr><\/tbody><\/table><\/figure>\n","protected":false},"excerpt":{"rendered":"<p>PROFESSOR INSTITUI\u00c7\u00c3O ATUA\u00c7\u00c3O NO PPGB FORMA\u00c7\u00c3O LINHA DE PESQUISA E-MAIL ADRIANA FERLA DE OLIVEIRA Permanente Mestrado e Doutorado Gradua\u00e7\u00e3o: Qu\u00edmicaDoutorado: Agronomia (UNESP) Biocombust\u00edveis adrianaferla04@gmail.com EDUARDO LUCAS KONRAD BURIN Permanente Mestrado e Doutorado Gradua\u00e7\u00e3o: Engenharia Mec\u00e2nicaDoutorado: Engenharia Mec\u00e2nica (UFSC) Biocombust\u00edveis eduardo.burin@ufpr.br HELTON JOS\u00c9 ALVES Colaborador Mestrado e Doutorado Gradua\u00e7\u00e3o: Qu\u00edmicaDoutorado: Engenharia de Materiais (UFSCAR) Biocombust\u00edveisEnergias Renov\u00e1veis [&hellip;]<\/p>\n","protected":false},"author":11,"featured_media":0,"parent":0,"menu_order":0,"comment_status":"closed","ping_status":"closed","template":"","meta":{"footnotes":""},"class_list":["post-142","page","type-page","status-publish","hentry"],"_links":{"self":[{"href":"https:\/\/pos.uel.br\/bioenergia\/wp-json\/wp\/v2\/pages\/142","targetHints":{"allow":["GET"]}}],"collection":[{"href":"https:\/\/pos.uel.br\/bioenergia\/wp-json\/wp\/v2\/pages"}],"about":[{"href":"https:\/\/pos.uel.br\/bioenergia\/wp-json\/wp\/v2\/types\/page"}],"author":[{"embeddable":true,"href":"https:\/\/pos.uel.br\/bioenergia\/wp-json\/wp\/v2\/users\/11"}],"replies":[{"embeddable":true,"href":"https:\/\/pos.uel.br\/bioenergia\/wp-json\/wp\/v2\/comments?post=142"}],"version-history":[{"count":10,"href":"https:\/\/pos.uel.br\/bioenergia\/wp-json\/wp\/v2\/pages\/142\/revisions"}],"predecessor-version":[{"id":210,"href":"https:\/\/pos.uel.br\/bioenergia\/wp-json\/wp\/v2\/pages\/142\/revisions\/210"}],"wp:attachment":[{"href":"https:\/\/pos.uel.br\/bioenergia\/wp-json\/wp\/v2\/media?parent=142"}],"curies":[{"name":"wp","href":"https:\/\/api.w.org\/{rel}","templated":true}]}}