{"id":137,"date":"2025-10-17T11:10:02","date_gmt":"2025-10-17T14:10:02","guid":{"rendered":"https:\/\/pos.uel.br\/bioenergia\/?page_id=137"},"modified":"2026-03-24T10:34:58","modified_gmt":"2026-03-24T13:34:58","slug":"uel-universidade-estadual-de-londrina","status":"publish","type":"page","link":"https:\/\/pos.uel.br\/bioenergia\/uel-universidade-estadual-de-londrina\/","title":{"rendered":"UEL &#8211; Universidade Estadual de Londrina"},"content":{"rendered":"\n<figure class=\"wp-block-image size-large\"><img loading=\"lazy\" decoding=\"async\" width=\"1024\" height=\"116\" src=\"https:\/\/pos.uel.br\/bioenergia\/wp-content\/uploads\/2025\/10\/Captura-de-tela-2025-10-17-112349-1024x116.png\" alt=\"\" class=\"wp-image-157\" srcset=\"https:\/\/pos.uel.br\/bioenergia\/wp-content\/uploads\/2025\/10\/Captura-de-tela-2025-10-17-112349-1024x116.png 1024w, https:\/\/pos.uel.br\/bioenergia\/wp-content\/uploads\/2025\/10\/Captura-de-tela-2025-10-17-112349-300x34.png 300w, https:\/\/pos.uel.br\/bioenergia\/wp-content\/uploads\/2025\/10\/Captura-de-tela-2025-10-17-112349-768x87.png 768w, https:\/\/pos.uel.br\/bioenergia\/wp-content\/uploads\/2025\/10\/Captura-de-tela-2025-10-17-112349.png 1427w\" sizes=\"auto, (max-width: 1024px) 100vw, 1024px\" \/><\/figure>\n\n\n\n<figure class=\"wp-block-table is-style-regular\"><table class=\"has-fixed-layout\"><tbody><tr><td>PROFESSOR<\/td><td>STATUS ORIENTADOR<\/td><td>ATUA\u00c7\u00c3O NO PPGB<\/td><td>FORMA\u00c7\u00c3O<\/td><td>LINHA DE PESQUISA<\/td><td>E-MAIL<\/td><\/tr><tr><td><a href=\"http:\/\/lattes.cnpq.br\/6653642556441432\" target=\"_blank\" rel=\"noreferrer noopener\"><strong>CARMEN LUISA BARBOSA GUEDES<\/strong><\/a><\/td><td>Permanente<br><br><\/td><td>Mestrado e Doutorado<br><br><\/td><td>Gradua\u00e7\u00e3o: Qu\u00edmica<br>Doutorado: Qu\u00edmica Org\u00e2nica (UFRJ)<\/td><td>Biocombust\u00edveis<br>Energias Renov\u00e1veis<\/td><td><em><a href=\"https:\/\/mail.google.com\/mail\/?view=cm&amp;fs=1&amp;tf=1&amp;to=carmen@uel.br\" target=\"_blank\" rel=\"noreferrer noopener\">carmen@uel.br<\/a><\/em><\/td><\/tr><tr><td><a href=\"http:\/\/lattes.cnpq.br\/3265471567908195\" target=\"_blank\" rel=\"noreferrer noopener\"><strong>DION\u00cdSIO BORSATO<\/strong><\/a><\/td><td>Colaborador<br>(S\u00eanior)<\/td><td>Mestrado e Doutorado<\/td><td>Gradua\u00e7\u00e3o: Engenharia Qu\u00edmica<br>Doutorado: Ci\u00eancias de Alimentos (UEL)<\/td><td>Biocombust\u00edveis<\/td><td><em><a href=\"https:\/\/mail.google.com\/mail\/?view=cm&amp;fs=1&amp;tf=1&amp;to=dborsato@uel.br\" target=\"_blank\" rel=\"noreferrer noopener\">dborsato@uel.br<\/a><\/em><\/td><\/tr><tr><td><strong><a href=\"http:\/\/lattes.cnpq.br\/1979503479329446\">FRANCISCO ANGEL FILIPPIN<\/a><\/strong><\/td><td>Visitante<\/td><td>Mestrado e Doutorado<\/td><td>Gradua\u00e7\u00e3o: F\u00edsica<br>Doutorado: F\u00edsica (FAMAF &#8211; Cordoba-Argentina)<\/td><td>Energias Renov\u00e1veis<\/td><td><a href=\"mailto:filippin18@hotmail.com\">filippin18@hotmail.com<\/a><\/td><\/tr><tr><td><a href=\"http:\/\/lattes.cnpq.br\/5479961385636219\"><strong>HENRIQUE DE SANTANA<\/strong><\/a><\/td><td>Permanente<\/td><td>Mestrado e Doutorado<\/td><td>Gradua\u00e7\u00e3o: Qu\u00edmica<br>Doutorado: Ci\u00eancias (USP)<\/td><td>Energias Renov\u00e1veis<\/td><td><a href=\"mailto:hensan@uel.br\"><em>hensan@uel.br&nbsp;<\/em><\/a><\/td><\/tr><tr><td><strong><a href=\"http:\/\/lattes.cnpq.br\/5479961385636219\">JULIANI CHICO PIAI PAIVA<\/a><\/strong><\/td><td>Permanente<\/td><td>Mestrado e Doutorado<\/td><td>Gradua\u00e7\u00e3o: Engenharia<br>Doutorado: Planejamento de Sistemas Energ\u00e9ticos (UNICAMP)<\/td><td>Energias Renov\u00e1veis<\/td><td><a href=\"mailto:jpiai@uel.br\"><em>jpiai@uel.br<\/em><\/a><\/td><\/tr><tr><td><strong><a href=\"http:\/\/lattes.cnpq.br\/7952035577822932\">KARINA BENASSI ANGILELLI<\/a><\/strong><\/td><td>Permanente<\/td><td>Mestrado e Doutorado<\/td><td>Gradua\u00e7\u00e3o: Qu\u00edmica<br>Doutorado: Qu\u00edmica (UEL)<\/td><td>Biocombust\u00edveis<\/td><td><a href=\"mailto:kaangilelli@uel.br\"><em>kaangilelli@uel.br<\/em><\/a><\/td><\/tr><tr><td><strong><a href=\"http:\/\/lattes.cnpq.br\/6233656045399753\" data-type=\"link\" data-id=\"http:\/\/lattes.cnpq.br\/6233656045399753\">L\u00daCIO C\u00c9SAR DE ALMEIDA<\/a><\/strong><\/td><td>Permanente<\/td><td>Mestrado e Doutorado<\/td><td>Gradua\u00e7\u00e3o: Qu\u00edmica<br>Doutorado: Qu\u00edmica (UFSCar)<\/td><td>Energias Renov\u00e1veis<\/td><td><a href=\"mailto:luciobonn@gmail.com\">luciobonn@gmail.com<\/a><\/td><\/tr><tr><td><strong><a href=\"http:\/\/lattes.cnpq.br\/9387195648186878\">MARCELO RODRIGUES DE MELO<\/a><\/strong><\/td><td>Permanente<\/td><td>Mestrado<\/td><td>Gradua\u00e7\u00e3o: Biomedicina<br>Doutorado: Microbiologia Agr\u00edcola (UFV-MG)<\/td><td>Biocombust\u00edveis<\/td><td><em><a href=\"mailto:melomr@uel.br\">melomr@uel.br<\/a><\/em><\/td><\/tr><\/tbody><\/table><\/figure>\n\n\n\n<p><\/p>\n","protected":false},"excerpt":{"rendered":"<p>PROFESSOR STATUS ORIENTADOR ATUA\u00c7\u00c3O NO PPGB FORMA\u00c7\u00c3O LINHA DE PESQUISA E-MAIL CARMEN LUISA BARBOSA GUEDES Permanente Mestrado e Doutorado Gradua\u00e7\u00e3o: Qu\u00edmicaDoutorado: Qu\u00edmica Org\u00e2nica (UFRJ) Biocombust\u00edveisEnergias Renov\u00e1veis carmen@uel.br DION\u00cdSIO BORSATO Colaborador(S\u00eanior) Mestrado e Doutorado Gradua\u00e7\u00e3o: Engenharia Qu\u00edmicaDoutorado: Ci\u00eancias de Alimentos (UEL) Biocombust\u00edveis dborsato@uel.br FRANCISCO ANGEL FILIPPIN Visitante Mestrado e Doutorado Gradua\u00e7\u00e3o: F\u00edsicaDoutorado: F\u00edsica (FAMAF &#8211; Cordoba-Argentina) [&hellip;]<\/p>\n","protected":false},"author":11,"featured_media":0,"parent":0,"menu_order":0,"comment_status":"closed","ping_status":"closed","template":"","meta":{"footnotes":""},"class_list":["post-137","page","type-page","status-publish","hentry"],"_links":{"self":[{"href":"https:\/\/pos.uel.br\/bioenergia\/wp-json\/wp\/v2\/pages\/137","targetHints":{"allow":["GET"]}}],"collection":[{"href":"https:\/\/pos.uel.br\/bioenergia\/wp-json\/wp\/v2\/pages"}],"about":[{"href":"https:\/\/pos.uel.br\/bioenergia\/wp-json\/wp\/v2\/types\/page"}],"author":[{"embeddable":true,"href":"https:\/\/pos.uel.br\/bioenergia\/wp-json\/wp\/v2\/users\/11"}],"replies":[{"embeddable":true,"href":"https:\/\/pos.uel.br\/bioenergia\/wp-json\/wp\/v2\/comments?post=137"}],"version-history":[{"count":12,"href":"https:\/\/pos.uel.br\/bioenergia\/wp-json\/wp\/v2\/pages\/137\/revisions"}],"predecessor-version":[{"id":283,"href":"https:\/\/pos.uel.br\/bioenergia\/wp-json\/wp\/v2\/pages\/137\/revisions\/283"}],"wp:attachment":[{"href":"https:\/\/pos.uel.br\/bioenergia\/wp-json\/wp\/v2\/media?parent=137"}],"curies":[{"name":"wp","href":"https:\/\/api.w.org\/{rel}","templated":true}]}}