{"id":135,"date":"2025-10-17T11:09:24","date_gmt":"2025-10-17T14:09:24","guid":{"rendered":"https:\/\/pos.uel.br\/bioenergia\/?page_id=135"},"modified":"2025-10-22T15:17:22","modified_gmt":"2025-10-22T18:17:22","slug":"uem-universidade-estadual-de-maringa","status":"publish","type":"page","link":"https:\/\/pos.uel.br\/bioenergia\/uem-universidade-estadual-de-maringa\/","title":{"rendered":"UEM &#8211; Universidade Estadual de Maring\u00e1"},"content":{"rendered":"\n<figure class=\"wp-block-image size-large\"><img loading=\"lazy\" decoding=\"async\" width=\"1024\" height=\"115\" src=\"https:\/\/pos.uel.br\/bioenergia\/wp-content\/uploads\/2025\/10\/Captura-de-tela-2025-10-17-112329-1024x115.png\" alt=\"\" class=\"wp-image-156\" srcset=\"https:\/\/pos.uel.br\/bioenergia\/wp-content\/uploads\/2025\/10\/Captura-de-tela-2025-10-17-112329-1024x115.png 1024w, https:\/\/pos.uel.br\/bioenergia\/wp-content\/uploads\/2025\/10\/Captura-de-tela-2025-10-17-112329-300x34.png 300w, https:\/\/pos.uel.br\/bioenergia\/wp-content\/uploads\/2025\/10\/Captura-de-tela-2025-10-17-112329-768x86.png 768w, https:\/\/pos.uel.br\/bioenergia\/wp-content\/uploads\/2025\/10\/Captura-de-tela-2025-10-17-112329.png 1422w\" sizes=\"auto, (max-width: 1024px) 100vw, 1024px\" \/><\/figure>\n\n\n\n<figure class=\"wp-block-table\"><table class=\"has-fixed-layout\"><tbody><tr><td><strong>PROFESSOR<\/strong><\/td><td><strong>STATUS ORIENTADOR<\/strong><\/td><td><strong>ATUA\u00c7\u00c3O NO PPGB<\/strong><\/td><td><strong>FORMA\u00c7\u00c3O<\/strong><\/td><td><strong>LINHA DE PESQUISA<\/strong><\/td><td><strong>E-MAIL<\/strong><\/td><\/tr><tr><td><strong><a href=\"http:\/\/lattes.cnpq.br\/2969487814345707\">CAMILA DE BRITO MIRANDA FAIA<\/a><\/strong><\/td><td>Permanente<\/td><td>Mestrado e Doutorado<\/td><td>Gradua\u00e7\u00e3o: Engenharia de Controle e Automa\u00e7\u00e3o<br>Doutorado Engenharia Qu\u00edmica (UEM)<\/td><td>Biocombust\u00edveis<\/td><td><a href=\"mailto:camila.mir4@gmail.com\"><em>camila.mir4@gmail.com\u00a0<\/em><\/a><\/td><\/tr><tr><td><strong><a href=\"http:\/\/lattes.cnpq.br\/2670324931518708\" target=\"_blank\" rel=\"noreferrer noopener\">DANIEL TAIT VARESCHINI<\/a><\/strong><\/td><td>Permanente<\/td><td>Mestrado e Doutorado<\/td><td>Gradua\u00e7\u00e3o: Engenharia Qu\u00edmica<br>Doutorado Ci\u00eancias Morfol\u00f3gicas (UFRJ)<\/td><td>Biocombust\u00edveis<\/td><td><em><a href=\"mailto:dtvareschini@uem.br\" target=\"_blank\" rel=\"noreferrer noopener\">dtvareschini@uem.br<\/a><\/em><\/td><\/tr><tr><td><a href=\"http:\/\/lattes.cnpq.br\/0783231483314728\" target=\"_blank\" rel=\"noreferrer noopener\"><strong>GISELLA MARIA ZANIN<\/strong><\/a><\/td><td>Colaboradora<\/td><td>Mestrado<\/td><td>Gradua\u00e7\u00e3o: Engenharia Qu\u00edmica<br>Doutorado: Engenharia de Alimentos (UNICAMP)<\/td><td>Biocombust\u00edveis<\/td><td><em><a href=\"https:\/\/mail.google.com\/mail\/?view=cm&amp;fs=1&amp;tf=1&amp;to=gisella@deq.uem.br\" target=\"_blank\" rel=\"noreferrer noopener\">gisella@deq.uem.br<\/a><\/em><\/td><\/tr><tr><td><a href=\"http:\/\/lattes.cnpq.br\/3799477144188495\" target=\"_blank\" rel=\"noreferrer noopener\"><strong>JOS\u00c9 EDUARDO OLIVO<\/strong><\/a><\/td><td>Permanente<\/td><td>Mestrado<\/td><td>Gradua\u00e7\u00e3o: Engenharia Qu\u00edmica<br>Doutorado: Engenharia Qu\u00edmica (USP)<\/td><td>Biocombust\u00edveis<\/td><td><em><a href=\"mailto:jeolivo@uem.br\">jeolivo@uem.br<\/a><\/em><\/td><\/tr><tr><td><a href=\"http:\/\/lattes.cnpq.br\/8494271331675279\" target=\"_blank\" rel=\"noreferrer noopener\"><strong>MAURO ANT\u00d4NIO DA SILVA S\u00c1 RAVAGNANI<\/strong><\/a><\/td><td>Permanente<\/td><td>Mestrado e Doutorado<\/td><td>Gradua\u00e7\u00e3o: Engenharia Qu\u00edmica<br>Doutorado: Engenharia Qu\u00edmica (UNICAMP)<\/td><td>Biocombust\u00edveis<\/td><td><em><a href=\"https:\/\/mail.google.com\/mail\/?view=cm&amp;fs=1&amp;tf=1&amp;to=ravag@deq.uem.br\" target=\"_blank\" rel=\"noreferrer noopener\">ravag@deq.uem.br<\/a><\/em><\/td><\/tr><tr><td><a href=\"http:\/\/lattes.cnpq.br\/3283741881583320\" target=\"_blank\" rel=\"noreferrer noopener\"><strong>NEHEMIAS CURVELO PEREIRA<\/strong><\/a><\/td><td>Colaborador<br>(S\u00eanior)<\/td><td>Mestrado e Doutorado<\/td><td>Gradua\u00e7\u00e3o: Qu\u00edmica Industrial<br>Doutorado: Engenharia Qu\u00edmica (UFRJ)<\/td><td>Biocombust\u00edveis<\/td><td><em><a href=\"https:\/\/mail.google.com\/mail\/?view=cm&amp;fs=1&amp;tf=1&amp;to=edsondeq@unioeste.br\" target=\"_blank\" rel=\"noreferrer noopener\">nehemias@deq.uem.br<\/a><\/em><\/td><\/tr><tr><td><a href=\"http:\/\/lattes.cnpq.br\/9376203096430598\" target=\"_blank\" rel=\"noreferrer noopener\"><strong>PEDRO AUGUSTO ARROYO<\/strong><\/a><\/td><td>Permanente<\/td><td>Mestrado e Doutorado<\/td><td>Gradua\u00e7\u00e3o: Engenharia Qu\u00edmica<br>Doutorado: Engenharia Qu\u00edmica (UFRJ)<\/td><td>Biocombust\u00edveis<\/td><td><a href=\"mailto:paarroyo@uem.br\"><em>paarroyo@uem.br<\/em><\/a><\/td><\/tr><tr><td><a href=\"http:\/\/lattes.cnpq.br\/5557224649687028\" target=\"_blank\" rel=\"noreferrer noopener\"><strong>WANDERLEY DANTAS DOS SANTOS<\/strong><\/a><\/td><td>Colaborador<\/td><td>Mestrado e Doutorado<\/td><td>Gradua\u00e7\u00e3o: Ci\u00eancias Biol\u00f3gicas<br>Doutorado: Bioqu\u00edmica de Plantas (UEM)<\/td><td>Biocombust\u00edveis<\/td><td><em><a href=\"https:\/\/mail.google.com\/mail\/?view=cm&amp;fs=1&amp;tf=1&amp;to=wanderley.dantasdossantos@gmail.com\" target=\"_blank\" rel=\"noreferrer noopener\">wanderley.dantasdossantos@gmail.com<\/a><\/em><\/td><\/tr><\/tbody><\/table><\/figure>\n","protected":false},"excerpt":{"rendered":"<p>PROFESSOR STATUS ORIENTADOR ATUA\u00c7\u00c3O NO PPGB FORMA\u00c7\u00c3O LINHA DE PESQUISA E-MAIL CAMILA DE BRITO MIRANDA FAIA Permanente Mestrado e Doutorado Gradua\u00e7\u00e3o: Engenharia de Controle e Automa\u00e7\u00e3oDoutorado Engenharia Qu\u00edmica (UEM) Biocombust\u00edveis camila.mir4@gmail.com\u00a0 DANIEL TAIT VARESCHINI Permanente Mestrado e Doutorado Gradua\u00e7\u00e3o: Engenharia Qu\u00edmicaDoutorado Ci\u00eancias Morfol\u00f3gicas (UFRJ) Biocombust\u00edveis dtvareschini@uem.br GISELLA MARIA ZANIN Colaboradora Mestrado Gradua\u00e7\u00e3o: Engenharia Qu\u00edmicaDoutorado: Engenharia [&hellip;]<\/p>\n","protected":false},"author":11,"featured_media":0,"parent":0,"menu_order":0,"comment_status":"closed","ping_status":"closed","template":"","meta":{"footnotes":""},"class_list":["post-135","page","type-page","status-publish","hentry"],"_links":{"self":[{"href":"https:\/\/pos.uel.br\/bioenergia\/wp-json\/wp\/v2\/pages\/135","targetHints":{"allow":["GET"]}}],"collection":[{"href":"https:\/\/pos.uel.br\/bioenergia\/wp-json\/wp\/v2\/pages"}],"about":[{"href":"https:\/\/pos.uel.br\/bioenergia\/wp-json\/wp\/v2\/types\/page"}],"author":[{"embeddable":true,"href":"https:\/\/pos.uel.br\/bioenergia\/wp-json\/wp\/v2\/users\/11"}],"replies":[{"embeddable":true,"href":"https:\/\/pos.uel.br\/bioenergia\/wp-json\/wp\/v2\/comments?post=135"}],"version-history":[{"count":8,"href":"https:\/\/pos.uel.br\/bioenergia\/wp-json\/wp\/v2\/pages\/135\/revisions"}],"predecessor-version":[{"id":199,"href":"https:\/\/pos.uel.br\/bioenergia\/wp-json\/wp\/v2\/pages\/135\/revisions\/199"}],"wp:attachment":[{"href":"https:\/\/pos.uel.br\/bioenergia\/wp-json\/wp\/v2\/media?parent=135"}],"curies":[{"name":"wp","href":"https:\/\/api.w.org\/{rel}","templated":true}]}}