{"id":133,"date":"2025-10-17T11:04:32","date_gmt":"2025-10-17T14:04:32","guid":{"rendered":"https:\/\/pos.uel.br\/bioenergia\/?page_id=133"},"modified":"2025-10-21T10:37:47","modified_gmt":"2025-10-21T13:37:47","slug":"unicentro-universidade-estadual-do-centro-oeste","status":"publish","type":"page","link":"https:\/\/pos.uel.br\/bioenergia\/unicentro-universidade-estadual-do-centro-oeste\/","title":{"rendered":"UNICENTRO &#8211; Universidade Estadual do Centro-Oeste"},"content":{"rendered":"\n<figure class=\"wp-block-image size-large\"><img loading=\"lazy\" decoding=\"async\" width=\"1024\" height=\"114\" src=\"https:\/\/pos.uel.br\/bioenergia\/wp-content\/uploads\/2025\/10\/Captura-de-tela-2025-10-17-112312-1024x114.png\" alt=\"\" class=\"wp-image-155\" srcset=\"https:\/\/pos.uel.br\/bioenergia\/wp-content\/uploads\/2025\/10\/Captura-de-tela-2025-10-17-112312-1024x114.png 1024w, https:\/\/pos.uel.br\/bioenergia\/wp-content\/uploads\/2025\/10\/Captura-de-tela-2025-10-17-112312-300x33.png 300w, https:\/\/pos.uel.br\/bioenergia\/wp-content\/uploads\/2025\/10\/Captura-de-tela-2025-10-17-112312-768x85.png 768w, https:\/\/pos.uel.br\/bioenergia\/wp-content\/uploads\/2025\/10\/Captura-de-tela-2025-10-17-112312.png 1425w\" sizes=\"auto, (max-width: 1024px) 100vw, 1024px\" \/><\/figure>\n\n\n\n<figure class=\"wp-block-table\"><table class=\"has-fixed-layout\"><tbody><tr><td><strong>PROFESSOR<\/strong><\/td><td><strong>STATUS ORIENTADOR<\/strong><\/td><td><strong>ATUA\u00c7\u00c3O NO PPGB<\/strong><\/td><td><strong>FORMA\u00c7\u00c3O<\/strong><\/td><td><strong>LINHA DE PESQUISA<\/strong><\/td><td><strong>E-MAIL<\/strong><\/td><\/tr><tr><td><a href=\"http:\/\/lattes.cnpq.br\/2205596229247168\"><strong>AMARILDO HERSEN<\/strong><\/a><\/td><td>Colaborador<\/td><td>Mestrado<\/td><td>Gradua\u00e7\u00e3o: Ci\u00eancias Econ\u00f4micas<br>Doutorado: Engenharia Florestal<br>(UFPR)<\/td><td>Biocombust\u00edveis<br>Energias Renov\u00e1veis<\/td><td><a href=\"mailto:amarildo@unicentro.br\"><em>amarildo@unicentro.br<\/em><\/a><\/td><\/tr><tr><td><strong><a href=\"http:\/\/lattes.cnpq.br\/1244804271465938\" target=\"_blank\" rel=\"noreferrer noopener\">ANDR\u00c9 LAZARIN GALLINA<\/a><\/strong><\/td><td>Permanente<\/td><td>Mestrado e Doutorado<\/td><td>Gradua\u00e7\u00e3o: Qu\u00edmicaDoutorado: Qu\u00edmica Aplicada (UNICENTRO)<\/td><td>Biocombust\u00edveis<br>Energias Renov\u00e1veis<\/td><td><em><a href=\"https:\/\/mail.google.com\/mail\/?view=cm&amp;fs=1&amp;tf=1&amp;to=andregallina@unicentro.br\" target=\"_blank\" rel=\"noreferrer noopener\">andregallina@unicentro.br<\/a><\/em><\/td><\/tr><tr><td><strong><a href=\"http:\/\/lattes.cnpq.br\/1950137747785419\" target=\"_blank\" rel=\"noreferrer noopener\">CYNTHIA BEATRIZ FURSTENBERGER<\/a><\/strong><\/td><td>Permanente<\/td><td>Mestrado e Doutorado<\/td><td>Gradua\u00e7\u00e3o: Ci\u00eancias Biol\u00f3gicas<br>Doutorado: Ci\u00eancias Biol\u00f3gicas (UNESP)<\/td><td>Biocombust\u00edveis<\/td><td><em><a href=\"https:\/\/mail.google.com\/mail\/?view=cm&amp;fs=1&amp;tf=1&amp;to=cbfurst@gmail.com\" target=\"_blank\" rel=\"noreferrer noopener\">cbfurst@gmail.com<\/a><\/em><\/td><\/tr><tr><td><strong><a href=\"http:\/\/lattes.cnpq.br\/8571916045049616\" target=\"_blank\" rel=\"noreferrer noopener\">EDSON PERREZ GUERRA<\/a><\/strong><\/td><td>Colaborador<\/td><td>Mestrado<\/td><td>Gradua\u00e7\u00e3o: Agronomia<br>Doutorado: Produ\u00e7\u00e3o Vegetal (UFPR)<\/td><td>Biocombust\u00edveis<\/td><td><em><a href=\"https:\/\/mail.google.com\/mail\/?view=cm&amp;fs=1&amp;tf=1&amp;to=e.guerra@ufpr.br\" target=\"_blank\" rel=\"noreferrer noopener\">epguerra@unicentro.br<\/a><\/em><\/td><\/tr><tr><td><a href=\"http:\/\/lattes.cnpq.br\/7523573139592166\" target=\"_blank\" rel=\"noreferrer noopener\"><strong>EVERSON DO PRADO BANCZEK<\/strong><\/a><\/td><td>Permanente<\/td><td>Mestrado e Doutorado<\/td><td>Gradua\u00e7\u00e3o: Licenciatura e Bacharelado em Qu\u00edmica<br>Doutorado: Ci\u00eancias (Tecnologia Nuclear &#8211; Materiais) (IPEN)<\/td><td>\u00a0Biocombust\u00edveis<br>Energias Renov\u00e1veis<\/td><td><em><a href=\"https:\/\/mail.google.com\/mail\/?view=cm&amp;fs=1&amp;tf=1&amp;to=edopradobanczek@yahoo.com.br\" target=\"_blank\" rel=\"noreferrer noopener\">ebanczek@unicentro.br<\/a><\/em><\/td><\/tr><tr><td><a href=\"http:\/\/lattes.cnpq.br\/5932164789161002\"><strong>GIDE\u00c3 TAQUES TRACTZ<\/strong><\/a><\/td><td>Permanente<br>(UTFPR)<\/td><td>Mestrado<\/td><td>Gradua\u00e7\u00e3o: Qu\u00edmica<br>Doutorado: Qu\u00edmica (UNICENTRO)<\/td><td>Energias Renov\u00e1veis<\/td><td><a href=\"mailto:gideatractz@utfpr.edu.br\"><em>gideatractz@utfpr.edu.br<\/em><\/a><\/td><\/tr><tr><td><strong><a href=\"http:\/\/lattes.cnpq.br\/6023089880821168\">LETI\u00c9RE CABREIRA SOARES<\/a><\/strong><\/td><td>Permanente<br>(UFFS)<\/td><td>Mestrado<\/td><td>Gradua\u00e7\u00e3o: Qu\u00edmica Industrial<br>Doutorado: Ci\u00eancias (UFSM)<\/td><td>Biocombust\u00edveis<\/td><td><em><a href=\"mailto:letiere.soares@uffs.edu.br\">letiere.soares@uffs.edu.br<\/a><\/em><\/td><\/tr><tr><td><a href=\"http:\/\/lattes.cnpq.br\/1209937575998431\" target=\"_blank\" rel=\"noreferrer noopener\"><strong>WALDIR NAGEL SCHIRMER<\/strong><\/a><\/td><td>Permanente<\/td><td>Mestrado e Doutorado<\/td><td>Gradua\u00e7\u00e3o: Engenharia Qu\u00edmica<br>Doutorado: Engenharia Ambiental (UFSC)<\/td><td>Biocombust\u00edveis<\/td><td><em><a href=\"https:\/\/mail.google.com\/mail\/?view=cm&amp;fs=1&amp;tf=1&amp;to=wanasch@hotmail.com\" target=\"_blank\" rel=\"noreferrer noopener\">wanasch@hotmail.com<\/a><\/em><\/td><\/tr><\/tbody><\/table><\/figure>\n","protected":false},"excerpt":{"rendered":"<p>PROFESSOR STATUS ORIENTADOR ATUA\u00c7\u00c3O NO PPGB FORMA\u00c7\u00c3O LINHA DE PESQUISA E-MAIL AMARILDO HERSEN Colaborador Mestrado Gradua\u00e7\u00e3o: Ci\u00eancias Econ\u00f4micasDoutorado: Engenharia Florestal(UFPR) Biocombust\u00edveisEnergias Renov\u00e1veis amarildo@unicentro.br ANDR\u00c9 LAZARIN GALLINA Permanente Mestrado e Doutorado Gradua\u00e7\u00e3o: Qu\u00edmicaDoutorado: Qu\u00edmica Aplicada (UNICENTRO) Biocombust\u00edveisEnergias Renov\u00e1veis andregallina@unicentro.br CYNTHIA BEATRIZ FURSTENBERGER Permanente Mestrado e Doutorado Gradua\u00e7\u00e3o: Ci\u00eancias Biol\u00f3gicasDoutorado: Ci\u00eancias Biol\u00f3gicas (UNESP) Biocombust\u00edveis cbfurst@gmail.com EDSON PERREZ [&hellip;]<\/p>\n","protected":false},"author":11,"featured_media":0,"parent":0,"menu_order":0,"comment_status":"closed","ping_status":"closed","template":"","meta":{"footnotes":""},"class_list":["post-133","page","type-page","status-publish","hentry"],"_links":{"self":[{"href":"https:\/\/pos.uel.br\/bioenergia\/wp-json\/wp\/v2\/pages\/133","targetHints":{"allow":["GET"]}}],"collection":[{"href":"https:\/\/pos.uel.br\/bioenergia\/wp-json\/wp\/v2\/pages"}],"about":[{"href":"https:\/\/pos.uel.br\/bioenergia\/wp-json\/wp\/v2\/types\/page"}],"author":[{"embeddable":true,"href":"https:\/\/pos.uel.br\/bioenergia\/wp-json\/wp\/v2\/users\/11"}],"replies":[{"embeddable":true,"href":"https:\/\/pos.uel.br\/bioenergia\/wp-json\/wp\/v2\/comments?post=133"}],"version-history":[{"count":6,"href":"https:\/\/pos.uel.br\/bioenergia\/wp-json\/wp\/v2\/pages\/133\/revisions"}],"predecessor-version":[{"id":192,"href":"https:\/\/pos.uel.br\/bioenergia\/wp-json\/wp\/v2\/pages\/133\/revisions\/192"}],"wp:attachment":[{"href":"https:\/\/pos.uel.br\/bioenergia\/wp-json\/wp\/v2\/media?parent=133"}],"curies":[{"name":"wp","href":"https:\/\/api.w.org\/{rel}","templated":true}]}}