{"id":131,"date":"2025-10-17T11:02:14","date_gmt":"2025-10-17T14:02:14","guid":{"rendered":"https:\/\/pos.uel.br\/bioenergia\/?page_id=131"},"modified":"2025-10-21T10:20:33","modified_gmt":"2025-10-21T13:20:33","slug":"uepg-universidade-estadual-de-ponta-grossa","status":"publish","type":"page","link":"https:\/\/pos.uel.br\/bioenergia\/uepg-universidade-estadual-de-ponta-grossa\/","title":{"rendered":"UEPG &#8211; Universidade Estadual de Ponta Grossa"},"content":{"rendered":"\n<figure class=\"wp-block-image size-large\"><img loading=\"lazy\" decoding=\"async\" width=\"1024\" height=\"113\" src=\"https:\/\/pos.uel.br\/bioenergia\/wp-content\/uploads\/2025\/10\/Captura-de-tela-2025-10-17-112242-1024x113.png\" alt=\"\" class=\"wp-image-154\" srcset=\"https:\/\/pos.uel.br\/bioenergia\/wp-content\/uploads\/2025\/10\/Captura-de-tela-2025-10-17-112242-1024x113.png 1024w, https:\/\/pos.uel.br\/bioenergia\/wp-content\/uploads\/2025\/10\/Captura-de-tela-2025-10-17-112242-300x33.png 300w, https:\/\/pos.uel.br\/bioenergia\/wp-content\/uploads\/2025\/10\/Captura-de-tela-2025-10-17-112242-768x84.png 768w, https:\/\/pos.uel.br\/bioenergia\/wp-content\/uploads\/2025\/10\/Captura-de-tela-2025-10-17-112242.png 1419w\" sizes=\"auto, (max-width: 1024px) 100vw, 1024px\" \/><\/figure>\n\n\n\n<figure class=\"wp-block-table\"><table class=\"has-fixed-layout\"><tbody><tr><td><strong>PROFESSOR<\/strong><\/td><td><strong>STATUS ORIENTADOR<\/strong><\/td><td><strong>ATUA\u00c7\u00c3O NO PPGB<\/strong><\/td><td><strong>FORMA\u00c7\u00c3O<\/strong><\/td><td><strong>LINHA DE PESQUISA<\/strong><\/td><td><strong>E-MAIL<\/strong><\/td><\/tr><tr><td><a href=\"http:\/\/lattes.cnpq.br\/1094246037332318\"><strong>JAIME ALBERTI GOMES<\/strong><\/a><\/td><td>Colaborador<\/td><td>Mestrado<\/td><td>Gradua\u00e7\u00e3o: Agronomia<br>Doutorado: Engenharia Agr\u00edcola (UNICAMP)<br><br><\/td><td>Biocombust\u00edveis<\/td><td><a href=\"mailto:jagomes@uepg.br\"><em>jagomes@uepg.br\u00a0<\/em><\/a><\/td><\/tr><tr><td><a href=\"http:\/\/lattes.cnpq.br\/6781668980019865\" target=\"_blank\" rel=\"noreferrer noopener\"><strong>LUIZ CLAUDIO GARCIA<\/strong><\/a><\/td><td>Permanente<\/td><td>Mestrado e Doutorado<\/td><td>Gradua\u00e7\u00e3o: Agronomia<br>Doutorado: Agronomia (UNESP)<\/td><td>Biocombust\u00edveis<\/td><td><a href=\"https:\/\/mail.google.com\/mail\/?view=cm&amp;fs=1&amp;tf=1&amp;to=luizclaudiogarcia2001@yahoo.com.br\" target=\"_blank\" rel=\"noreferrer noopener\"><em>luizclaudiogarcia2001@yahoo.com.br<\/em><\/a><\/td><\/tr><tr><td><a href=\"http:\/\/lattes.cnpq.br\/8715488365201101\" target=\"_blank\" rel=\"noreferrer noopener\"><strong>MARIA ELENA PAYRET ARR\u00daA<\/strong><\/a><\/td><td>Permanente<\/td><td>Mestrado e Doutorado<\/td><td>Gradua\u00e7\u00e3o: Qu\u00edmica Industrial<br>Doutorado: Qu\u00edmica Org\u00e2nica (USP)<\/td><td>Biocombust\u00edveis<br>Energias Renov\u00e1veis<\/td><td><a href=\"mailto:mepayret@uepg.br\"><em>mepayret@uepg.br<\/em><\/a><\/td><\/tr><tr><td><a href=\"http:\/\/lattes.cnpq.br\/5685434166341583\" target=\"_blank\" rel=\"noreferrer noopener\"><strong>PEDRO HENRIQUE WEIRICH NETO<\/strong><\/a><\/td><td>Permanente<\/td><td>Mestrado e Doutorado<\/td><td>Gradua\u00e7\u00e3o: Engenharia Agr\u00edcola<br>Doutorado: Engenharia Agr\u00edcola (UNICAMP)<\/td><td>Biocombust\u00edveis<br>Energias Renov\u00e1veis<\/td><td><a href=\"mailto:lama1@uepg.br\"><em>lama1@uepg.br<\/em><\/a><\/td><\/tr><tr><td><a href=\"http:\/\/lattes.cnpq.br\/6637517443126827\" target=\"_blank\" rel=\"noreferrer noopener\"><strong>SANDRA REGINA MASETTO ANTUNES<\/strong><\/a><\/td><td>Permanente<\/td><td>Mestrado e Doutorado<\/td><td>Gradua\u00e7\u00e3o: Qu\u00edmica<br>Doutorado: F\u00edsico-Qu\u00edmica (UFSCAR)<\/td><td>Biocombust\u00edveis<br>Energias Renov\u00e1veis<\/td><td><em><a href=\"https:\/\/mail.google.com\/mail\/?view=cm&amp;fs=1&amp;tf=1&amp;to=sandrareg@uepg.br\" target=\"_blank\" rel=\"noreferrer noopener\">sandrareg@uepg.br<\/a><\/em><\/td><\/tr><\/tbody><\/table><\/figure>\n","protected":false},"excerpt":{"rendered":"<p>PROFESSOR STATUS ORIENTADOR ATUA\u00c7\u00c3O NO PPGB FORMA\u00c7\u00c3O LINHA DE PESQUISA E-MAIL JAIME ALBERTI GOMES Colaborador Mestrado Gradua\u00e7\u00e3o: AgronomiaDoutorado: Engenharia Agr\u00edcola (UNICAMP) Biocombust\u00edveis jagomes@uepg.br\u00a0 LUIZ CLAUDIO GARCIA Permanente Mestrado e Doutorado Gradua\u00e7\u00e3o: AgronomiaDoutorado: Agronomia (UNESP) Biocombust\u00edveis luizclaudiogarcia2001@yahoo.com.br MARIA ELENA PAYRET ARR\u00daA Permanente Mestrado e Doutorado Gradua\u00e7\u00e3o: Qu\u00edmica IndustrialDoutorado: Qu\u00edmica Org\u00e2nica (USP) Biocombust\u00edveisEnergias Renov\u00e1veis mepayret@uepg.br PEDRO HENRIQUE [&hellip;]<\/p>\n","protected":false},"author":11,"featured_media":0,"parent":0,"menu_order":0,"comment_status":"closed","ping_status":"closed","template":"","meta":{"footnotes":""},"class_list":["post-131","page","type-page","status-publish","hentry"],"_links":{"self":[{"href":"https:\/\/pos.uel.br\/bioenergia\/wp-json\/wp\/v2\/pages\/131","targetHints":{"allow":["GET"]}}],"collection":[{"href":"https:\/\/pos.uel.br\/bioenergia\/wp-json\/wp\/v2\/pages"}],"about":[{"href":"https:\/\/pos.uel.br\/bioenergia\/wp-json\/wp\/v2\/types\/page"}],"author":[{"embeddable":true,"href":"https:\/\/pos.uel.br\/bioenergia\/wp-json\/wp\/v2\/users\/11"}],"replies":[{"embeddable":true,"href":"https:\/\/pos.uel.br\/bioenergia\/wp-json\/wp\/v2\/comments?post=131"}],"version-history":[{"count":8,"href":"https:\/\/pos.uel.br\/bioenergia\/wp-json\/wp\/v2\/pages\/131\/revisions"}],"predecessor-version":[{"id":188,"href":"https:\/\/pos.uel.br\/bioenergia\/wp-json\/wp\/v2\/pages\/131\/revisions\/188"}],"wp:attachment":[{"href":"https:\/\/pos.uel.br\/bioenergia\/wp-json\/wp\/v2\/media?parent=131"}],"curies":[{"name":"wp","href":"https:\/\/api.w.org\/{rel}","templated":true}]}}