{"id":128,"date":"2025-10-17T10:58:48","date_gmt":"2025-10-17T13:58:48","guid":{"rendered":"https:\/\/pos.uel.br\/bioenergia\/?page_id=128"},"modified":"2025-10-17T12:24:03","modified_gmt":"2025-10-17T15:24:03","slug":"docentes-e-linhas-de-atuacao-mestrado-doutorado","status":"publish","type":"page","link":"https:\/\/pos.uel.br\/bioenergia\/docentes-e-linhas-de-atuacao-mestrado-doutorado\/","title":{"rendered":"Docentes e Linhas de Atua\u00e7\u00e3o (Mestrado\/Doutorado)"},"content":{"rendered":"\n<a href=\"https:\/\/pos.uel.br\/bioenergia\/uel-universidade-estadual-de-londrina\/\">Universidade Estadual de Londrina<\/a>\n<br>\n<a href=\"https:\/\/pos.uel.br\/bioenergia\/uepg-universidade-estadual-de-ponta-grossa\/\">Universidade Estadual de Ponta Grossa<\/a>\n<br>\n<a href=\"https:\/\/pos.uel.br\/bioenergia\/unicentro-universidade-estadual-do-centro-oeste\/\">Universidade Estadual do Centro-Oeste<\/a>\n<br>\n<a href=\"https:\/\/pos.uel.br\/bioenergia\/uem-universidade-estadual-de-maringa\/\">Universidade Estadual de Maring\u00e1<\/a>\n<br>\n<a href=\"https:\/\/pos.uel.br\/bioenergia\/unioeste-universidade-estadual-do-oeste-do-parana\/\">Universidade Estadual do Oeste do Paran\u00e1<\/a>\n<br>\n<a href=\"https:\/\/pos.uel.br\/bioenergia\/ufpr-universidade-federal-do-parana\/\">Universidade Federal do Paran\u00e1<\/a>\n<br>\n\n\n\n<p><\/p>\n","protected":false},"excerpt":{"rendered":"<p>Universidade Estadual de Londrina Universidade Estadual de Ponta Grossa Universidade Estadual do Centro-Oeste Universidade Estadual de Maring\u00e1 Universidade Estadual do Oeste do Paran\u00e1 Universidade Federal do Paran\u00e1<\/p>\n","protected":false},"author":11,"featured_media":0,"parent":0,"menu_order":0,"comment_status":"closed","ping_status":"closed","template":"","meta":{"footnotes":""},"class_list":["post-128","page","type-page","status-publish","hentry"],"_links":{"self":[{"href":"https:\/\/pos.uel.br\/bioenergia\/wp-json\/wp\/v2\/pages\/128","targetHints":{"allow":["GET"]}}],"collection":[{"href":"https:\/\/pos.uel.br\/bioenergia\/wp-json\/wp\/v2\/pages"}],"about":[{"href":"https:\/\/pos.uel.br\/bioenergia\/wp-json\/wp\/v2\/types\/page"}],"author":[{"embeddable":true,"href":"https:\/\/pos.uel.br\/bioenergia\/wp-json\/wp\/v2\/users\/11"}],"replies":[{"embeddable":true,"href":"https:\/\/pos.uel.br\/bioenergia\/wp-json\/wp\/v2\/comments?post=128"}],"version-history":[{"count":6,"href":"https:\/\/pos.uel.br\/bioenergia\/wp-json\/wp\/v2\/pages\/128\/revisions"}],"predecessor-version":[{"id":181,"href":"https:\/\/pos.uel.br\/bioenergia\/wp-json\/wp\/v2\/pages\/128\/revisions\/181"}],"wp:attachment":[{"href":"https:\/\/pos.uel.br\/bioenergia\/wp-json\/wp\/v2\/media?parent=128"}],"curies":[{"name":"wp","href":"https:\/\/api.w.org\/{rel}","templated":true}]}}