{"id":12,"date":"2021-04-29T12:27:56","date_gmt":"2021-04-29T15:27:56","guid":{"rendered":"https:\/\/pos.uel.br\/bioenergia\/?page_id=12"},"modified":"2025-10-28T13:49:35","modified_gmt":"2025-10-28T16:49:35","slug":"contatos","status":"publish","type":"page","link":"https:\/\/pos.uel.br\/bioenergia\/contatos\/","title":{"rendered":"Contatos"},"content":{"rendered":"\n<p>Secretaria do Programa de P\u00f3s-Gradua\u00e7\u00e3o em Bioenergia<\/p>\n\n\n\n<p><strong>Endere\u00e7o<\/strong>:<br>Programa de P\u00f3s-gradua\u00e7\u00e3o em Bioenergia (Mestrado e Doutorado)<br>Se\u00e7\u00e3o de P\u00f3s-gradua\u00e7\u00e3o do Centro de Ci\u00eancias Exatas (CCE)<\/p>\n\n\n\n<p>Universidade Estadual de Londrina \u2013 Campus Universit\u00e1rio<br>Rodovia Celso Garcia Cid, PR-445, Km 380<br>Londrina \u2013 Paran\u00e1<br>CEP: 86057-970<\/p>\n\n\n\n<p><strong>Telefones&nbsp;<\/strong>: (43) 3371-4879 \/ 3371-4711<br><strong>E-mail&nbsp;<\/strong>:&nbsp;<a href=\"mailto:spgcce@uel.br\"><strong>spgcce@uel.br<\/strong><\/a><\/p>\n\n\n\n<p><strong>E-mail do Programa da UEL<\/strong><\/p>\n\n\n\n<p><strong>Rede Paranaense de Bioenergia (CCE-QUI)&nbsp;<\/strong><\/p>\n\n\n\n<p><a href=\"mailto:bioenergia.parana@uel.br\"><strong>bioenergia.parana@uel.br<\/strong><\/a><\/p>\n\n\n\n<p><strong>Coordena\u00e7\u00e3o Local UEL:<\/strong><\/p>\n\n\n\n<ul class=\"wp-block-list\">\n<li>Prof. Dr. Henrique de Santana (coordenador)<br>E-mail:\u00a0hensan@uel.br<\/li>\n\n\n\n<li>Profa Dra Karina Benassi Angilelli \u00a0(vice-coordenadora)<br>E-mail:\u00a0kaangilelli@uel.br<\/li>\n<\/ul>\n\n\n\n<p><strong>&nbsp;Coordena\u00e7\u00e3o Geral da Associa\u00e7\u00e3o em Rede:<\/strong><\/p>\n\n\n\n<ul class=\"wp-block-list\">\n<li>Prof. Dr. Pedro Henrique Weirich Neto (coordenador)<br>E-mail:\u00a0lama1@uepg.br<\/li>\n\n\n\n<li>Prof. Dr.\u00a0 Andr\u00e9 Lazzarin Gallina (vice-coordenador)<br>E-mail:\u00a0\u00a0andregallina@unicentro.br\u00a0<\/li>\n<\/ul>\n\n\n\n<p><\/p>\n","protected":false},"excerpt":{"rendered":"<p>Secretaria do Programa de P\u00f3s-Gradua\u00e7\u00e3o em Bioenergia Endere\u00e7o:Programa de P\u00f3s-gradua\u00e7\u00e3o em Bioenergia (Mestrado e Doutorado)Se\u00e7\u00e3o de P\u00f3s-gradua\u00e7\u00e3o do Centro de Ci\u00eancias Exatas (CCE) Universidade Estadual de Londrina \u2013 Campus Universit\u00e1rioRodovia Celso Garcia Cid, PR-445, Km 380Londrina \u2013 Paran\u00e1CEP: 86057-970 Telefones&nbsp;: (43) 3371-4879 \/ 3371-4711E-mail&nbsp;:&nbsp;spgcce@uel.br E-mail do Programa da UEL Rede Paranaense de Bioenergia (CCE-QUI)&nbsp; bioenergia.parana@uel.br [&hellip;]<\/p>\n","protected":false},"author":7,"featured_media":0,"parent":0,"menu_order":0,"comment_status":"closed","ping_status":"closed","template":"","meta":{"footnotes":""},"class_list":["post-12","page","type-page","status-publish","hentry"],"_links":{"self":[{"href":"https:\/\/pos.uel.br\/bioenergia\/wp-json\/wp\/v2\/pages\/12","targetHints":{"allow":["GET"]}}],"collection":[{"href":"https:\/\/pos.uel.br\/bioenergia\/wp-json\/wp\/v2\/pages"}],"about":[{"href":"https:\/\/pos.uel.br\/bioenergia\/wp-json\/wp\/v2\/types\/page"}],"author":[{"embeddable":true,"href":"https:\/\/pos.uel.br\/bioenergia\/wp-json\/wp\/v2\/users\/7"}],"replies":[{"embeddable":true,"href":"https:\/\/pos.uel.br\/bioenergia\/wp-json\/wp\/v2\/comments?post=12"}],"version-history":[{"count":2,"href":"https:\/\/pos.uel.br\/bioenergia\/wp-json\/wp\/v2\/pages\/12\/revisions"}],"predecessor-version":[{"id":219,"href":"https:\/\/pos.uel.br\/bioenergia\/wp-json\/wp\/v2\/pages\/12\/revisions\/219"}],"wp:attachment":[{"href":"https:\/\/pos.uel.br\/bioenergia\/wp-json\/wp\/v2\/media?parent=12"}],"curies":[{"name":"wp","href":"https:\/\/api.w.org\/{rel}","templated":true}]}}