{"id":56,"date":"2025-04-03T13:33:49","date_gmt":"2025-04-03T16:33:49","guid":{"rendered":"https:\/\/pos.uel.br\/bigdeep\/?page_id=56"},"modified":"2025-08-19T15:05:44","modified_gmt":"2025-08-19T18:05:44","slug":"estrutura-curricular","status":"publish","type":"page","link":"https:\/\/pos.uel.br\/bigdeep\/estrutura-curricular\/","title":{"rendered":"Estrutura Curricular"},"content":{"rendered":"\n<p>Segue abaixo, a distribui\u00e7\u00e3o das horas entre as diversas disciplinas do curso, divididas em tr\u00eas m\u00f3dulos:<\/p>\n\n\n\n<p>Disciplinas do <mark style=\"background-color:#00753B\" class=\"has-inline-color has-site-background-color\">M\u00f3dulo de Nivelamento<\/mark>:<\/p>\n\n\n\n<figure class=\"wp-block-table alignwide\"><table class=\"has-fixed-layout\"><tbody><tr><td><strong>Disciplina<\/strong><\/td><td class=\"has-text-align-center\" data-align=\"center\"><strong>Horas<\/strong><\/td><\/tr><tr><td>Programa\u00e7\u00e3o em Python<\/td><td class=\"has-text-align-center\" data-align=\"center\">30<\/td><\/tr><tr><td>Programa\u00e7\u00e3o em R<\/td><td class=\"has-text-align-center\" data-align=\"center\">30<\/td><\/tr><tr><td>Metodologia de Pesquisa<\/td><td class=\"has-text-align-center\" data-align=\"center\">15<\/td><\/tr><tr><td>Empreendedorismo e Inova\u00e7\u00e3o em TI<\/td><td class=\"has-text-align-center\" data-align=\"center\">15<\/td><\/tr><tr><td>Trabalho de Conclus\u00e3o de Curso de P\u00f3s-Gradua\u00e7\u00e3o<\/td><td class=\"has-text-align-center\" data-align=\"center\"><\/td><\/tr><\/tbody><\/table><\/figure>\n\n\n\n<p>Disciplinas do <mark style=\"background-color:#00753B\" class=\"has-inline-color has-site-background-color\">M\u00f3dulo de Machine Learning<\/mark>:<\/p>\n\n\n\n<figure class=\"wp-block-table alignwide\"><table class=\"has-fixed-layout\"><tbody><tr><td><strong>Disciplina<\/strong><\/td><td class=\"has-text-align-center\" data-align=\"center\"><strong>Horas<\/strong><\/td><\/tr><tr><td>Fundamentos Matem\u00e1ticos e Computacionais de Machine Learning<\/td><td class=\"has-text-align-center\" data-align=\"center\">30<\/td><\/tr><tr><td>Machine Learning<\/td><td class=\"has-text-align-center\" data-align=\"center\">30<\/td><\/tr><tr><td>Deep Learning<\/td><td class=\"has-text-align-center\" data-align=\"center\">30<\/td><\/tr><tr><td>Frameworks Deep Learning<\/td><td class=\"has-text-align-center\" data-align=\"center\">30<\/td><\/tr><tr><td>T\u00f3picos Avan\u00e7ados em Deep Learning<\/td><td class=\"has-text-align-center\" data-align=\"center\">30<\/td><\/tr><tr><td>Introdu\u00e7\u00e3o a Vis\u00e3o Computacional<\/td><td class=\"has-text-align-center\" data-align=\"center\">30<\/td><\/tr><\/tbody><\/table><\/figure>\n\n\n\n<p>Disciplinas do <mark style=\"background-color:#00753B\" class=\"has-inline-color has-site-background-color\">M\u00f3dulo de <mark style=\"background-color:#00753B\" class=\"has-inline-color has-site-background-color\">Big Data e Data Science<\/mark><\/mark>:<\/p>\n\n\n\n<figure class=\"wp-block-table alignwide\"><table class=\"has-fixed-layout\"><tbody><tr><td><strong>Disciplina<\/strong><\/td><td class=\"has-text-align-center\" data-align=\"center\"><strong>Horas<\/strong><\/td><\/tr><tr><td>Fundamentos em Big Data<\/td><td class=\"has-text-align-center\" data-align=\"center\">30<\/td><\/tr><tr><td>Extra\u00e7\u00e3o, Ingest\u00e3o e Fluxo de Dados<\/td><td class=\"has-text-align-center\" data-align=\"center\">30<\/td><\/tr><tr><td>Data Analytics<\/td><td class=\"has-text-align-center\" data-align=\"center\">30<\/td><\/tr><tr><td>Ecossistema Hadoop e Plataformas de Big Data<\/td><td class=\"has-text-align-center\" data-align=\"center\">30<\/td><\/tr><\/tbody><\/table><\/figure>\n\n\n\n<div class=\"wp-block-columns is-layout-flex wp-container-core-columns-is-layout-9d6595d7 wp-block-columns-is-layout-flex\">\n<div class=\"wp-block-column is-layout-flow wp-block-column-is-layout-flow\"><\/div>\n<\/div>\n\n\n\n<p><\/p>\n\n\n\n<p><\/p>\n","protected":false},"excerpt":{"rendered":"<p>Segue abaixo, a distribui\u00e7\u00e3o das horas entre as diversas disciplinas do curso, divididas em tr\u00eas m\u00f3dulos: Disciplinas do M\u00f3dulo de Nivelamento: Disciplina Horas Programa\u00e7\u00e3o em Python 30 Programa\u00e7\u00e3o em R 30 Metodologia de Pesquisa 15 Empreendedorismo e Inova\u00e7\u00e3o em TI 15 Trabalho de Conclus\u00e3o de Curso de P\u00f3s-Gradua\u00e7\u00e3o Disciplinas do M\u00f3dulo de Machine Learning: Disciplina [&hellip;]<\/p>\n","protected":false},"author":8,"featured_media":0,"parent":0,"menu_order":0,"comment_status":"closed","ping_status":"closed","template":"","meta":{"_acf_changed":false,"_themeisle_gutenberg_block_has_review":false,"footnotes":""},"class_list":["post-56","page","type-page","status-publish","hentry"],"acf":[],"_links":{"self":[{"href":"https:\/\/pos.uel.br\/bigdeep\/wp-json\/wp\/v2\/pages\/56","targetHints":{"allow":["GET"]}}],"collection":[{"href":"https:\/\/pos.uel.br\/bigdeep\/wp-json\/wp\/v2\/pages"}],"about":[{"href":"https:\/\/pos.uel.br\/bigdeep\/wp-json\/wp\/v2\/types\/page"}],"author":[{"embeddable":true,"href":"https:\/\/pos.uel.br\/bigdeep\/wp-json\/wp\/v2\/users\/8"}],"replies":[{"embeddable":true,"href":"https:\/\/pos.uel.br\/bigdeep\/wp-json\/wp\/v2\/comments?post=56"}],"version-history":[{"count":12,"href":"https:\/\/pos.uel.br\/bigdeep\/wp-json\/wp\/v2\/pages\/56\/revisions"}],"predecessor-version":[{"id":265,"href":"https:\/\/pos.uel.br\/bigdeep\/wp-json\/wp\/v2\/pages\/56\/revisions\/265"}],"wp:attachment":[{"href":"https:\/\/pos.uel.br\/bigdeep\/wp-json\/wp\/v2\/media?parent=56"}],"curies":[{"name":"wp","href":"https:\/\/api.w.org\/{rel}","templated":true}]}}