{"id":36,"date":"2025-04-03T13:28:34","date_gmt":"2025-04-03T16:28:34","guid":{"rendered":"https:\/\/pos.uel.br\/bigdeep\/?page_id=36"},"modified":"2025-08-19T15:04:52","modified_gmt":"2025-08-19T18:04:52","slug":"corpo-docente","status":"publish","type":"page","link":"https:\/\/pos.uel.br\/bigdeep\/corpo-docente\/","title":{"rendered":"Corpo Docente"},"content":{"rendered":"\n<p><strong>Prof. EDISON ANTONIO SAHD FILHO<\/strong><\/p>\n\n\n\n<ul class=\"wp-block-list\">\n<li>Disciplina(s): Programa\u00e7\u00e3o <em>Python<\/em><\/li>\n\n\n\n<li>Curriculo Lattes: <a href=\"http:\/\/lattes.cnpq.br\/6214306332595850\" data-type=\"link\" data-id=\"http:\/\/lattes.cnpq.br\/6214306332595850\">lattes.cnpq.br\/6214306332595850<\/a><\/li>\n<\/ul>\n\n\n\n<p><strong>Prof. Dr. JACQUES DU\u00cdLIO BRANCHER <\/strong><\/p>\n\n\n\n<ul class=\"wp-block-list\">\n<li>Disciplina(s): Extra\u00e7\u00e3o, Ingest\u00e3o e Fluxo de Dados, Metodologia Cient\u00edfica<\/li>\n\n\n\n<li>Curr\u00edculo Lattes: <a href=\"https:\/\/lattes.cnpq.br\/7909976127880843\">lattes.cnpq.br\/7909976127880843<\/a><\/li>\n<\/ul>\n\n\n\n<p><strong>Profa. Dra. JULIANA PAULA FELIX<\/strong><\/p>\n\n\n\n<ul class=\"wp-block-list\">\n<li>Disciplina(s): Fundamentos Matem\u00e1ticos e Computacionais de <em>Machine Learning<\/em>, <em>Machine&nbsp;Learning<\/em><\/li>\n\n\n\n<li>Curr\u00edculo Lattes: <a href=\"http:\/\/lattes.cnpq.br\/3610115951590691\">lattes.cnpq.br\/3610115951590691<\/a><\/li>\n<\/ul>\n\n\n\n<p><strong>Prof. Dr. MARCO CESAR PRADO SOARES<\/strong><\/p>\n\n\n\n<ul class=\"wp-block-list\">\n<li>Disciplina(s): <em>Frameworks Deep Learning<\/em>, T\u00f3picos Avan\u00e7ados em <em>Deep Learning<\/em>, <em>Data Analytics<\/em>, Ecossistema <em>Hadoop<\/em> e Plataformas de <em>BigData<\/em><\/li>\n\n\n\n<li>Curr\u00edculo Lattes: <a href=\"http:\/\/lattes.cnpq.br\/6178029647051765\">lattes.cnpq.br\/6178029647051765<\/a><\/li>\n<\/ul>\n\n\n\n<p><strong>Profa. Dra. PRISCILA MARQUES KAI<\/strong><\/p>\n\n\n\n<ul class=\"wp-block-list\">\n<li>Disciplina(s): Introdu\u00e7\u00e3o \u00e0 Vis\u00e3o Computacional<\/li>\n\n\n\n<li>Curr\u00edculo Lattes: <a href=\"http:\/\/lattes.cnpq.br\/8210180026970752\" data-type=\"link\" data-id=\"http:\/\/lattes.cnpq.br\/8210180026970752\">lattes.cnpq.br\/8210180026970752<\/a><\/li>\n<\/ul>\n\n\n\n<p><strong>Prof. Dr. PEDRO HENRIQUE RAMOS CERQUEIRA<\/strong><\/p>\n\n\n\n<ul class=\"wp-block-list\">\n<li>Disciplina(s): Programa\u00e7\u00e3o em <em>R<\/em><\/li>\n\n\n\n<li>Curr\u00edculo Lattes: <a href=\"http:\/\/lattes.cnpq.br\/9349420436778271\">lattes.cnpq.br\/9349420436778271<\/a><\/li>\n<\/ul>\n\n\n\n<p><br><strong>Prof. Dr. RODOLFO MIRANDA DE BARROS<\/strong><\/p>\n\n\n\n<ul class=\"wp-block-list\">\n<li>Disciplina(s): Empreendedorismo e Inova\u00e7\u00e3o em TI<\/li>\n\n\n\n<li>Curr\u00edculo Lattes: <a href=\"http:\/\/lattes.cnpq.br\/5948037269019531\">lattes.cnpq.br\/5948037269019531<\/a><\/li>\n<\/ul>\n\n\n\n<p><strong>Prof. Dr. RAFAEL KUNST<\/strong><\/p>\n\n\n\n<ul class=\"wp-block-list\">\n<li>Disciplina(s): Fundamentos em <em>BigData<\/em>, <em>Deep Learning<\/em><\/li>\n\n\n\n<li>Curr\u00edculo Lattes: <a href=\"https:\/\/lattes.cnpq.br\/1301443198267856\">lattes.cnpq.br\/1301443198267856<\/a><\/li>\n<\/ul>\n\n\n\n<div class=\"wp-block-columns is-layout-flex wp-container-core-columns-is-layout-9d6595d7 wp-block-columns-is-layout-flex\">\n<div class=\"wp-block-column is-layout-flow wp-block-column-is-layout-flow\"><\/div>\n<\/div>\n\n\n\n<p><\/p>\n","protected":false},"excerpt":{"rendered":"<p>Prof. EDISON ANTONIO SAHD FILHO Prof. Dr. JACQUES DU\u00cdLIO BRANCHER Profa. Dra. JULIANA PAULA FELIX Prof. Dr. MARCO CESAR PRADO SOARES Profa. Dra. PRISCILA MARQUES KAI Prof. Dr. PEDRO HENRIQUE RAMOS CERQUEIRA Prof. Dr. RODOLFO MIRANDA DE BARROS Prof. Dr. RAFAEL KUNST<\/p>\n","protected":false},"author":8,"featured_media":0,"parent":0,"menu_order":0,"comment_status":"closed","ping_status":"closed","template":"","meta":{"_acf_changed":false,"_themeisle_gutenberg_block_has_review":false,"footnotes":""},"class_list":["post-36","page","type-page","status-publish","hentry"],"acf":[],"_links":{"self":[{"href":"https:\/\/pos.uel.br\/bigdeep\/wp-json\/wp\/v2\/pages\/36","targetHints":{"allow":["GET"]}}],"collection":[{"href":"https:\/\/pos.uel.br\/bigdeep\/wp-json\/wp\/v2\/pages"}],"about":[{"href":"https:\/\/pos.uel.br\/bigdeep\/wp-json\/wp\/v2\/types\/page"}],"author":[{"embeddable":true,"href":"https:\/\/pos.uel.br\/bigdeep\/wp-json\/wp\/v2\/users\/8"}],"replies":[{"embeddable":true,"href":"https:\/\/pos.uel.br\/bigdeep\/wp-json\/wp\/v2\/comments?post=36"}],"version-history":[{"count":15,"href":"https:\/\/pos.uel.br\/bigdeep\/wp-json\/wp\/v2\/pages\/36\/revisions"}],"predecessor-version":[{"id":264,"href":"https:\/\/pos.uel.br\/bigdeep\/wp-json\/wp\/v2\/pages\/36\/revisions\/264"}],"wp:attachment":[{"href":"https:\/\/pos.uel.br\/bigdeep\/wp-json\/wp\/v2\/media?parent=36"}],"curies":[{"name":"wp","href":"https:\/\/api.w.org\/{rel}","templated":true}]}}