{"id":237,"date":"2025-07-11T11:05:30","date_gmt":"2025-07-11T14:05:30","guid":{"rendered":"https:\/\/pos.uel.br\/bigdeep\/?page_id=237"},"modified":"2026-02-11T17:10:20","modified_gmt":"2026-02-11T20:10:20","slug":"sobre-o-curso","status":"publish","type":"page","link":"https:\/\/pos.uel.br\/bigdeep\/sobre-o-curso\/","title":{"rendered":"Sobre o curso"},"content":{"rendered":"\n<p><strong>Investimento:<\/strong>&nbsp;18 parcelas de&nbsp;<mark>R$ 485,00<\/mark><\/p>\n\n\n\n<p><strong>Modalidade:<\/strong>&nbsp;remoto<\/p>\n\n\n\n<p><strong>Dura\u00e7\u00e3o:<\/strong>&nbsp;3 (tr\u00eas) per\u00edodos letivos<\/p>\n\n\n\n<p><strong>Carga hor\u00e1ria:<\/strong>&nbsp;390 horas<\/p>\n\n\n\n<p><strong>Modalidade das aulas:<\/strong>&nbsp;aulas te\u00f3ricas remotas s\u00edncronas<\/p>\n\n\n\n<p><strong>In\u00edcio do semestre letivo:<\/strong>\u00a016 de mar\u00e7o de 2026<\/p>\n\n\n\n<p><strong>N\u00famero de vagas:<\/strong>&nbsp;50 vagas<\/p>\n\n\n\n<h4 class=\"wp-block-heading\"><br><strong><a href=\"https:\/\/pos.uel.br\/bigdeep\/inscricao\/\">Inscreva-se<\/a><\/strong><\/h4>\n\n\n\n<p><strong>Entre em contato:<\/strong>&nbsp;<strong>spgcce@uel.br<\/strong><\/p>\n","protected":false},"excerpt":{"rendered":"<p>Investimento:&nbsp;18 parcelas de&nbsp;R$ 485,00 Modalidade:&nbsp;remoto Dura\u00e7\u00e3o:&nbsp;3 (tr\u00eas) per\u00edodos letivos Carga hor\u00e1ria:&nbsp;390 horas Modalidade das aulas:&nbsp;aulas te\u00f3ricas remotas s\u00edncronas In\u00edcio do semestre letivo:\u00a016 de mar\u00e7o de 2026 N\u00famero de vagas:&nbsp;50 vagas Inscreva-se Entre em contato:&nbsp;spgcce@uel.br<\/p>\n","protected":false},"author":7,"featured_media":0,"parent":0,"menu_order":0,"comment_status":"closed","ping_status":"closed","template":"","meta":{"_acf_changed":false,"_themeisle_gutenberg_block_has_review":false,"footnotes":""},"class_list":["post-237","page","type-page","status-publish","hentry"],"acf":[],"_links":{"self":[{"href":"https:\/\/pos.uel.br\/bigdeep\/wp-json\/wp\/v2\/pages\/237","targetHints":{"allow":["GET"]}}],"collection":[{"href":"https:\/\/pos.uel.br\/bigdeep\/wp-json\/wp\/v2\/pages"}],"about":[{"href":"https:\/\/pos.uel.br\/bigdeep\/wp-json\/wp\/v2\/types\/page"}],"author":[{"embeddable":true,"href":"https:\/\/pos.uel.br\/bigdeep\/wp-json\/wp\/v2\/users\/7"}],"replies":[{"embeddable":true,"href":"https:\/\/pos.uel.br\/bigdeep\/wp-json\/wp\/v2\/comments?post=237"}],"version-history":[{"count":6,"href":"https:\/\/pos.uel.br\/bigdeep\/wp-json\/wp\/v2\/pages\/237\/revisions"}],"predecessor-version":[{"id":277,"href":"https:\/\/pos.uel.br\/bigdeep\/wp-json\/wp\/v2\/pages\/237\/revisions\/277"}],"wp:attachment":[{"href":"https:\/\/pos.uel.br\/bigdeep\/wp-json\/wp\/v2\/media?parent=237"}],"curies":[{"name":"wp","href":"https:\/\/api.w.org\/{rel}","templated":true}]}}