{"id":228,"date":"2025-07-11T10:49:46","date_gmt":"2025-07-11T13:49:46","guid":{"rendered":"https:\/\/pos.uel.br\/bigdeep\/?page_id=228"},"modified":"2025-07-11T11:42:26","modified_gmt":"2025-07-11T14:42:26","slug":"localizacao","status":"publish","type":"page","link":"https:\/\/pos.uel.br\/bigdeep\/localizacao\/","title":{"rendered":"Localiza\u00e7\u00e3o"},"content":{"rendered":"\n<p>O Departamento de Computa\u00e7\u00e3o, faz parte do Centro de Ci\u00eancias Exatas (CCE):<\/p>\n\n\n\n<iframe src=\"https:\/\/www.google.com\/maps\/embed?pb=!1m18!1m12!1m3!1d3458.5772250127607!2d-51.20420112483419!3d-23.32640055300194!2m3!1f0!2f0!3f0!3m2!1i1024!2i768!4f13.1!3m3!1m2!1s0x94eb5c9fbda47459%3A0x6238131a3eb5480e!2sCCE%20-%20Centro%20de%20Ci%C3%AAncias%20Exatas!5e1!3m2!1spt-BR!2sbr!4v1752244905286!5m2!1spt-BR!2sbr\" width=\"1200\" height=\"600\" style=\"border:0;\" allowfullscreen=\"\" loading=\"lazy\" referrerpolicy=\"no-referrer-when-downgrade\"><\/iframe>\n","protected":false},"excerpt":{"rendered":"<p>O Departamento de Computa\u00e7\u00e3o, faz parte do Centro de Ci\u00eancias Exatas (CCE):<\/p>\n","protected":false},"author":7,"featured_media":0,"parent":0,"menu_order":0,"comment_status":"closed","ping_status":"closed","template":"","meta":{"_acf_changed":false,"_themeisle_gutenberg_block_has_review":false,"footnotes":""},"class_list":["post-228","page","type-page","status-publish","hentry"],"acf":[],"_links":{"self":[{"href":"https:\/\/pos.uel.br\/bigdeep\/wp-json\/wp\/v2\/pages\/228","targetHints":{"allow":["GET"]}}],"collection":[{"href":"https:\/\/pos.uel.br\/bigdeep\/wp-json\/wp\/v2\/pages"}],"about":[{"href":"https:\/\/pos.uel.br\/bigdeep\/wp-json\/wp\/v2\/types\/page"}],"author":[{"embeddable":true,"href":"https:\/\/pos.uel.br\/bigdeep\/wp-json\/wp\/v2\/users\/7"}],"replies":[{"embeddable":true,"href":"https:\/\/pos.uel.br\/bigdeep\/wp-json\/wp\/v2\/comments?post=228"}],"version-history":[{"count":3,"href":"https:\/\/pos.uel.br\/bigdeep\/wp-json\/wp\/v2\/pages\/228\/revisions"}],"predecessor-version":[{"id":247,"href":"https:\/\/pos.uel.br\/bigdeep\/wp-json\/wp\/v2\/pages\/228\/revisions\/247"}],"wp:attachment":[{"href":"https:\/\/pos.uel.br\/bigdeep\/wp-json\/wp\/v2\/media?parent=228"}],"curies":[{"name":"wp","href":"https:\/\/api.w.org\/{rel}","templated":true}]}}