{"id":226,"date":"2025-07-11T10:48:48","date_gmt":"2025-07-11T13:48:48","guid":{"rendered":"https:\/\/pos.uel.br\/bigdeep\/?page_id=226"},"modified":"2025-08-19T16:19:57","modified_gmt":"2025-08-19T19:19:57","slug":"links-uteis","status":"publish","type":"page","link":"https:\/\/pos.uel.br\/bigdeep\/links-uteis\/","title":{"rendered":"Links \u00dateis"},"content":{"rendered":"\n<ul class=\"wp-block-list\">\n<li><a href=\"https:\/\/sistemas.uel.br\/portaldepos\/index\">Portal do Estudante de P\u00f3s-Gradua\u00e7\u00e3o<\/a><\/li>\n\n\n\n<li><a href=\"https:\/\/sites.uel.br\/ati\/criaremail-alunos\/\">Cria\u00e7\u00e3o de e-mail para estudantes de P\u00f3s-Gradua\u00e7\u00e3o<\/a><\/li>\n\n\n\n<li><a href=\"https:\/\/sites.uel.br\/bibliotecas\/\">Bibliotecas UEL<\/a><\/li>\n\n\n\n<li><a href=\"https:\/\/sites.uel.br\/bibliotecas\/apostilas-para-normalizacao\/\">Normaliza\u00e7\u00e3o de Publica\u00e7\u00f5es<\/a><\/li>\n\n\n\n<li><a href=\"https:\/\/sites.uel.br\/ati\/microsoft-365-para-educacao\/\">Pacote Office 365 sem custo para estudantes<\/a><\/li>\n\n\n\n<li><a href=\"https:\/\/sites.uel.br\/proppg\/estagio-2\/\">Est\u00e1gio de P\u00f3s-Gradua\u00e7\u00e3o<\/a><\/li>\n\n\n\n<li><a href=\"https:\/\/sites.uel.br\/proppg\/\">PROPPG \u2013 Pr\u00f3-Reitoria de Pesquisa e P\u00f3s-Gradua\u00e7\u00e3o<\/a><\/li>\n<\/ul>\n\n\n\n<div id=\"wp-block-themeisle-blocks-accordion-d72c868d\" class=\"wp-block-themeisle-blocks-accordion exclusive\">\n<details class=\"wp-block-themeisle-blocks-accordion-item\"><summary class=\"wp-block-themeisle-blocks-accordion-item__title\"><div><strong>CONV\u00caNIOS<\/strong><br><strong>FAUEL &#8211; FUNDA\u00c7\u00c3O DE APOIO AO DESENVOLVIMENTO DA UEL<\/strong><\/div><\/summary><div class=\"wp-block-themeisle-blocks-accordion-item__content\">\n<p class=\"has-small-font-size\"><strong>CONTATO:<\/strong> Financeiro &#8211; Contas a Receber<\/p>\n\n\n\n<p class=\"has-small-font-size\"><strong>e-mails:&nbsp;contasareceber@fauel.org.br<\/strong><br><strong>boletos@fauel.org.br<\/strong><\/p>\n\n\n\n<p class=\"has-small-font-size\"><strong>SITE<\/strong>:&nbsp;<strong><a href=\"http:\/\/aluno.fauel.org.br\/\" target=\"_blank\" rel=\"noreferrer noopener\">http:\/\/aluno.fauel.org.br<\/a><\/strong><\/p>\n\n\n\n<p class=\"has-small-font-size\">Fone: (43) 3321-3262<br>Rua: Esp\u00edrito Santo, 1809<br>Centro &#8211; Londrina &#8211; Pr<br>CEP 86.020-420<\/p>\n\n\n\n<p><strong>Endere\u00e7o:<\/strong><small><br>FAUEL | Funda\u00e7\u00e3o de Apoio ao Desenvolvimento da Universidade Estadual de Londrina<br>Rua Esp\u00edrito Santo, 1809 | Centro<br>CEP 86020-420 | Londrina | Paran\u00e1<br><\/small><strong>Telefone:<\/strong><small>&nbsp;+55 (43) 3321-3262<br><a href=\"https:\/\/www.fauel.org.br\">www.fauel.org.br<\/a>&nbsp;|&nbsp;<strong>email:<\/strong>&nbsp;fauel@fauel.org.br<\/small><\/p>\n<\/div><\/details>\n<\/div>\n","protected":false},"excerpt":{"rendered":"","protected":false},"author":7,"featured_media":0,"parent":0,"menu_order":0,"comment_status":"closed","ping_status":"closed","template":"","meta":{"_acf_changed":false,"_themeisle_gutenberg_block_has_review":false,"footnotes":""},"class_list":["post-226","page","type-page","status-publish","hentry"],"acf":[],"_links":{"self":[{"href":"https:\/\/pos.uel.br\/bigdeep\/wp-json\/wp\/v2\/pages\/226","targetHints":{"allow":["GET"]}}],"collection":[{"href":"https:\/\/pos.uel.br\/bigdeep\/wp-json\/wp\/v2\/pages"}],"about":[{"href":"https:\/\/pos.uel.br\/bigdeep\/wp-json\/wp\/v2\/types\/page"}],"author":[{"embeddable":true,"href":"https:\/\/pos.uel.br\/bigdeep\/wp-json\/wp\/v2\/users\/7"}],"replies":[{"embeddable":true,"href":"https:\/\/pos.uel.br\/bigdeep\/wp-json\/wp\/v2\/comments?post=226"}],"version-history":[{"count":3,"href":"https:\/\/pos.uel.br\/bigdeep\/wp-json\/wp\/v2\/pages\/226\/revisions"}],"predecessor-version":[{"id":269,"href":"https:\/\/pos.uel.br\/bigdeep\/wp-json\/wp\/v2\/pages\/226\/revisions\/269"}],"wp:attachment":[{"href":"https:\/\/pos.uel.br\/bigdeep\/wp-json\/wp\/v2\/media?parent=226"}],"curies":[{"name":"wp","href":"https:\/\/api.w.org\/{rel}","templated":true}]}}